{"id":15399,"date":"2015-02-12T13:14:34","date_gmt":"2015-02-12T12:14:34","guid":{"rendered":"http:\/\/demo.qodeinteractive.com\/bridge63\/?page_id=15399"},"modified":"2019-05-17T10:09:15","modified_gmt":"2019-05-17T09:09:15","slug":"prestations","status":"publish","type":"page","link":"https:\/\/foks-lab.fr\/en\/prestations","title":{"rendered":"Services"},"content":{"rendered":"<section class=\"wpb-content-wrapper\"><div      class=\"vc_row wpb_row section vc_row-fluid  vc_custom_1486645636898 grid_section\" style=' padding-top:50px; padding-bottom:0px; text-align:left;'><div class=\"section_inner clearfix\"><div class='section_inner_margin clearfix'><div class=\"wpb_column vc_column_container vc_col-sm-6\"><div class=\"vc_column-inner\"><div class=\"wpb_wrapper\">\n\t<div class=\"wpb_text_column wpb_content_element\">\n\t\t<div class=\"wpb_wrapper\">\n\t\t\t<h3 style=\"text-align: center;\">Development<\/h3>\n\n\t\t<\/div> \n\t<\/div> <div class=\"separator  small center\" style=\"margin-top: 18px;margin-bottom: 24px;background-color: #d21151;height: 1px;width: 50px;\"><\/div>\n\n\t<div class=\"wpb_text_column wpb_content_element\">\n\t\t<div class=\"wpb_wrapper\">\n\t\t\t<p>Development of custom immersive applications taking into account your needs, your habits and your budget to create the best experience.<\/p>\n\n\t\t<\/div> \n\t<\/div> <div class=\"separator  transparent\" style=\"margin-top: 29px;margin-bottom: 0px;\"><\/div>\n<blockquote class='with_quote_icon' style=''><i class='fa fa-quote-right' style='color: #d21151;'><\/i><h5 class='blockquote-text' style='color: #d21151;'>FOKS lab accompanies you on all the stages of your project : needs analysis, complete development of the solution \/ functionnalities addition to an existing solution, documentation, delivery and on-site or remote install , training, maintenance<\/h5><\/blockquote><\/div><\/div><\/div><div class=\"wpb_column vc_column_container vc_col-sm-6\"><div class=\"vc_column-inner\"><div class=\"wpb_wrapper\">\n\t<div class=\"wpb_single_image wpb_content_element vc_align_left\">\n\t\t<div class=\"wpb_wrapper\">\n\t\t\t\n\t\t\t<div class=\"vc_single_image-wrapper   vc_box_border_grey\"><img fetchpriority=\"high\" decoding=\"async\" width=\"849\" height=\"566\" src=\"https:\/\/foks-lab.fr\/wp-content\/uploads\/2017\/02\/Fotolia_130399239_S.jpg\" class=\"vc_single_image-img attachment-full\" alt=\"\" title=\"bearded man using the virtual reality headset and two controllers\" srcset=\"https:\/\/foks-lab.fr\/wp-content\/uploads\/2017\/02\/Fotolia_130399239_S.jpg 849w, https:\/\/foks-lab.fr\/wp-content\/uploads\/2017\/02\/Fotolia_130399239_S-18x12.jpg 18w, https:\/\/foks-lab.fr\/wp-content\/uploads\/2017\/02\/Fotolia_130399239_S-300x200.jpg 300w, https:\/\/foks-lab.fr\/wp-content\/uploads\/2017\/02\/Fotolia_130399239_S-768x512.jpg 768w, https:\/\/foks-lab.fr\/wp-content\/uploads\/2017\/02\/Fotolia_130399239_S-700x467.jpg 700w\" sizes=\"(max-width: 849px) 100vw, 849px\" \/><\/div>\n\t\t<\/div>\n\t<\/div>\n<\/div><\/div><\/div><\/div><\/div><\/div><div      class=\"vc_row wpb_row section vc_row-fluid  vc_custom_1486658096512 grid_section\" style='background-image:url(https:\/\/foks-lab.fr\/wp-content\/uploads\/2015\/02\/footer-background.jpg); text-align:left;'><div class=\"section_inner clearfix\"><div class='section_inner_margin clearfix'><div class=\"wpb_column vc_column_container vc_col-sm-12\"><div class=\"vc_column-inner vc_custom_1486645777487\"><div class=\"wpb_wrapper\"><div class=\"separator  transparent\" style=\"\"><\/div>\n<div      class=\"vc_row wpb_row section vc_row-fluid vc_inner\" style=' text-align:left;'><div class=\"full_section_inner clearfix\"><div class=\"wpb_column vc_column_container vc_col-sm-6\"><div class=\"vc_column-inner\"><div class=\"wpb_wrapper\">\n\t<div class=\"wpb_text_column wpb_content_element\">\n\t\t<div class=\"wpb_wrapper\">\n\t\t\t<h3 style=\"text-align: center;\">Consultancy<\/h3>\n\n\t\t<\/div> \n\t<\/div> <div class=\"separator  small center\" style=\"margin-top: 18px;margin-bottom: 24px;background-color: #d21151;height: 1px;width: 50px;\"><\/div>\n\n\t<div class=\"wpb_text_column wpb_content_element\">\n\t\t<div class=\"wpb_wrapper\">\n\t\t\t<p><span style=\"color: #727272;\"><span style=\"color: #000000;\">To improve existing solutions or to imagine and create innovative solutions.<\/span> <\/span><\/p>\n\n\t\t<\/div> \n\t<\/div> <div class=\"separator  transparent\" style=\"margin-top: 29px;margin-bottom: 0px;\"><\/div>\n<blockquote class='with_quote_icon' style=''><i class='fa fa-quote-right' style='color: #d21151;'><\/i><h5 class='blockquote-text' style='color: #d21151;'>This service can take many forms :  from the simple writing of a report to the complete development of the solution identified in this report.<\/h5><\/blockquote><\/div><\/div><\/div><div class=\"wpb_column vc_column_container vc_col-sm-6\"><div class=\"vc_column-inner\"><div class=\"wpb_wrapper\">\n\t<div class=\"wpb_text_column wpb_content_element\">\n\t\t<div class=\"wpb_wrapper\">\n\t\t\t<h3 style=\"text-align: center;\">Training<\/h3>\n\n\t\t<\/div> \n\t<\/div> <div class=\"separator  small center\" style=\"margin-top: 18px;margin-bottom: 24px;background-color: #d21151;height: 1px;width: 50px;\"><\/div>\n\n\t<div class=\"wpb_text_column wpb_content_element\">\n\t\t<div class=\"wpb_wrapper\">\n\t\t\t<p><span style=\"color: #000000;\">Courses can be adapted to various knowledge levels, customizing the presentation fitting your needs &amp; skills.<\/span><\/p>\n<p>&nbsp;<\/p>\n<p><span style=\"color: #000000;\">Below are some of the possible trainings:<\/span><\/p>\n<ul>\n<li><span style=\"color: #000000;\">Introduction to the Virtual Reality and Augmented Reality fields.<\/span><\/li>\n<li><span style=\"color: #000000;\">Realtime 3D rendering application development<\/span><\/li>\n<li><span style=\"color: #000000;\">Immersive application development introducing stereoscopy, tracking and locomotion.<\/span><\/li>\n<li><span style=\"color: #000000;\">Shaders implementation to improve\/optimize the rendering<\/span><\/li>\n<li><span style=\"color: #000000;\">\u2026<\/span><\/li>\n<\/ul>\n\n\t\t<\/div> \n\t<\/div> <\/div><\/div><\/div><\/div><\/div><div class=\"separator  transparent\" style=\"\"><\/div>\n<\/div><\/div><\/div><\/div><\/div><\/div><div      class=\"vc_row wpb_row section vc_row-fluid  vc_custom_1486645734535 grid_section\" style=' padding-top:70px; padding-bottom:0px; text-align:left;'><div class=\"section_inner clearfix\"><div class='section_inner_margin clearfix'><div class=\"wpb_column vc_column_container vc_col-sm-6\"><div class=\"vc_column-inner\"><div class=\"wpb_wrapper\">\n\t<div class=\"wpb_single_image wpb_content_element vc_align_left\">\n\t\t<div class=\"wpb_wrapper\">\n\t\t\t\n\t\t\t<div class=\"vc_single_image-wrapper   vc_box_border_grey\"><img decoding=\"async\" width=\"851\" height=\"564\" src=\"https:\/\/foks-lab.fr\/wp-content\/uploads\/2017\/02\/Fotolia_126740649_S.jpg\" class=\"vc_single_image-img attachment-full\" alt=\"\" title=\"Child with virtual reality goggles.\" srcset=\"https:\/\/foks-lab.fr\/wp-content\/uploads\/2017\/02\/Fotolia_126740649_S.jpg 851w, https:\/\/foks-lab.fr\/wp-content\/uploads\/2017\/02\/Fotolia_126740649_S-18x12.jpg 18w, https:\/\/foks-lab.fr\/wp-content\/uploads\/2017\/02\/Fotolia_126740649_S-300x199.jpg 300w, https:\/\/foks-lab.fr\/wp-content\/uploads\/2017\/02\/Fotolia_126740649_S-768x509.jpg 768w, https:\/\/foks-lab.fr\/wp-content\/uploads\/2017\/02\/Fotolia_126740649_S-700x464.jpg 700w\" sizes=\"(max-width: 851px) 100vw, 851px\" \/><\/div>\n\t\t<\/div>\n\t<\/div>\n<\/div><\/div><\/div><div class=\"wpb_column vc_column_container vc_col-sm-6\"><div class=\"vc_column-inner\"><div class=\"wpb_wrapper\">\n\t<div class=\"wpb_text_column wpb_content_element\">\n\t\t<div class=\"wpb_wrapper\">\n\t\t\t<h3 style=\"text-align: center;\">Events<\/h3>\n\n\t\t<\/div> \n\t<\/div> <div class=\"separator  small center\" style=\"margin-top: 18px;margin-bottom: 24px;background-color: #d21151;height: 1px;width: 50px;\"><\/div>\n\n\t<div class=\"wpb_text_column wpb_content_element\">\n\t\t<div class=\"wpb_wrapper\">\n\t\t\t<p>If you need an application and some VR\/AR demonstrations for a specific event\/exhibition we can develop and install an application on site fiting your needs.<\/p>\n\n\t\t<\/div> \n\t<\/div> <div class=\"separator  transparent\" style=\"margin-top: 20px;margin-bottom: 0px;\"><\/div>\n<blockquote class='with_quote_icon' style=''><i class='fa fa-quote-right' style='color: #d21151;'><\/i><h5 class='blockquote-text' style='color: #d21151;'>We take in charge the installation, the training, the technical support and we uninstall the demonstrations.<\/h5><\/blockquote><div class=\"separator  transparent\" style=\"margin-top: 40px;margin-bottom: 0px;\"><\/div>\n<\/div><\/div><\/div><\/div><\/div><\/div><div      class=\"vc_row wpb_row section vc_row-fluid\" style=' text-align:left;'><div class=\"full_section_inner clearfix\"><div class=\"wpb_column vc_column_container vc_col-sm-12\"><div class=\"vc_column-inner\"><div class=\"wpb_wrapper\"><div class=\"separator  transparent\" style=\"\"><\/div>\n<\/div><\/div><\/div><\/div><\/div>\n<\/section>","protected":false},"excerpt":{"rendered":"D\u00e9veloppement D\u00e9veloppement d\u2019applications immersives sur mesure prenant en compte vos besoins, vos habitudes et votre budget pour cr\u00e9er la meilleure...","protected":false},"author":1,"featured_media":0,"parent":0,"menu_order":0,"comment_status":"closed","ping_status":"closed","template":"full_width.php","meta":{"inline_featured_image":false,"footnotes":""},"class_list":["post-15399","page","type-page","status-publish","hentry"],"yoast_head":"<!-- This site is optimized with the Yoast SEO plugin v24.4 - https:\/\/yoast.com\/wordpress\/plugins\/seo\/ -->\n<title>FOKS lab - Cr\u00e9ateur d&#039;exp\u00e9riences immersives \/ Prestations<\/title>\n<meta name=\"description\" content=\"FOKS lab - Cr\u00e9ateur d&#039;exp\u00e9riences immersives. Faites appel \u00e0 nous pour vos projets en R\u00e9alit\u00e9 Virtuelle ou Augment\u00e9e...\" \/>\n<meta name=\"robots\" content=\"index, follow, max-snippet:-1, max-image-preview:large, max-video-preview:-1\" \/>\n<link rel=\"canonical\" href=\"https:\/\/foks-lab.fr\/en\/prestations\/\" \/>\n<meta property=\"og:locale\" content=\"en_US\" \/>\n<meta property=\"og:type\" content=\"article\" \/>\n<meta property=\"og:title\" content=\"FOKS lab - Cr\u00e9ateur d&#039;exp\u00e9riences immersives \/ Prestations\" \/>\n<meta property=\"og:description\" content=\"FOKS lab - Cr\u00e9ateur d&#039;exp\u00e9riences immersives. Faites appel \u00e0 nous pour vos projets en R\u00e9alit\u00e9 Virtuelle ou Augment\u00e9e...\" \/>\n<meta property=\"og:url\" content=\"https:\/\/foks-lab.fr\/en\/prestations\/\" \/>\n<meta property=\"og:site_name\" content=\"FOKS lab\" \/>\n<meta property=\"article:modified_time\" content=\"2019-05-17T09:09:15+00:00\" \/>\n<meta name=\"twitter:card\" content=\"summary_large_image\" \/>\n<meta name=\"twitter:label1\" content=\"Est. reading time\" \/>\n\t<meta name=\"twitter:data1\" content=\"3 minutes\" \/>\n<script type=\"application\/ld+json\" class=\"yoast-schema-graph\">{\"@context\":\"https:\/\/schema.org\",\"@graph\":[{\"@type\":\"WebPage\",\"@id\":\"https:\/\/foks-lab.fr\/prestations\",\"url\":\"https:\/\/foks-lab.fr\/prestations\",\"name\":\"FOKS lab - Cr\u00e9ateur d'exp\u00e9riences immersives \/ Prestations\",\"isPartOf\":{\"@id\":\"https:\/\/foks-lab.fr\/en\/#website\"},\"datePublished\":\"2015-02-12T12:14:34+00:00\",\"dateModified\":\"2019-05-17T09:09:15+00:00\",\"description\":\"FOKS lab - Cr\u00e9ateur d'exp\u00e9riences immersives. Faites appel \u00e0 nous pour vos projets en R\u00e9alit\u00e9 Virtuelle ou Augment\u00e9e...\",\"breadcrumb\":{\"@id\":\"https:\/\/foks-lab.fr\/prestations#breadcrumb\"},\"inLanguage\":\"en-US\",\"potentialAction\":[{\"@type\":\"ReadAction\",\"target\":[\"https:\/\/foks-lab.fr\/prestations\"]}]},{\"@type\":\"BreadcrumbList\",\"@id\":\"https:\/\/foks-lab.fr\/prestations#breadcrumb\",\"itemListElement\":[{\"@type\":\"ListItem\",\"position\":1,\"name\":\"Accueil\",\"item\":\"https:\/\/foks-lab.fr\/\"},{\"@type\":\"ListItem\",\"position\":2,\"name\":\"Prestations\"}]},{\"@type\":\"WebSite\",\"@id\":\"https:\/\/foks-lab.fr\/en\/#website\",\"url\":\"https:\/\/foks-lab.fr\/en\/\",\"name\":\"FOKS lab\",\"description\":\"Cr\u00e9ateur d&#039;exp\u00e9riences immersives, R\u00e9alit\u00e9 Virtuelle &amp; Augment\u00e9e\",\"publisher\":{\"@id\":\"https:\/\/foks-lab.fr\/en\/#organization\"},\"potentialAction\":[{\"@type\":\"SearchAction\",\"target\":{\"@type\":\"EntryPoint\",\"urlTemplate\":\"https:\/\/foks-lab.fr\/en\/?s={search_term_string}\"},\"query-input\":{\"@type\":\"PropertyValueSpecification\",\"valueRequired\":true,\"valueName\":\"search_term_string\"}}],\"inLanguage\":\"en-US\"},{\"@type\":\"Organization\",\"@id\":\"https:\/\/foks-lab.fr\/en\/#organization\",\"name\":\"FOKS lab\",\"url\":\"https:\/\/foks-lab.fr\/en\/\",\"logo\":{\"@type\":\"ImageObject\",\"inLanguage\":\"en-US\",\"@id\":\"https:\/\/foks-lab.fr\/en\/#\/schema\/logo\/image\/\",\"url\":\"https:\/\/foks-lab.fr\/wp-content\/uploads\/2017\/02\/LOGO_NOIR_H51.png\",\"contentUrl\":\"https:\/\/foks-lab.fr\/wp-content\/uploads\/2017\/02\/LOGO_NOIR_H51.png\",\"width\":157,\"height\":51,\"caption\":\"FOKS lab\"},\"image\":{\"@id\":\"https:\/\/foks-lab.fr\/en\/#\/schema\/logo\/image\/\"},\"sameAs\":[\"https:\/\/www.linkedin.com\/in\/marc-le-renard-523b22124\"]}]}<\/script>\n<!-- \/ Yoast SEO plugin. -->","yoast_head_json":{"title":"FOKS lab - Cr\u00e9ateur d'exp\u00e9riences immersives \/ Prestations","description":"FOKS lab - Cr\u00e9ateur d'exp\u00e9riences immersives. Faites appel \u00e0 nous pour vos projets en R\u00e9alit\u00e9 Virtuelle ou Augment\u00e9e...","robots":{"index":"index","follow":"follow","max-snippet":"max-snippet:-1","max-image-preview":"max-image-preview:large","max-video-preview":"max-video-preview:-1"},"canonical":"https:\/\/foks-lab.fr\/en\/prestations\/","og_locale":"en_US","og_type":"article","og_title":"FOKS lab - Cr\u00e9ateur d'exp\u00e9riences immersives \/ Prestations","og_description":"FOKS lab - Cr\u00e9ateur d'exp\u00e9riences immersives. Faites appel \u00e0 nous pour vos projets en R\u00e9alit\u00e9 Virtuelle ou Augment\u00e9e...","og_url":"https:\/\/foks-lab.fr\/en\/prestations\/","og_site_name":"FOKS lab","article_modified_time":"2019-05-17T09:09:15+00:00","twitter_card":"summary_large_image","twitter_misc":{"Est. reading time":"3 minutes"},"schema":{"@context":"https:\/\/schema.org","@graph":[{"@type":"WebPage","@id":"https:\/\/foks-lab.fr\/prestations","url":"https:\/\/foks-lab.fr\/prestations","name":"FOKS lab - Cr\u00e9ateur d'exp\u00e9riences immersives \/ Prestations","isPartOf":{"@id":"https:\/\/foks-lab.fr\/en\/#website"},"datePublished":"2015-02-12T12:14:34+00:00","dateModified":"2019-05-17T09:09:15+00:00","description":"FOKS lab - Cr\u00e9ateur d'exp\u00e9riences immersives. Faites appel \u00e0 nous pour vos projets en R\u00e9alit\u00e9 Virtuelle ou Augment\u00e9e...","breadcrumb":{"@id":"https:\/\/foks-lab.fr\/prestations#breadcrumb"},"inLanguage":"en-US","potentialAction":[{"@type":"ReadAction","target":["https:\/\/foks-lab.fr\/prestations"]}]},{"@type":"BreadcrumbList","@id":"https:\/\/foks-lab.fr\/prestations#breadcrumb","itemListElement":[{"@type":"ListItem","position":1,"name":"Accueil","item":"https:\/\/foks-lab.fr\/"},{"@type":"ListItem","position":2,"name":"Prestations"}]},{"@type":"WebSite","@id":"https:\/\/foks-lab.fr\/en\/#website","url":"https:\/\/foks-lab.fr\/en\/","name":"FOKS lab","description":"Cr\u00e9ateur d&#039;exp\u00e9riences immersives, R\u00e9alit\u00e9 Virtuelle &amp; Augment\u00e9e","publisher":{"@id":"https:\/\/foks-lab.fr\/en\/#organization"},"potentialAction":[{"@type":"SearchAction","target":{"@type":"EntryPoint","urlTemplate":"https:\/\/foks-lab.fr\/en\/?s={search_term_string}"},"query-input":{"@type":"PropertyValueSpecification","valueRequired":true,"valueName":"search_term_string"}}],"inLanguage":"en-US"},{"@type":"Organization","@id":"https:\/\/foks-lab.fr\/en\/#organization","name":"FOKS lab","url":"https:\/\/foks-lab.fr\/en\/","logo":{"@type":"ImageObject","inLanguage":"en-US","@id":"https:\/\/foks-lab.fr\/en\/#\/schema\/logo\/image\/","url":"https:\/\/foks-lab.fr\/wp-content\/uploads\/2017\/02\/LOGO_NOIR_H51.png","contentUrl":"https:\/\/foks-lab.fr\/wp-content\/uploads\/2017\/02\/LOGO_NOIR_H51.png","width":157,"height":51,"caption":"FOKS lab"},"image":{"@id":"https:\/\/foks-lab.fr\/en\/#\/schema\/logo\/image\/"},"sameAs":["https:\/\/www.linkedin.com\/in\/marc-le-renard-523b22124"]}]}},"_links":{"self":[{"href":"https:\/\/foks-lab.fr\/en\/wp-json\/wp\/v2\/pages\/15399","targetHints":{"allow":["GET"]}}],"collection":[{"href":"https:\/\/foks-lab.fr\/en\/wp-json\/wp\/v2\/pages"}],"about":[{"href":"https:\/\/foks-lab.fr\/en\/wp-json\/wp\/v2\/types\/page"}],"author":[{"embeddable":true,"href":"https:\/\/foks-lab.fr\/en\/wp-json\/wp\/v2\/users\/1"}],"replies":[{"embeddable":true,"href":"https:\/\/foks-lab.fr\/en\/wp-json\/wp\/v2\/comments?post=15399"}],"version-history":[{"count":44,"href":"https:\/\/foks-lab.fr\/en\/wp-json\/wp\/v2\/pages\/15399\/revisions"}],"predecessor-version":[{"id":16815,"href":"https:\/\/foks-lab.fr\/en\/wp-json\/wp\/v2\/pages\/15399\/revisions\/16815"}],"wp:attachment":[{"href":"https:\/\/foks-lab.fr\/en\/wp-json\/wp\/v2\/media?parent=15399"}],"curies":[{"name":"wp","href":"https:\/\/api.w.org\/{rel}","templated":true}]}}