{"id":16043,"date":"2017-10-04T15:27:51","date_gmt":"2017-10-04T14:27:51","guid":{"rendered":"http:\/\/foks-lab.fr\/?page_id=16043"},"modified":"2019-05-17T10:00:04","modified_gmt":"2019-05-17T09:00:04","slug":"omenbyhp","status":"publish","type":"page","link":"https:\/\/foks-lab.fr\/en\/omenbyhp","title":{"rendered":"Exp\u00e9rience virtuelle OMEN by HP"},"content":{"rendered":"<section class=\"wpb-content-wrapper\"><div      class=\"vc_row wpb_row section vc_row-fluid  vc_custom_1528533497961 grid_section\" style=' text-align:center;'><div class=\"section_inner clearfix\"><div class='section_inner_margin clearfix'><div class=\"wpb_column vc_column_container vc_col-sm-12\"><div class=\"vc_column-inner\"><div class=\"wpb_wrapper\"><div      class=\"vc_row wpb_row section vc_row-fluid vc_inner  vc_custom_1507128027294\" style=' text-align:center;'><div class=\"full_section_inner clearfix\"><div class=\"wpb_column vc_column_container vc_col-sm-4\"><div class=\"vc_column-inner\"><div class=\"wpb_wrapper\">\n\t<div class=\"wpb_single_image wpb_content_element vc_align_center  vc_custom_1528533582023\">\n\t\t<div class=\"wpb_wrapper\">\n\t\t\t\n\t\t\t<div class=\"vc_single_image-wrapper   vc_box_border_grey\"><img fetchpriority=\"high\" decoding=\"async\" width=\"300\" height=\"300\" src=\"https:\/\/foks-lab.fr\/wp-content\/uploads\/2017\/10\/portableOMEN-300x300.png\" class=\"vc_single_image-img attachment-medium\" alt=\"\" title=\"portableOMEN\" srcset=\"https:\/\/foks-lab.fr\/wp-content\/uploads\/2017\/10\/portableOMEN-300x300.png 300w, https:\/\/foks-lab.fr\/wp-content\/uploads\/2017\/10\/portableOMEN-12x12.png 12w, https:\/\/foks-lab.fr\/wp-content\/uploads\/2017\/10\/portableOMEN-150x150.png 150w, https:\/\/foks-lab.fr\/wp-content\/uploads\/2017\/10\/portableOMEN-570x570.png 570w, https:\/\/foks-lab.fr\/wp-content\/uploads\/2017\/10\/portableOMEN-500x500.png 500w, https:\/\/foks-lab.fr\/wp-content\/uploads\/2017\/10\/portableOMEN.png 638w\" sizes=\"(max-width: 300px) 100vw, 300px\" \/><\/div>\n\t\t<\/div>\n\t<\/div>\n<\/div><\/div><\/div><div class=\"wpb_column vc_column_container vc_col-sm-4\"><div class=\"vc_column-inner\"><div class=\"wpb_wrapper\">\n\t<div class=\"wpb_single_image wpb_content_element vc_align_center  vc_custom_1528533480038\">\n\t\t<div class=\"wpb_wrapper\">\n\t\t\t\n\t\t\t<div class=\"vc_single_image-wrapper   vc_box_border_grey\"><img decoding=\"async\" width=\"300\" height=\"300\" src=\"https:\/\/foks-lab.fr\/wp-content\/uploads\/2017\/10\/tourOMEN-300x300.png\" class=\"vc_single_image-img attachment-medium\" alt=\"\" title=\"tourOMEN\" srcset=\"https:\/\/foks-lab.fr\/wp-content\/uploads\/2017\/10\/tourOMEN-300x300.png 300w, https:\/\/foks-lab.fr\/wp-content\/uploads\/2017\/10\/tourOMEN-12x12.png 12w, https:\/\/foks-lab.fr\/wp-content\/uploads\/2017\/10\/tourOMEN-150x150.png 150w, https:\/\/foks-lab.fr\/wp-content\/uploads\/2017\/10\/tourOMEN-570x570.png 570w, https:\/\/foks-lab.fr\/wp-content\/uploads\/2017\/10\/tourOMEN-500x500.png 500w, https:\/\/foks-lab.fr\/wp-content\/uploads\/2017\/10\/tourOMEN.png 638w\" sizes=\"(max-width: 300px) 100vw, 300px\" \/><\/div>\n\t\t<\/div>\n\t<\/div>\n<\/div><\/div><\/div><div class=\"wpb_column vc_column_container vc_col-sm-4\"><div class=\"vc_column-inner\"><div class=\"wpb_wrapper\">\n\t<div class=\"wpb_single_image wpb_content_element vc_align_center  vc_custom_1528533572241\">\n\t\t<div class=\"wpb_wrapper\">\n\t\t\t\n\t\t\t<div class=\"vc_single_image-wrapper   vc_box_border_grey\"><img decoding=\"async\" width=\"300\" height=\"300\" src=\"https:\/\/foks-lab.fr\/wp-content\/uploads\/2017\/10\/OMENX-300x300.png\" class=\"vc_single_image-img attachment-medium\" alt=\"\" title=\"OMENX\" srcset=\"https:\/\/foks-lab.fr\/wp-content\/uploads\/2017\/10\/OMENX-300x300.png 300w, https:\/\/foks-lab.fr\/wp-content\/uploads\/2017\/10\/OMENX-12x12.png 12w, https:\/\/foks-lab.fr\/wp-content\/uploads\/2017\/10\/OMENX-150x150.png 150w, https:\/\/foks-lab.fr\/wp-content\/uploads\/2017\/10\/OMENX-570x570.png 570w, https:\/\/foks-lab.fr\/wp-content\/uploads\/2017\/10\/OMENX-500x500.png 500w, https:\/\/foks-lab.fr\/wp-content\/uploads\/2017\/10\/OMENX.png 638w\" sizes=\"(max-width: 300px) 100vw, 300px\" \/><\/div>\n\t\t<\/div>\n\t<\/div>\n<\/div><\/div><\/div><\/div><\/div><div      class=\"vc_row wpb_row section vc_row-fluid vc_inner\" style=' padding-top:66px; padding-bottom:50px; text-align:left;'><div class=\"full_section_inner clearfix\"><div class=\"wpb_column vc_column_container vc_col-sm-6\"><div class=\"vc_column-inner vc_custom_1528533431016\"><div class=\"wpb_wrapper\">\n\t<div class=\"wpb_text_column wpb_content_element\">\n\t\t<div class=\"wpb_wrapper\">\n\t\t\t<p><strong>Development of a set of 4 scenes containing different interaction mechanisms to showcase HP products.<\/strong><\/p>\n<p>Cette exp\u00e9rience virtuelle a \u00e9t\u00e9 pr\u00e9sent\u00e9e dans des magasins Boulanger dans la r\u00e9gion parisienne en fin d&rsquo;ann\u00e9e 2017 et utilisait une machine OMEN by HP coupl\u00e9e \u00e0 un casque de R\u00e9alit\u00e9 Virtuelle HTC Vive. Les diff\u00e9rents challenges propos\u00e9s sont de difficult\u00e9 croissante et d\u00e9montre les diff\u00e9rentes possibilit\u00e9s de la R\u00e9alit\u00e9 Virtuelle : manipulation d&rsquo;objets \u00e0 distance, d\u00e9tection de gestes, jeu de tir \u00e0 la premi\u00e8re personne (FPS), &#8230; L&rsquo;aspect jeu a \u00e9t\u00e9 renforc\u00e9 en ajoutant un d\u00e9compte des scores des pr\u00e9c\u00e9dents joueurs pour pousser l&rsquo;utilisateur \u00e0 s&rsquo;investir au maximum dans l&rsquo;exp\u00e9rience.<\/p>\n\n\t\t<\/div> \n\t<\/div> <\/div><\/div><\/div><div class=\"wpb_column vc_column_container vc_col-sm-6\"><div class=\"vc_column-inner vc_custom_1528533437661\"><div class=\"wpb_wrapper\">\n\t<div class=\"wpb_single_image wpb_content_element vc_align_center\">\n\t\t<div class=\"wpb_wrapper\">\n\t\t\t\n\t\t\t<div class=\"vc_single_image-wrapper   vc_box_border_grey\"><img loading=\"lazy\" decoding=\"async\" width=\"800\" height=\"233\" src=\"https:\/\/foks-lab.fr\/wp-content\/uploads\/2017\/10\/HP_OMEN.png\" class=\"vc_single_image-img attachment-full\" alt=\"\" title=\"HP_OMEN\" srcset=\"https:\/\/foks-lab.fr\/wp-content\/uploads\/2017\/10\/HP_OMEN.png 800w, https:\/\/foks-lab.fr\/wp-content\/uploads\/2017\/10\/HP_OMEN-18x5.png 18w, https:\/\/foks-lab.fr\/wp-content\/uploads\/2017\/10\/HP_OMEN-300x87.png 300w, https:\/\/foks-lab.fr\/wp-content\/uploads\/2017\/10\/HP_OMEN-768x224.png 768w, https:\/\/foks-lab.fr\/wp-content\/uploads\/2017\/10\/HP_OMEN-700x204.png 700w\" sizes=\"(max-width: 800px) 100vw, 800px\" \/><\/div>\n\t\t<\/div>\n\t<\/div>\n\n\t<div class=\"wpb_text_column wpb_content_element\">\n\t\t<div class=\"wpb_wrapper\">\n\t\t\t<p>HP, a computer hardware manufacturer (computers, printers, ...) has created the OMEN family of computers to meet performance needs, especially when developing or using Virtual Reality (VR) applications. The OMEN computers are configured and tested to provide enough processing power to create optimal VR performance (framerate at 90Hz) with headsets such as HTC Vive or Oculus Rift.<\/p>\n\n\t\t<\/div> \n\t<\/div> <\/div><\/div><\/div><\/div><\/div><\/div><\/div><\/div><\/div><\/div><\/div><section      data-speed=\"1\" class=\"parallax_section_holder\" style = \" height:px; background-image:url('https:\/\/foks-lab.fr\/wp-content\/uploads\/2017\/10\/Parallax2.jpg');\"><div class=\"parallax_content left\"><div class='parallax_section_inner_margin clearfix'><div class=\"wpb_column vc_column_container vc_col-sm-12\"><div class=\"vc_column-inner\"><div class=\"wpb_wrapper\">\n\t<div class=\"wpb_text_column wpb_content_element  vc_custom_1507130243630\">\n\t\t<div class=\"wpb_wrapper\">\n\t\t\t<h3 style=\"text-align: center;\">Become a wizard and discover the OMEN by HP product range<\/h3>\n\n\t\t<\/div> \n\t<\/div> <div class=\"separator  small center\" style=\"margin-top: 18px;margin-bottom: 24px;background-color: #d21151;height: 1px;width: 50px;\"><\/div>\n<blockquote class='with_quote_icon' style='width: 40%%;'><i class='fa fa-quote-right' style='color: #d21151;'><\/i><h5 class='blockquote-text' style='color: #d21151;'>The application allows you to choose between 3 OMEN configurations: the laptop, the tower and the OMEN X tower (tower designed to be flexible with optimal ventilation). All of them are presented on pedestals. Each configuration provides access to a specific game. The player holds a magic wand in his hand. This will allow him to interact and cast spells.<\/h5><\/blockquote><div      class=\"vc_row wpb_row section vc_row-fluid vc_inner  vc_custom_1507128027294\" style=' text-align:center;'><div class=\"full_section_inner clearfix\"><div class=\"wpb_column vc_column_container vc_col-sm-4\"><div class=\"vc_column-inner\"><div class=\"wpb_wrapper\">\n\t<div class=\"wpb_text_column wpb_content_element  vc_custom_1507130128178\">\n\t\t<div class=\"wpb_wrapper\">\n\t\t\t<h4 style=\"text-align: center;\"><span style=\"color: #d21151;\">1 - Laptop OMEN<\/span><\/h4>\n\n\t\t<\/div> \n\t<\/div> \n\t<div class=\"wpb_single_image wpb_content_element vc_align_center  vc_custom_1507130152181\">\n\t\t<div class=\"wpb_wrapper\">\n\t\t\t\n\t\t\t<div class=\"vc_single_image-wrapper   vc_box_border_grey\"><img loading=\"lazy\" decoding=\"async\" width=\"638\" height=\"638\" src=\"https:\/\/foks-lab.fr\/wp-content\/uploads\/2017\/10\/xp1.png\" class=\"vc_single_image-img attachment-large\" alt=\"\" title=\"xp1\" srcset=\"https:\/\/foks-lab.fr\/wp-content\/uploads\/2017\/10\/xp1.png 638w, https:\/\/foks-lab.fr\/wp-content\/uploads\/2017\/10\/xp1-12x12.png 12w, https:\/\/foks-lab.fr\/wp-content\/uploads\/2017\/10\/xp1-150x150.png 150w, https:\/\/foks-lab.fr\/wp-content\/uploads\/2017\/10\/xp1-300x300.png 300w, https:\/\/foks-lab.fr\/wp-content\/uploads\/2017\/10\/xp1-570x570.png 570w, https:\/\/foks-lab.fr\/wp-content\/uploads\/2017\/10\/xp1-500x500.png 500w\" sizes=\"(max-width: 638px) 100vw, 638px\" \/><\/div>\n\t\t<\/div>\n\t<\/div>\n\n\t<div class=\"wpb_text_column wpb_content_element\">\n\t\t<div class=\"wpb_wrapper\">\n\t\t\t<p style=\"text-align: left;\"><span style=\"color: #333333;\">Cette exp\u00e9rience consiste \u00e0 faire usage de nos pouvoirs pour faire l\u00e9viter des \u00e9l\u00e9ments de la sc\u00e8ne et \u00e0 les d\u00e9placer sur une plateforme pour les faire dispara\u00eetre. Le temps est limit\u00e9 et les objets de plus en plus lourds. Le contr\u00f4leur g\u00e9n\u00e8re des vibrations de plus en plus fortes quand l&rsquo;utilisateur utilise le pouvoir en bougeant la baguette trop rapidement. Ces sensations permettent de mieux appr\u00e9hender le poids des objets.<br \/>\n<\/span><\/p>\n\n\t\t<\/div> \n\t<\/div> <div class=\"separator  transparent\" style=\"margin-top: 40px;margin-bottom: 0px;\"><\/div>\n<\/div><\/div><\/div><div class=\"wpb_column vc_column_container vc_col-sm-4\"><div class=\"vc_column-inner\"><div class=\"wpb_wrapper\">\n\t<div class=\"wpb_text_column wpb_content_element  vc_custom_1507130135728\">\n\t\t<div class=\"wpb_wrapper\">\n\t\t\t<h4 style=\"text-align: center;\"><span style=\"color: #d21151;\">2 - Desktop OMEN<\/span><\/h4>\n\n\t\t<\/div> \n\t<\/div> \n\t<div class=\"wpb_single_image wpb_content_element vc_align_center  vc_custom_1507130158384\">\n\t\t<div class=\"wpb_wrapper\">\n\t\t\t\n\t\t\t<div class=\"vc_single_image-wrapper   vc_box_border_grey\"><img loading=\"lazy\" decoding=\"async\" width=\"638\" height=\"638\" src=\"https:\/\/foks-lab.fr\/wp-content\/uploads\/2017\/10\/xp2.png\" class=\"vc_single_image-img attachment-large\" alt=\"\" title=\"xp2\" srcset=\"https:\/\/foks-lab.fr\/wp-content\/uploads\/2017\/10\/xp2.png 638w, https:\/\/foks-lab.fr\/wp-content\/uploads\/2017\/10\/xp2-12x12.png 12w, https:\/\/foks-lab.fr\/wp-content\/uploads\/2017\/10\/xp2-150x150.png 150w, https:\/\/foks-lab.fr\/wp-content\/uploads\/2017\/10\/xp2-300x300.png 300w, https:\/\/foks-lab.fr\/wp-content\/uploads\/2017\/10\/xp2-570x570.png 570w, https:\/\/foks-lab.fr\/wp-content\/uploads\/2017\/10\/xp2-500x500.png 500w\" sizes=\"(max-width: 638px) 100vw, 638px\" \/><\/div>\n\t\t<\/div>\n\t<\/div>\n\n\t<div class=\"wpb_text_column wpb_content_element\">\n\t\t<div class=\"wpb_wrapper\">\n\t\t\t<p style=\"text-align: left;\"><span style=\"color: #333333;\">Le jeu consiste \u00e0 reproduire 3 figures dans l\u2019espace afin d\u2019ouvrir un portail qui nous permettra de nous \u00e9chapper. Pendant le jeu, les murs de la pi\u00e8ce se rapprochent pour finir par nous \u00e9craser si les 3 figures ne sont pas r\u00e9alis\u00e9es dans le temps imparti. Le contr\u00f4leur vibre en fonction des mouvements de l&rsquo;utilisateur sur la forme g\u00e9om\u00e9trique, ce qui permet d&rsquo;avoir une meilleure immersion, les 3 sens (vue, ou\u00efe et toucher) \u00e9tant sollicit\u00e9s.<\/span><\/p>\n\n\t\t<\/div> \n\t<\/div> <div class=\"separator  transparent\" style=\"margin-top: 40px;margin-bottom: 0px;\"><\/div>\n<\/div><\/div><\/div><div class=\"wpb_column vc_column_container vc_col-sm-4\"><div class=\"vc_column-inner\"><div class=\"wpb_wrapper\">\n\t<div class=\"wpb_text_column wpb_content_element  vc_custom_1507130143521\">\n\t\t<div class=\"wpb_wrapper\">\n\t\t\t<h4 style=\"text-align: center;\"><span style=\"color: #d21151;\">3 - OMEN X<br \/>\n<\/span><\/h4>\n\n\t\t<\/div> \n\t<\/div> \n\t<div class=\"wpb_single_image wpb_content_element vc_align_center  vc_custom_1507130965120\">\n\t\t<div class=\"wpb_wrapper\">\n\t\t\t\n\t\t\t<div class=\"vc_single_image-wrapper   vc_box_border_grey\"><img loading=\"lazy\" decoding=\"async\" width=\"638\" height=\"638\" src=\"https:\/\/foks-lab.fr\/wp-content\/uploads\/2017\/10\/xp3.png\" class=\"vc_single_image-img attachment-large\" alt=\"\" title=\"xp3\" srcset=\"https:\/\/foks-lab.fr\/wp-content\/uploads\/2017\/10\/xp3.png 638w, https:\/\/foks-lab.fr\/wp-content\/uploads\/2017\/10\/xp3-12x12.png 12w, https:\/\/foks-lab.fr\/wp-content\/uploads\/2017\/10\/xp3-150x150.png 150w, https:\/\/foks-lab.fr\/wp-content\/uploads\/2017\/10\/xp3-300x300.png 300w, https:\/\/foks-lab.fr\/wp-content\/uploads\/2017\/10\/xp3-570x570.png 570w, https:\/\/foks-lab.fr\/wp-content\/uploads\/2017\/10\/xp3-500x500.png 500w\" sizes=\"(max-width: 638px) 100vw, 638px\" \/><\/div>\n\t\t<\/div>\n\t<\/div>\n\n\t<div class=\"wpb_text_column wpb_content_element\">\n\t\t<div class=\"wpb_wrapper\">\n\t\t\t<p style=\"text-align: left;\"><span style=\"color: #333333;\">This last experience is happening on levitating rocky platforms. The goal is to destroy all fireflies around us to prevent them from seizing the OMEN case. The rock platforms fall one after the other. If all fireflies have not been destroyed within 60 seconds we fall with the last platform. I hope you do not fear of heights !<br \/>\n<\/span><\/p>\n\n\t\t<\/div> \n\t<\/div> <div class=\"separator  transparent\" style=\"margin-top: 40px;margin-bottom: 0px;\"><\/div>\n<\/div><\/div><\/div><\/div><\/div><\/div><\/div><\/div><\/div><\/div><\/section><div      class=\"vc_row wpb_row section vc_row-fluid  vc_custom_1507131395652 grid_section\" style=' text-align:left;'><div class=\"section_inner clearfix\"><div class='section_inner_margin clearfix'><div class=\"wpb_column vc_column_container vc_col-sm-12\"><div class=\"vc_column-inner\"><div class=\"wpb_wrapper\">\n\t<div class=\"wpb_text_column wpb_content_element  vc_custom_1507131014856\">\n\t\t<div class=\"wpb_wrapper\">\n\t\t\t<h3 style=\"text-align: center;\">Co-production<\/h3>\n\n\t\t<\/div> \n\t<\/div> <div class=\"separator  small center\" style=\"margin-top: 18px;margin-bottom: 50px;background-color: #d21151;height: 1px;width: 50px;\"><\/div>\n<blockquote class='with_quote_icon' style='width: 40%%;'><i class='fa fa-quote-right' style='color: #d21151;'><\/i><h5 class='blockquote-text' style='color: #d21151;'>This virtual experience has been co-produced by UX Agency, Gimbal Cube and FOKS lab for HP.<\/h5><\/blockquote><div      class=\"vc_row wpb_row section vc_row-fluid vc_inner\" style=' text-align:left;'><div class=\"full_section_inner clearfix\"><div class=\"wpb_column vc_column_container vc_col-sm-6\"><div class=\"vc_column-inner\"><div class=\"wpb_wrapper\">\n\t<div class=\"wpb_text_column wpb_content_element  vc_custom_1507130288402\">\n\t\t<div class=\"wpb_wrapper\">\n\t\t\t<h4 style=\"text-align: center;\"><span style=\"color: #d21151;\">The UX Agency<\/span><\/h4>\n\n\t\t<\/div> \n\t<\/div> \n\t<div class=\"wpb_single_image wpb_content_element vc_align_center  vc_custom_1507130332157 qode_image_hover_darken\">\n\t\t<div class=\"wpb_wrapper\">\n\t\t\t\n\t\t\t<a href=\"http:\/\/www.the-ux-agency.com\" target=\"_blank\"><div class=\"vc_single_image-wrapper   vc_box_border_grey\"><img loading=\"lazy\" decoding=\"async\" width=\"300\" height=\"300\" src=\"https:\/\/foks-lab.fr\/wp-content\/uploads\/2017\/09\/UX_over-300x300.png\" class=\"vc_single_image-img attachment-medium\" alt=\"\" title=\"the UX agency\" srcset=\"https:\/\/foks-lab.fr\/wp-content\/uploads\/2017\/09\/UX_over-300x300.png 300w, https:\/\/foks-lab.fr\/wp-content\/uploads\/2017\/09\/UX_over-12x12.png 12w, https:\/\/foks-lab.fr\/wp-content\/uploads\/2017\/09\/UX_over-150x150.png 150w, https:\/\/foks-lab.fr\/wp-content\/uploads\/2017\/09\/UX_over-500x500.png 500w, https:\/\/foks-lab.fr\/wp-content\/uploads\/2017\/09\/UX_over.png 512w\" sizes=\"(max-width: 300px) 100vw, 300px\" \/><\/div><\/a>\n\t\t<\/div>\n\t<\/div>\n<\/div><\/div><\/div><div class=\"wpb_column vc_column_container vc_col-sm-6\"><div class=\"vc_column-inner\"><div class=\"wpb_wrapper\">\n\t<div class=\"wpb_text_column wpb_content_element  vc_custom_1507130293890\">\n\t\t<div class=\"wpb_wrapper\">\n\t\t\t<h4 style=\"text-align: center;\"><span style=\"color: #d21151;\">Gimbal Cube<\/span><\/h4>\n\n\t\t<\/div> \n\t<\/div> \n\t<div class=\"wpb_single_image wpb_content_element vc_align_center  vc_custom_1507130336871 qode_image_hover_darken\">\n\t\t<div class=\"wpb_wrapper\">\n\t\t\t\n\t\t\t<a href=\"http:\/\/www.gimbalcube.com\" target=\"_blank\"><div class=\"vc_single_image-wrapper   vc_box_border_grey\"><img loading=\"lazy\" decoding=\"async\" width=\"300\" height=\"300\" src=\"https:\/\/foks-lab.fr\/wp-content\/uploads\/2017\/09\/GC_over-300x300.png\" class=\"vc_single_image-img attachment-medium\" alt=\"\" title=\"Gimbal cube\" srcset=\"https:\/\/foks-lab.fr\/wp-content\/uploads\/2017\/09\/GC_over-300x300.png 300w, https:\/\/foks-lab.fr\/wp-content\/uploads\/2017\/09\/GC_over-12x12.png 12w, https:\/\/foks-lab.fr\/wp-content\/uploads\/2017\/09\/GC_over-150x150.png 150w, https:\/\/foks-lab.fr\/wp-content\/uploads\/2017\/09\/GC_over-500x500.png 500w, https:\/\/foks-lab.fr\/wp-content\/uploads\/2017\/09\/GC_over.png 512w\" sizes=\"(max-width: 300px) 100vw, 300px\" \/><\/div><\/a>\n\t\t<\/div>\n\t<\/div>\n<\/div><\/div><\/div><\/div><\/div><\/div><\/div><\/div><\/div><\/div><\/div>\n<\/section>","protected":false},"excerpt":{"rendered":"D\u00e9veloppement d\u2019un ensemble de 4 sc\u00e8nes contenant des m\u00e9canismes d\u2019interactions diff\u00e9rents pour mettre en valeur des produits HP. Cette exp\u00e9rience...","protected":false},"author":1,"featured_media":0,"parent":0,"menu_order":0,"comment_status":"closed","ping_status":"closed","template":"full_width.php","meta":{"inline_featured_image":false,"footnotes":""},"class_list":["post-16043","page","type-page","status-publish","hentry"],"yoast_head":"<!-- This site is optimized with the Yoast SEO plugin v24.4 - https:\/\/yoast.com\/wordpress\/plugins\/seo\/ -->\n<title>Projet OMEN by HP. D\u00e9couvrez OMEN gr\u00e2ce \u00e0 la R\u00e9alit\u00e9 Virtuelle.<\/title>\n<meta name=\"description\" content=\"FOKS lab a d\u00e9velopp\u00e9 en co-production avec the UX agency &amp; Gimbal Cube une application dans un casque HTC Vive pour pr\u00e9senter la gamme OMEN by HP.\" \/>\n<meta name=\"robots\" content=\"index, follow, max-snippet:-1, max-image-preview:large, max-video-preview:-1\" \/>\n<link rel=\"canonical\" href=\"https:\/\/foks-lab.fr\/en\/omenbyhp\" \/>\n<meta property=\"og:locale\" content=\"en_US\" \/>\n<meta property=\"og:type\" content=\"article\" \/>\n<meta property=\"og:title\" content=\"Projet OMEN by HP. D\u00e9couvrez OMEN gr\u00e2ce \u00e0 la R\u00e9alit\u00e9 Virtuelle.\" \/>\n<meta property=\"og:description\" content=\"FOKS lab a d\u00e9velopp\u00e9 en co-production avec the UX agency &amp; Gimbal Cube une application dans un casque HTC Vive pour pr\u00e9senter la gamme OMEN by HP.\" \/>\n<meta property=\"og:url\" content=\"https:\/\/foks-lab.fr\/en\/omenbyhp\" \/>\n<meta property=\"og:site_name\" content=\"FOKS lab\" \/>\n<meta property=\"article:modified_time\" content=\"2019-05-17T09:00:04+00:00\" \/>\n<meta name=\"twitter:card\" content=\"summary_large_image\" \/>\n<meta name=\"twitter:label1\" content=\"Est. reading time\" \/>\n\t<meta name=\"twitter:data1\" content=\"6 minutes\" \/>\n<script type=\"application\/ld+json\" class=\"yoast-schema-graph\">{\"@context\":\"https:\/\/schema.org\",\"@graph\":[{\"@type\":\"WebPage\",\"@id\":\"https:\/\/foks-lab.fr\/en\/omenbyhp\",\"url\":\"https:\/\/foks-lab.fr\/en\/omenbyhp\",\"name\":\"Projet OMEN by HP. D\u00e9couvrez OMEN gr\u00e2ce \u00e0 la R\u00e9alit\u00e9 Virtuelle.\",\"isPartOf\":{\"@id\":\"https:\/\/foks-lab.fr\/en\/#website\"},\"datePublished\":\"2017-10-04T14:27:51+00:00\",\"dateModified\":\"2019-05-17T09:00:04+00:00\",\"description\":\"FOKS lab a d\u00e9velopp\u00e9 en co-production avec the UX agency & Gimbal Cube une application dans un casque HTC Vive pour pr\u00e9senter la gamme OMEN by HP.\",\"breadcrumb\":{\"@id\":\"https:\/\/foks-lab.fr\/en\/omenbyhp#breadcrumb\"},\"inLanguage\":\"en-US\",\"potentialAction\":[{\"@type\":\"ReadAction\",\"target\":[\"https:\/\/foks-lab.fr\/en\/omenbyhp\"]}]},{\"@type\":\"BreadcrumbList\",\"@id\":\"https:\/\/foks-lab.fr\/en\/omenbyhp#breadcrumb\",\"itemListElement\":[{\"@type\":\"ListItem\",\"position\":1,\"name\":\"Accueil\",\"item\":\"https:\/\/foks-lab.fr\/\"},{\"@type\":\"ListItem\",\"position\":2,\"name\":\"Exp\u00e9rience virtuelle OMEN by HP\"}]},{\"@type\":\"WebSite\",\"@id\":\"https:\/\/foks-lab.fr\/en\/#website\",\"url\":\"https:\/\/foks-lab.fr\/en\/\",\"name\":\"FOKS lab\",\"description\":\"Cr\u00e9ateur d&#039;exp\u00e9riences immersives, R\u00e9alit\u00e9 Virtuelle &amp; Augment\u00e9e\",\"publisher\":{\"@id\":\"https:\/\/foks-lab.fr\/en\/#organization\"},\"potentialAction\":[{\"@type\":\"SearchAction\",\"target\":{\"@type\":\"EntryPoint\",\"urlTemplate\":\"https:\/\/foks-lab.fr\/en\/?s={search_term_string}\"},\"query-input\":{\"@type\":\"PropertyValueSpecification\",\"valueRequired\":true,\"valueName\":\"search_term_string\"}}],\"inLanguage\":\"en-US\"},{\"@type\":\"Organization\",\"@id\":\"https:\/\/foks-lab.fr\/en\/#organization\",\"name\":\"FOKS lab\",\"url\":\"https:\/\/foks-lab.fr\/en\/\",\"logo\":{\"@type\":\"ImageObject\",\"inLanguage\":\"en-US\",\"@id\":\"https:\/\/foks-lab.fr\/en\/#\/schema\/logo\/image\/\",\"url\":\"https:\/\/foks-lab.fr\/wp-content\/uploads\/2017\/02\/LOGO_NOIR_H51.png\",\"contentUrl\":\"https:\/\/foks-lab.fr\/wp-content\/uploads\/2017\/02\/LOGO_NOIR_H51.png\",\"width\":157,\"height\":51,\"caption\":\"FOKS lab\"},\"image\":{\"@id\":\"https:\/\/foks-lab.fr\/en\/#\/schema\/logo\/image\/\"},\"sameAs\":[\"https:\/\/www.linkedin.com\/in\/marc-le-renard-523b22124\"]}]}<\/script>\n<!-- \/ Yoast SEO plugin. -->","yoast_head_json":{"title":"Projet OMEN by HP. D\u00e9couvrez OMEN gr\u00e2ce \u00e0 la R\u00e9alit\u00e9 Virtuelle.","description":"FOKS lab a d\u00e9velopp\u00e9 en co-production avec the UX agency & Gimbal Cube une application dans un casque HTC Vive pour pr\u00e9senter la gamme OMEN by HP.","robots":{"index":"index","follow":"follow","max-snippet":"max-snippet:-1","max-image-preview":"max-image-preview:large","max-video-preview":"max-video-preview:-1"},"canonical":"https:\/\/foks-lab.fr\/en\/omenbyhp","og_locale":"en_US","og_type":"article","og_title":"Projet OMEN by HP. D\u00e9couvrez OMEN gr\u00e2ce \u00e0 la R\u00e9alit\u00e9 Virtuelle.","og_description":"FOKS lab a d\u00e9velopp\u00e9 en co-production avec the UX agency & Gimbal Cube une application dans un casque HTC Vive pour pr\u00e9senter la gamme OMEN by HP.","og_url":"https:\/\/foks-lab.fr\/en\/omenbyhp","og_site_name":"FOKS lab","article_modified_time":"2019-05-17T09:00:04+00:00","twitter_card":"summary_large_image","twitter_misc":{"Est. reading time":"6 minutes"},"schema":{"@context":"https:\/\/schema.org","@graph":[{"@type":"WebPage","@id":"https:\/\/foks-lab.fr\/en\/omenbyhp","url":"https:\/\/foks-lab.fr\/en\/omenbyhp","name":"Projet OMEN by HP. D\u00e9couvrez OMEN gr\u00e2ce \u00e0 la R\u00e9alit\u00e9 Virtuelle.","isPartOf":{"@id":"https:\/\/foks-lab.fr\/en\/#website"},"datePublished":"2017-10-04T14:27:51+00:00","dateModified":"2019-05-17T09:00:04+00:00","description":"FOKS lab a d\u00e9velopp\u00e9 en co-production avec the UX agency & Gimbal Cube une application dans un casque HTC Vive pour pr\u00e9senter la gamme OMEN by HP.","breadcrumb":{"@id":"https:\/\/foks-lab.fr\/en\/omenbyhp#breadcrumb"},"inLanguage":"en-US","potentialAction":[{"@type":"ReadAction","target":["https:\/\/foks-lab.fr\/en\/omenbyhp"]}]},{"@type":"BreadcrumbList","@id":"https:\/\/foks-lab.fr\/en\/omenbyhp#breadcrumb","itemListElement":[{"@type":"ListItem","position":1,"name":"Accueil","item":"https:\/\/foks-lab.fr\/"},{"@type":"ListItem","position":2,"name":"Exp\u00e9rience virtuelle OMEN by HP"}]},{"@type":"WebSite","@id":"https:\/\/foks-lab.fr\/en\/#website","url":"https:\/\/foks-lab.fr\/en\/","name":"FOKS lab","description":"Cr\u00e9ateur d&#039;exp\u00e9riences immersives, R\u00e9alit\u00e9 Virtuelle &amp; Augment\u00e9e","publisher":{"@id":"https:\/\/foks-lab.fr\/en\/#organization"},"potentialAction":[{"@type":"SearchAction","target":{"@type":"EntryPoint","urlTemplate":"https:\/\/foks-lab.fr\/en\/?s={search_term_string}"},"query-input":{"@type":"PropertyValueSpecification","valueRequired":true,"valueName":"search_term_string"}}],"inLanguage":"en-US"},{"@type":"Organization","@id":"https:\/\/foks-lab.fr\/en\/#organization","name":"FOKS lab","url":"https:\/\/foks-lab.fr\/en\/","logo":{"@type":"ImageObject","inLanguage":"en-US","@id":"https:\/\/foks-lab.fr\/en\/#\/schema\/logo\/image\/","url":"https:\/\/foks-lab.fr\/wp-content\/uploads\/2017\/02\/LOGO_NOIR_H51.png","contentUrl":"https:\/\/foks-lab.fr\/wp-content\/uploads\/2017\/02\/LOGO_NOIR_H51.png","width":157,"height":51,"caption":"FOKS lab"},"image":{"@id":"https:\/\/foks-lab.fr\/en\/#\/schema\/logo\/image\/"},"sameAs":["https:\/\/www.linkedin.com\/in\/marc-le-renard-523b22124"]}]}},"_links":{"self":[{"href":"https:\/\/foks-lab.fr\/en\/wp-json\/wp\/v2\/pages\/16043","targetHints":{"allow":["GET"]}}],"collection":[{"href":"https:\/\/foks-lab.fr\/en\/wp-json\/wp\/v2\/pages"}],"about":[{"href":"https:\/\/foks-lab.fr\/en\/wp-json\/wp\/v2\/types\/page"}],"author":[{"embeddable":true,"href":"https:\/\/foks-lab.fr\/en\/wp-json\/wp\/v2\/users\/1"}],"replies":[{"embeddable":true,"href":"https:\/\/foks-lab.fr\/en\/wp-json\/wp\/v2\/comments?post=16043"}],"version-history":[{"count":34,"href":"https:\/\/foks-lab.fr\/en\/wp-json\/wp\/v2\/pages\/16043\/revisions"}],"predecessor-version":[{"id":16803,"href":"https:\/\/foks-lab.fr\/en\/wp-json\/wp\/v2\/pages\/16043\/revisions\/16803"}],"wp:attachment":[{"href":"https:\/\/foks-lab.fr\/en\/wp-json\/wp\/v2\/media?parent=16043"}],"curies":[{"name":"wp","href":"https:\/\/api.w.org\/{rel}","templated":true}]}}