{"id":16098,"date":"2017-10-06T08:54:32","date_gmt":"2017-10-06T07:54:32","guid":{"rendered":"http:\/\/foks-lab.fr\/?page_id=16098"},"modified":"2019-05-17T10:00:13","modified_gmt":"2019-05-17T09:00:13","slug":"expertise","status":"publish","type":"page","link":"https:\/\/foks-lab.fr\/en\/expertise","title":{"rendered":"Expertise &#038; d\u00e9veloppements"},"content":{"rendered":"<section class=\"wpb-content-wrapper\"><div      class=\"vc_row wpb_row section vc_row-fluid  grid_section\" style=' text-align:left;'><div class=\"section_inner clearfix\"><div class='section_inner_margin clearfix'><div class=\"wpb_column vc_column_container vc_col-sm-12\"><div class=\"vc_column-inner\"><div class=\"wpb_wrapper\">\n\t<div class=\"wpb_text_column wpb_content_element  vc_custom_1507274774549\">\n\t\t<div class=\"wpb_wrapper\">\n\t\t\t<h3 style=\"text-align: center;\">Expertise &amp; d\u00e9veloppements<\/h3>\n\n\t\t<\/div> \n\t<\/div> \n\t<div class=\"wpb_text_column wpb_content_element  vc_custom_1507274852303\">\n\t\t<div class=\"wpb_wrapper\">\n\t\t\t<p>Je propose mon expertise pour \u00e9tudier un probl\u00e8me, faire un \u00e9tat des lieux et proposer des solutions. Dans certains cas, l&rsquo;expertise est suivie d&rsquo;un d\u00e9veloppement de la solution envisag\u00e9e.<\/p>\n\n\t\t<\/div> \n\t<\/div> <\/div><\/div><\/div><\/div><\/div><\/div><section      data-speed=\"1\" class=\"parallax_section_holder\" style = \" height:px; background-image:url('https:\/\/foks-lab.fr\/wp-content\/uploads\/2017\/02\/AProposParallax2.jpg');\"><div class=\"parallax_content left\"><div class='parallax_section_inner_margin clearfix'><div class=\"wpb_column vc_column_container vc_col-sm-12\"><div class=\"vc_column-inner\"><div class=\"wpb_wrapper\">\n\t<div class=\"wpb_text_column wpb_content_element  vc_custom_1507274889769\">\n\t\t<div class=\"wpb_wrapper\">\n\t\t\t<h3 style=\"text-align: center;\">File formats conversion<\/h3>\n\n\t\t<\/div> \n\t<\/div> <div class=\"separator  small center\" style=\"margin-top: 18px;margin-bottom: 24px;background-color: #d21151;height: 1px;width: 50px;\"><\/div>\n<blockquote class='with_quote_icon' style='width: 40%%;'><i class='fa fa-quote-right' style='color: #d21151;'><\/i><h5 class='blockquote-text' style='color: #d21151;'>Current graphics cards are all optimized for displaying meshes. However, it is possible to describe 3D objects in different ways. When these objects are not defined in the form of a mesh, their description must be interpreted in order to transform them into usable data for rendering. CAD objects are often represented by a set of parametric surfaces (based on mathematical formulas). This representation is called B-Rep (Boundary Representation).<\/h5><\/blockquote><div class=\"separator  small center\" style=\"margin-top: 18px;margin-bottom: 24px;background-color: #d21151;height: 1px;width: 80%;\"><\/div>\n<div      class=\"vc_row wpb_row section vc_row-fluid vc_inner  vc_custom_1507197119720\" style=' text-align:left;'><div class=\"full_section_inner clearfix\"><div class=\"wpb_column vc_column_container vc_col-sm-4\"><div class=\"vc_column-inner\"><div class=\"wpb_wrapper\">\n\t<div class=\"wpb_text_column wpb_content_element  vc_custom_1507278055014\">\n\t\t<div class=\"wpb_wrapper\">\n\t\t\t<h4 style=\"text-align: center;\"><span style=\"color: #d21151;\">Expertise<br \/>\n<\/span><\/h4>\n\n\t\t<\/div> \n\t<\/div> \n\t<div class=\"wpb_text_column wpb_content_element\">\n\t\t<div class=\"wpb_wrapper\">\n\t\t\t<p><span style=\"color: #333333;\">Une API m&rsquo;a \u00e9t\u00e9 mise \u00e0 disposition. L&rsquo;API permettait de r\u00e9cup\u00e9rer une sc\u00e8ne CAO avec un formalisme B-rep. Une fois les bases pos\u00e9es pour le d\u00e9veloppement avec cette API (installation, mise en place de l&rsquo;environnement de d\u00e9veloppement, gestion des d\u00e9pendances, &#8230;),\u00a0 il a fallu identifier les outils disponibles pour exploiter les donn\u00e9es fournies. Le r\u00e9sultat des recherches a permis d&rsquo;identifier OpenCascade comme \u00e9tant l&rsquo;API la plus \u00e0 m\u00eame de r\u00e9pondre aux besoins du client. La mission d&rsquo;expertise s&rsquo;est ensuite transform\u00e9e en mission de d\u00e9veloppement pour r\u00e9aliser la conversion des surfaces B-rep en maillages.<\/span><\/p>\n\n\t\t<\/div> \n\t<\/div> <\/div><\/div><\/div><div class=\"wpb_column vc_column_container vc_col-sm-4\"><div class=\"vc_column-inner\"><div class=\"wpb_wrapper\">\n\t<div class=\"wpb_single_image wpb_content_element vc_align_left  vc_custom_1524479382730\">\n\t\t<div class=\"wpb_wrapper\">\n\t\t\t\n\t\t\t<div class=\"vc_single_image-wrapper   vc_box_border_grey\"><img fetchpriority=\"high\" decoding=\"async\" width=\"1024\" height=\"1022\" src=\"https:\/\/foks-lab.fr\/wp-content\/uploads\/2017\/10\/CAO-1024x1022.jpg\" class=\"vc_single_image-img attachment-large\" alt=\"\" title=\"CAO\" srcset=\"https:\/\/foks-lab.fr\/wp-content\/uploads\/2017\/10\/CAO-1024x1022.jpg 1024w, https:\/\/foks-lab.fr\/wp-content\/uploads\/2017\/10\/CAO-12x12.jpg 12w, https:\/\/foks-lab.fr\/wp-content\/uploads\/2017\/10\/CAO-650x650.jpg 650w, https:\/\/foks-lab.fr\/wp-content\/uploads\/2017\/10\/CAO-150x150.jpg 150w, https:\/\/foks-lab.fr\/wp-content\/uploads\/2017\/10\/CAO-300x300.jpg 300w, https:\/\/foks-lab.fr\/wp-content\/uploads\/2017\/10\/CAO-768x767.jpg 768w, https:\/\/foks-lab.fr\/wp-content\/uploads\/2017\/10\/CAO-1536x1534.jpg 1536w, https:\/\/foks-lab.fr\/wp-content\/uploads\/2017\/10\/CAO-570x570.jpg 570w, https:\/\/foks-lab.fr\/wp-content\/uploads\/2017\/10\/CAO-500x500.jpg 500w, https:\/\/foks-lab.fr\/wp-content\/uploads\/2017\/10\/CAO-700x699.jpg 700w, https:\/\/foks-lab.fr\/wp-content\/uploads\/2017\/10\/CAO.jpg 2000w\" sizes=\"(max-width: 1024px) 100vw, 1024px\" \/><\/div>\n\t\t<\/div>\n\t<\/div>\n<\/div><\/div><\/div><div class=\"wpb_column vc_column_container vc_col-sm-4\"><div class=\"vc_column-inner\"><div class=\"wpb_wrapper\">\n\t<div class=\"wpb_text_column wpb_content_element  vc_custom_1507276466130\">\n\t\t<div class=\"wpb_wrapper\">\n\t\t\t<h4 style=\"text-align: center;\"><span style=\"color: #d21151;\">B-Rep\/meshes conversion<br \/>\n<\/span><\/h4>\n\n\t\t<\/div> \n\t<\/div> \n\t<div class=\"wpb_text_column wpb_content_element\">\n\t\t<div class=\"wpb_wrapper\">\n\t\t\t<p><span style=\"color: #333333;\">Le format B-rep fourni avait un formalisme sp\u00e9cifique, il a donc fallu l&rsquo;adapter pour utiliser OpenCascade, la librairie Open-source la plus adapt\u00e9e au traitement de ce type de fichiers. Une fois la conversion en donn\u00e9es exploitables par OpenCascade une interface a \u00e9t\u00e9 cr\u00e9\u00e9e pour permettre de trianguler les objets \u00e0 la demande en donnant la possibilit\u00e9 de r\u00e9gler la qualit\u00e9 per\u00e7ue en jouant sur plusieurs param\u00e8tres.<\/span><\/p>\n\n\t\t<\/div> \n\t<\/div> <\/div><\/div><\/div><\/div><\/div><\/div><\/div><\/div><\/div><\/div><\/section><div      class=\"vc_row wpb_row section vc_row-fluid  vc_custom_1528451302604 grid_section\" style=' text-align:left;'><div class=\"section_inner clearfix\"><div class='section_inner_margin clearfix'><div class=\"wpb_column vc_column_container vc_col-sm-12\"><div class=\"vc_column-inner\"><div class=\"wpb_wrapper\"><blockquote class='with_quote_icon' style='width: 40%%;'><i class='fa fa-quote-right' style='color: #d21151;'><\/i><h5 class='blockquote-text' style='color: #d21151;'>I realized this mission at CLARTE's in Laval joining the development team on this internal project.<\/h5><\/blockquote><div      class=\"vc_row wpb_row section vc_row-fluid vc_inner\" style=' text-align:left;'><div class=\"full_section_inner clearfix\"><div class=\"wpb_column vc_column_container vc_col-sm-4\"><div class=\"vc_column-inner\"><div class=\"wpb_wrapper\"><\/div><\/div><\/div><div class=\"wpb_column vc_column_container vc_col-sm-4\"><div class=\"vc_column-inner\"><div class=\"wpb_wrapper\">\n\t<div class=\"wpb_text_column wpb_content_element  vc_custom_1507279827875\">\n\t\t<div class=\"wpb_wrapper\">\n\t\t\t<h4 style=\"text-align: center;\"><span style=\"color: #d21151;\">CLARTE<\/span><\/h4>\n\n\t\t<\/div> \n\t<\/div> \n\t<div class=\"wpb_single_image wpb_content_element vc_align_center  vc_custom_1507279844226 qode_image_hover_darken\">\n\t\t<div class=\"wpb_wrapper\">\n\t\t\t\n\t\t\t<a href=\"http:\/\/www.esiea.fr\" target=\"_blank\"><div class=\"vc_single_image-wrapper   vc_box_border_grey\"><img decoding=\"async\" width=\"300\" height=\"300\" src=\"https:\/\/foks-lab.fr\/wp-content\/uploads\/2017\/09\/CLARTE_over-300x300.png\" class=\"vc_single_image-img attachment-medium\" alt=\"\" title=\"CLARTE_over\" srcset=\"https:\/\/foks-lab.fr\/wp-content\/uploads\/2017\/09\/CLARTE_over-300x300.png 300w, https:\/\/foks-lab.fr\/wp-content\/uploads\/2017\/09\/CLARTE_over-150x150.png 150w, https:\/\/foks-lab.fr\/wp-content\/uploads\/2017\/09\/CLARTE_over-12x12.png 12w, https:\/\/foks-lab.fr\/wp-content\/uploads\/2017\/09\/CLARTE_over-500x500.png 500w, https:\/\/foks-lab.fr\/wp-content\/uploads\/2017\/09\/CLARTE_over.png 512w\" sizes=\"(max-width: 300px) 100vw, 300px\" \/><\/div><\/a>\n\t\t<\/div>\n\t<\/div>\n\n\t<div class=\"wpb_text_column wpb_content_element\">\n\t\t<div class=\"wpb_wrapper\">\n\t\t\t<p>Founded in 1996, CLARTE is a <strong>technology resource center<\/strong> specialized in Virtual Reality, Augmented Reality and emerging technologies. Their fields of activity cover consulting, research, studies and technology transfer.<\/p>\n\n\t\t<\/div> \n\t<\/div> <\/div><\/div><\/div><div class=\"wpb_column vc_column_container vc_col-sm-4\"><div class=\"vc_column-inner\"><div class=\"wpb_wrapper\"><\/div><\/div><\/div><\/div><\/div><\/div><\/div><\/div><\/div><\/div><\/div>\n<\/section>","protected":false},"excerpt":{"rendered":"Expertise &amp; d\u00e9veloppements Je propose mon expertise pour \u00e9tudier un probl\u00e8me, faire un \u00e9tat des lieux et proposer des solutions....","protected":false},"author":1,"featured_media":0,"parent":0,"menu_order":0,"comment_status":"closed","ping_status":"closed","template":"full_width.php","meta":{"inline_featured_image":false,"footnotes":""},"class_list":["post-16098","page","type-page","status-publish","hentry"],"yoast_head":"<!-- This site is optimized with the Yoast SEO plugin v24.4 - https:\/\/yoast.com\/wordpress\/plugins\/seo\/ -->\n<title>Expertise &amp; D\u00e9veloppement<\/title>\n<meta name=\"description\" content=\"FOKS lab propose ses services pour du conseil, de l&#039;expertise et du d\u00e9veloppement dans le domaine de la R\u00e9alit\u00e9 Virtuelle.\" \/>\n<meta name=\"robots\" content=\"index, follow, max-snippet:-1, max-image-preview:large, max-video-preview:-1\" \/>\n<link rel=\"canonical\" href=\"https:\/\/foks-lab.fr\/en\/expertise\/\" \/>\n<meta property=\"og:locale\" content=\"en_US\" \/>\n<meta property=\"og:type\" content=\"article\" \/>\n<meta property=\"og:title\" content=\"Expertise &amp; D\u00e9veloppement\" \/>\n<meta property=\"og:description\" content=\"FOKS lab propose ses services pour du conseil, de l&#039;expertise et du d\u00e9veloppement dans le domaine de la R\u00e9alit\u00e9 Virtuelle.\" \/>\n<meta property=\"og:url\" content=\"https:\/\/foks-lab.fr\/en\/expertise\/\" \/>\n<meta property=\"og:site_name\" content=\"FOKS lab\" \/>\n<meta property=\"article:modified_time\" content=\"2019-05-17T09:00:13+00:00\" \/>\n<meta name=\"twitter:card\" content=\"summary_large_image\" \/>\n<meta name=\"twitter:label1\" content=\"Est. reading time\" \/>\n\t<meta name=\"twitter:data1\" content=\"4 minutes\" \/>\n<script type=\"application\/ld+json\" class=\"yoast-schema-graph\">{\"@context\":\"https:\/\/schema.org\",\"@graph\":[{\"@type\":\"WebPage\",\"@id\":\"https:\/\/foks-lab.fr\/expertise\",\"url\":\"https:\/\/foks-lab.fr\/expertise\",\"name\":\"Expertise & D\u00e9veloppement\",\"isPartOf\":{\"@id\":\"https:\/\/foks-lab.fr\/en\/#website\"},\"datePublished\":\"2017-10-06T07:54:32+00:00\",\"dateModified\":\"2019-05-17T09:00:13+00:00\",\"description\":\"FOKS lab propose ses services pour du conseil, de l'expertise et du d\u00e9veloppement dans le domaine de la R\u00e9alit\u00e9 Virtuelle.\",\"breadcrumb\":{\"@id\":\"https:\/\/foks-lab.fr\/expertise#breadcrumb\"},\"inLanguage\":\"en-US\",\"potentialAction\":[{\"@type\":\"ReadAction\",\"target\":[\"https:\/\/foks-lab.fr\/expertise\"]}]},{\"@type\":\"BreadcrumbList\",\"@id\":\"https:\/\/foks-lab.fr\/expertise#breadcrumb\",\"itemListElement\":[{\"@type\":\"ListItem\",\"position\":1,\"name\":\"Accueil\",\"item\":\"https:\/\/foks-lab.fr\/\"},{\"@type\":\"ListItem\",\"position\":2,\"name\":\"Expertise &#038; d\u00e9veloppements\"}]},{\"@type\":\"WebSite\",\"@id\":\"https:\/\/foks-lab.fr\/en\/#website\",\"url\":\"https:\/\/foks-lab.fr\/en\/\",\"name\":\"FOKS lab\",\"description\":\"Cr\u00e9ateur d&#039;exp\u00e9riences immersives, R\u00e9alit\u00e9 Virtuelle &amp; Augment\u00e9e\",\"publisher\":{\"@id\":\"https:\/\/foks-lab.fr\/en\/#organization\"},\"potentialAction\":[{\"@type\":\"SearchAction\",\"target\":{\"@type\":\"EntryPoint\",\"urlTemplate\":\"https:\/\/foks-lab.fr\/en\/?s={search_term_string}\"},\"query-input\":{\"@type\":\"PropertyValueSpecification\",\"valueRequired\":true,\"valueName\":\"search_term_string\"}}],\"inLanguage\":\"en-US\"},{\"@type\":\"Organization\",\"@id\":\"https:\/\/foks-lab.fr\/en\/#organization\",\"name\":\"FOKS lab\",\"url\":\"https:\/\/foks-lab.fr\/en\/\",\"logo\":{\"@type\":\"ImageObject\",\"inLanguage\":\"en-US\",\"@id\":\"https:\/\/foks-lab.fr\/en\/#\/schema\/logo\/image\/\",\"url\":\"https:\/\/foks-lab.fr\/wp-content\/uploads\/2017\/02\/LOGO_NOIR_H51.png\",\"contentUrl\":\"https:\/\/foks-lab.fr\/wp-content\/uploads\/2017\/02\/LOGO_NOIR_H51.png\",\"width\":157,\"height\":51,\"caption\":\"FOKS lab\"},\"image\":{\"@id\":\"https:\/\/foks-lab.fr\/en\/#\/schema\/logo\/image\/\"},\"sameAs\":[\"https:\/\/www.linkedin.com\/in\/marc-le-renard-523b22124\"]}]}<\/script>\n<!-- \/ Yoast SEO plugin. -->","yoast_head_json":{"title":"Expertise & D\u00e9veloppement","description":"FOKS lab propose ses services pour du conseil, de l'expertise et du d\u00e9veloppement dans le domaine de la R\u00e9alit\u00e9 Virtuelle.","robots":{"index":"index","follow":"follow","max-snippet":"max-snippet:-1","max-image-preview":"max-image-preview:large","max-video-preview":"max-video-preview:-1"},"canonical":"https:\/\/foks-lab.fr\/en\/expertise\/","og_locale":"en_US","og_type":"article","og_title":"Expertise & D\u00e9veloppement","og_description":"FOKS lab propose ses services pour du conseil, de l'expertise et du d\u00e9veloppement dans le domaine de la R\u00e9alit\u00e9 Virtuelle.","og_url":"https:\/\/foks-lab.fr\/en\/expertise\/","og_site_name":"FOKS lab","article_modified_time":"2019-05-17T09:00:13+00:00","twitter_card":"summary_large_image","twitter_misc":{"Est. reading time":"4 minutes"},"schema":{"@context":"https:\/\/schema.org","@graph":[{"@type":"WebPage","@id":"https:\/\/foks-lab.fr\/expertise","url":"https:\/\/foks-lab.fr\/expertise","name":"Expertise & D\u00e9veloppement","isPartOf":{"@id":"https:\/\/foks-lab.fr\/en\/#website"},"datePublished":"2017-10-06T07:54:32+00:00","dateModified":"2019-05-17T09:00:13+00:00","description":"FOKS lab propose ses services pour du conseil, de l'expertise et du d\u00e9veloppement dans le domaine de la R\u00e9alit\u00e9 Virtuelle.","breadcrumb":{"@id":"https:\/\/foks-lab.fr\/expertise#breadcrumb"},"inLanguage":"en-US","potentialAction":[{"@type":"ReadAction","target":["https:\/\/foks-lab.fr\/expertise"]}]},{"@type":"BreadcrumbList","@id":"https:\/\/foks-lab.fr\/expertise#breadcrumb","itemListElement":[{"@type":"ListItem","position":1,"name":"Accueil","item":"https:\/\/foks-lab.fr\/"},{"@type":"ListItem","position":2,"name":"Expertise &#038; d\u00e9veloppements"}]},{"@type":"WebSite","@id":"https:\/\/foks-lab.fr\/en\/#website","url":"https:\/\/foks-lab.fr\/en\/","name":"FOKS lab","description":"Cr\u00e9ateur d&#039;exp\u00e9riences immersives, R\u00e9alit\u00e9 Virtuelle &amp; Augment\u00e9e","publisher":{"@id":"https:\/\/foks-lab.fr\/en\/#organization"},"potentialAction":[{"@type":"SearchAction","target":{"@type":"EntryPoint","urlTemplate":"https:\/\/foks-lab.fr\/en\/?s={search_term_string}"},"query-input":{"@type":"PropertyValueSpecification","valueRequired":true,"valueName":"search_term_string"}}],"inLanguage":"en-US"},{"@type":"Organization","@id":"https:\/\/foks-lab.fr\/en\/#organization","name":"FOKS lab","url":"https:\/\/foks-lab.fr\/en\/","logo":{"@type":"ImageObject","inLanguage":"en-US","@id":"https:\/\/foks-lab.fr\/en\/#\/schema\/logo\/image\/","url":"https:\/\/foks-lab.fr\/wp-content\/uploads\/2017\/02\/LOGO_NOIR_H51.png","contentUrl":"https:\/\/foks-lab.fr\/wp-content\/uploads\/2017\/02\/LOGO_NOIR_H51.png","width":157,"height":51,"caption":"FOKS lab"},"image":{"@id":"https:\/\/foks-lab.fr\/en\/#\/schema\/logo\/image\/"},"sameAs":["https:\/\/www.linkedin.com\/in\/marc-le-renard-523b22124"]}]}},"_links":{"self":[{"href":"https:\/\/foks-lab.fr\/en\/wp-json\/wp\/v2\/pages\/16098","targetHints":{"allow":["GET"]}}],"collection":[{"href":"https:\/\/foks-lab.fr\/en\/wp-json\/wp\/v2\/pages"}],"about":[{"href":"https:\/\/foks-lab.fr\/en\/wp-json\/wp\/v2\/types\/page"}],"author":[{"embeddable":true,"href":"https:\/\/foks-lab.fr\/en\/wp-json\/wp\/v2\/users\/1"}],"replies":[{"embeddable":true,"href":"https:\/\/foks-lab.fr\/en\/wp-json\/wp\/v2\/comments?post=16098"}],"version-history":[{"count":14,"href":"https:\/\/foks-lab.fr\/en\/wp-json\/wp\/v2\/pages\/16098\/revisions"}],"predecessor-version":[{"id":16804,"href":"https:\/\/foks-lab.fr\/en\/wp-json\/wp\/v2\/pages\/16098\/revisions\/16804"}],"wp:attachment":[{"href":"https:\/\/foks-lab.fr\/en\/wp-json\/wp\/v2\/media?parent=16098"}],"curies":[{"name":"wp","href":"https:\/\/api.w.org\/{rel}","templated":true}]}}