{"id":16106,"date":"2017-10-09T09:26:51","date_gmt":"2017-10-09T08:26:51","guid":{"rendered":"http:\/\/foks-lab.fr\/?page_id=16106"},"modified":"2023-01-13T11:23:36","modified_gmt":"2023-01-13T10:23:36","slug":"projetsavantfokslab","status":"publish","type":"page","link":"https:\/\/foks-lab.fr\/en\/projetsavantfokslab","title":{"rendered":"Projects before FOKS lab"},"content":{"rendered":"<section class=\"wpb-content-wrapper\"><div      class=\"vc_row wpb_row section vc_row-fluid  vc_custom_1673605406913 grid_section\" style=' text-align:left;'><div class=\"section_inner clearfix\"><div class='section_inner_margin clearfix'><div class=\"wpb_column vc_column_container vc_col-sm-12\"><div class=\"vc_column-inner\"><div class=\"wpb_wrapper\"><blockquote class='with_quote_icon' style='width: 40%%;'><i class='fa fa-quote-right' style='color: #d21151;'><\/i><h5 class='blockquote-text' style='color: #d21151; line-height: 100px;'>Here is a non-exhaustive list of the projects I took part in before creating FOKS lab in 2017.<\/h5><\/blockquote><div      class=\"vc_row wpb_row section vc_row-fluid vc_inner  vc_custom_1528451052456\" style=' text-align:center;'><div class=\"full_section_inner clearfix\"><div class=\"wpb_column vc_column_container vc_col-sm-4\"><div class=\"vc_column-inner\"><div class=\"wpb_wrapper\">\n\t<div class=\"wpb_single_image wpb_content_element vc_align_center\">\n\t\t<div class=\"wpb_wrapper\">\n\t\t\t\n\t\t\t<div class=\"vc_single_image-wrapper   vc_box_border_grey\"><img fetchpriority=\"high\" decoding=\"async\" width=\"512\" height=\"256\" src=\"https:\/\/foks-lab.fr\/wp-content\/uploads\/2018\/06\/simulator.png\" class=\"vc_single_image-img attachment-large\" alt=\"\" title=\"simulator\" srcset=\"https:\/\/foks-lab.fr\/wp-content\/uploads\/2018\/06\/simulator.png 512w, https:\/\/foks-lab.fr\/wp-content\/uploads\/2018\/06\/simulator-18x9.png 18w, https:\/\/foks-lab.fr\/wp-content\/uploads\/2018\/06\/simulator-300x150.png 300w\" sizes=\"(max-width: 512px) 100vw, 512px\" \/><\/div>\n\t\t<\/div>\n\t<\/div>\n\n\t<div class=\"wpb_text_column wpb_content_element  vc_custom_1528450318808\">\n\t\t<div class=\"wpb_wrapper\">\n\t\t\t<h4 style=\"text-align: left;\"><span style=\"color: #d21151;\">D\u00e9veloppement complet d&rsquo;un simulateur<\/span><\/h4>\n\n\t\t<\/div> \n\t<\/div> \n\t<div class=\"wpb_text_column wpb_content_element\">\n\t\t<div class=\"wpb_wrapper\">\n\t\t\t<p style=\"text-align: left;\"><span style=\"color: #333333;\">D\u00e9veloppement d&rsquo;un simulateur complet sur un cluster graphique. Ce simulateur se veut flexible pour adresser un maximum de p\u00e9riph\u00e9riques et de displays. Le simulateur a \u00e9t\u00e9 d\u00e9ploy\u00e9 sur 3 syst\u00e8mes diff\u00e9rents, ceux-ci ayant des configurations toutes diff\u00e9rentes.<\/span><\/p>\n\n\t\t<\/div> \n\t<\/div> <div class=\"separator  transparent\" style=\"margin-top: 40px;margin-bottom: 0px;\"><\/div>\n<\/div><\/div><\/div><div class=\"wpb_column vc_column_container vc_col-sm-4\"><div class=\"vc_column-inner\"><div class=\"wpb_wrapper\">\n\t<div class=\"wpb_single_image wpb_content_element vc_align_center\">\n\t\t<div class=\"wpb_wrapper\">\n\t\t\t\n\t\t\t<div class=\"vc_single_image-wrapper   vc_box_border_grey\"><img decoding=\"async\" width=\"512\" height=\"256\" src=\"https:\/\/foks-lab.fr\/wp-content\/uploads\/2018\/06\/AR.png\" class=\"vc_single_image-img attachment-large\" alt=\"\" title=\"AR\" srcset=\"https:\/\/foks-lab.fr\/wp-content\/uploads\/2018\/06\/AR.png 512w, https:\/\/foks-lab.fr\/wp-content\/uploads\/2018\/06\/AR-18x9.png 18w, https:\/\/foks-lab.fr\/wp-content\/uploads\/2018\/06\/AR-300x150.png 300w\" sizes=\"(max-width: 512px) 100vw, 512px\" \/><\/div>\n\t\t<\/div>\n\t<\/div>\n\n\t<div class=\"wpb_text_column wpb_content_element  vc_custom_1528450324919\">\n\t\t<div class=\"wpb_wrapper\">\n\t\t\t<h4 style=\"text-align: left;\"><span style=\"color: #d21151;\">Augmented Reality application<\/span><\/h4>\n\n\t\t<\/div> \n\t<\/div> \n\t<div class=\"wpb_text_column wpb_content_element\">\n\t\t<div class=\"wpb_wrapper\">\n\t\t\t<p style=\"text-align: left;\"><span style=\"color: #333333;\">D\u00e9veloppement d\u2019une application de R\u00e9alit\u00e9 Augment\u00e9e pour l\u2019aide \u00e0 la vente sur environnement iOS (iPod, iPhone, iPad). Analyse en temps r\u00e9el des modifications faites sur l&rsquo;image pour donner un retour \u00e0 l&rsquo;utilisateur en lui mettant \u00e0 disposition des raccourcis tactiles.<\/span><\/p>\n\n\t\t<\/div> \n\t<\/div> <div class=\"separator  transparent\" style=\"margin-top: 40px;margin-bottom: 0px;\"><\/div>\n<\/div><\/div><\/div><div class=\"wpb_column vc_column_container vc_col-sm-4\"><div class=\"vc_column-inner\"><div class=\"wpb_wrapper\"><\/div><\/div><\/div><\/div><\/div><div      class=\"vc_row wpb_row section vc_row-fluid vc_inner\" style=' text-align:center;'><div class=\"full_section_inner clearfix\"><div class=\"wpb_column vc_column_container vc_col-sm-4\"><div class=\"vc_column-inner\"><div class=\"wpb_wrapper\">\n\t<div class=\"wpb_single_image wpb_content_element vc_align_center\">\n\t\t<div class=\"wpb_wrapper\">\n\t\t\t\n\t\t\t<div class=\"vc_single_image-wrapper   vc_box_border_grey\"><img decoding=\"async\" width=\"512\" height=\"256\" src=\"https:\/\/foks-lab.fr\/wp-content\/uploads\/2018\/06\/cervo.png\" class=\"vc_single_image-img attachment-large\" alt=\"\" title=\"cervo\" srcset=\"https:\/\/foks-lab.fr\/wp-content\/uploads\/2018\/06\/cervo.png 512w, https:\/\/foks-lab.fr\/wp-content\/uploads\/2018\/06\/cervo-18x9.png 18w, https:\/\/foks-lab.fr\/wp-content\/uploads\/2018\/06\/cervo-300x150.png 300w\" sizes=\"(max-width: 512px) 100vw, 512px\" \/><\/div>\n\t\t<\/div>\n\t<\/div>\n\n\t<div class=\"wpb_text_column wpb_content_element  vc_custom_1528450331712\">\n\t\t<div class=\"wpb_wrapper\">\n\t\t\t<h4 style=\"text-align: left;\"><span style=\"color: #d21151;\">Virtual Reality Headset in awake neurosurgery<\/span><\/h4>\n\n\t\t<\/div> \n\t<\/div> \n\t<div class=\"wpb_text_column wpb_content_element\">\n\t\t<div class=\"wpb_wrapper\">\n\t\t\t<p style=\"text-align: left;\"><span style=\"color: #333333;\">D\u00e9veloppement d\u2019un prototype pour donner des indications sur le champ visuel d\u2019un patient pendant une op\u00e9ration de neurochirurgie \u00e9veill\u00e9 (projet r\u00e9alis\u00e9 en collaboration avec des \u00e9tudiants de l&rsquo;ESIEA et l&rsquo;\u00e9quipe du professeur Menei au CHU d\u2019Angers). L&rsquo;utilisation du dispositif a \u00e9t\u00e9 faite en premi\u00e8re mondiale fin janvier 2016.<\/span><\/p>\n\n\t\t<\/div> \n\t<\/div> <div class=\"separator  transparent\" style=\"margin-top: 40px;margin-bottom: 0px;\"><\/div>\n<\/div><\/div><\/div><div class=\"wpb_column vc_column_container vc_col-sm-4\"><div class=\"vc_column-inner\"><div class=\"wpb_wrapper\">\n\t<div class=\"wpb_single_image wpb_content_element vc_align_center\">\n\t\t<div class=\"wpb_wrapper\">\n\t\t\t\n\t\t\t<div class=\"vc_single_image-wrapper   vc_box_border_grey\"><img loading=\"lazy\" decoding=\"async\" width=\"512\" height=\"256\" src=\"https:\/\/foks-lab.fr\/wp-content\/uploads\/2018\/06\/intrepid.png\" class=\"vc_single_image-img attachment-large\" alt=\"\" title=\"intrepid\" srcset=\"https:\/\/foks-lab.fr\/wp-content\/uploads\/2018\/06\/intrepid.png 512w, https:\/\/foks-lab.fr\/wp-content\/uploads\/2018\/06\/intrepid-18x9.png 18w, https:\/\/foks-lab.fr\/wp-content\/uploads\/2018\/06\/intrepid-300x150.png 300w\" sizes=\"(max-width: 512px) 100vw, 512px\" \/><\/div>\n\t\t<\/div>\n\t<\/div>\n\n\t<div class=\"wpb_text_column wpb_content_element  vc_custom_1528450337844\">\n\t\t<div class=\"wpb_wrapper\">\n\t\t\t<h4 style=\"text-align: left;\"><span style=\"color: #d21151;\">Treatment<br \/>\nof phobias using Virtual Reality<\/span><\/h4>\n\n\t\t<\/div> \n\t<\/div> \n\t<div class=\"wpb_text_column wpb_content_element\">\n\t\t<div class=\"wpb_wrapper\">\n\t\t\t<p style=\"text-align: left;\"><span style=\"color: #333333;\">Conception d\u2019un casque de R\u00e9alit\u00e9 Virtuelle sans fil pour exposer graduellement des patients \u00e0 leurs phobies (arachnophobie, acrophobie, &#8230;). L&rsquo;application d\u00e9velopp\u00e9e permet de choisir parmi plusieurs sc\u00e9narii que le th\u00e9rapeute peut \u00e0 tout moment modifier \u00e0 distance (via un PDA ou son ordinateur) pour r\u00e9gler au mieux l&rsquo;exposition du patient \u00e0 sa phobie . Il a un aussi retour graphique de la vision du patient sur son poste. <\/span><span style=\"color: #333333;\">L&rsquo;application a \u00e9t\u00e9 \u00e9galement port\u00e9e dans un espace immersif de type CAVE.<\/span><\/p>\n\n\t\t<\/div> \n\t<\/div> <div class=\"separator  transparent\" style=\"margin-top: 40px;margin-bottom: 0px;\"><\/div>\n<\/div><\/div><\/div><div class=\"wpb_column vc_column_container vc_col-sm-4\"><div class=\"vc_column-inner\"><div class=\"wpb_wrapper\">\n\t<div class=\"wpb_single_image wpb_content_element vc_align_center\">\n\t\t<div class=\"wpb_wrapper\">\n\t\t\t\n\t\t\t<div class=\"vc_single_image-wrapper   vc_box_border_grey\"><img loading=\"lazy\" decoding=\"async\" width=\"512\" height=\"256\" src=\"https:\/\/foks-lab.fr\/wp-content\/uploads\/2018\/06\/amenagement.png\" class=\"vc_single_image-img attachment-large\" alt=\"\" title=\"amenagement\" srcset=\"https:\/\/foks-lab.fr\/wp-content\/uploads\/2018\/06\/amenagement.png 512w, https:\/\/foks-lab.fr\/wp-content\/uploads\/2018\/06\/amenagement-18x9.png 18w, https:\/\/foks-lab.fr\/wp-content\/uploads\/2018\/06\/amenagement-300x150.png 300w\" sizes=\"(max-width: 512px) 100vw, 512px\" \/><\/div>\n\t\t<\/div>\n\t<\/div>\n\n\t<div class=\"wpb_text_column wpb_content_element  vc_custom_1528450344377\">\n\t\t<div class=\"wpb_wrapper\">\n\t\t\t<h4 style=\"text-align: left;\"><span style=\"color: #d21151;\">Cr\u00e9ations d&rsquo;outils pour manipuler un environnement virtuel<\/span><\/h4>\n\n\t\t<\/div> \n\t<\/div> \n\t<div class=\"wpb_text_column wpb_content_element\">\n\t\t<div class=\"wpb_wrapper\">\n\t\t\t<p style=\"text-align: left;\"><span style=\"color: #333333;\">Creation of accessibility validation tools on workstations (accessibility for use or maintenance) and design of tools for object manipulation (automatic positioning, measurement, loading and saving of configurations, ...).<\/span><\/p>\n\n\t\t<\/div> \n\t<\/div> <div class=\"separator  transparent\" style=\"margin-top: 40px;margin-bottom: 0px;\"><\/div>\n<\/div><\/div><\/div><\/div><\/div><div      class=\"vc_row wpb_row section vc_row-fluid vc_inner\" style=' text-align:center;'><div class=\"full_section_inner clearfix\"><div class=\"wpb_column vc_column_container vc_col-sm-4\"><div class=\"vc_column-inner\"><div class=\"wpb_wrapper\"><\/div><\/div><\/div><div class=\"wpb_column vc_column_container vc_col-sm-4\"><div class=\"vc_column-inner\"><div class=\"wpb_wrapper\">\n\t<div class=\"wpb_single_image wpb_content_element vc_align_center\">\n\t\t<div class=\"wpb_wrapper\">\n\t\t\t\n\t\t\t<div class=\"vc_single_image-wrapper   vc_box_border_grey\"><img loading=\"lazy\" decoding=\"async\" width=\"512\" height=\"256\" src=\"https:\/\/foks-lab.fr\/wp-content\/uploads\/2018\/06\/CaveUT.png\" class=\"vc_single_image-img attachment-large\" alt=\"\" title=\"CaveUT\" srcset=\"https:\/\/foks-lab.fr\/wp-content\/uploads\/2018\/06\/CaveUT.png 512w, https:\/\/foks-lab.fr\/wp-content\/uploads\/2018\/06\/CaveUT-18x9.png 18w, https:\/\/foks-lab.fr\/wp-content\/uploads\/2018\/06\/CaveUT-300x150.png 300w\" sizes=\"(max-width: 512px) 100vw, 512px\" \/><\/div>\n\t\t<\/div>\n\t<\/div>\n\n\t<div class=\"wpb_text_column wpb_content_element  vc_custom_1528450350941\">\n\t\t<div class=\"wpb_wrapper\">\n\t\t\t<h4 style=\"text-align: left;\"><span style=\"color: #d21151;\">CaveUT development<\/span><\/h4>\n\n\t\t<\/div> \n\t<\/div> \n\t<div class=\"wpb_text_column wpb_content_element\">\n\t\t<div class=\"wpb_wrapper\">\n\t\t\t<p style=\"text-align: left;\"><span style=\"color: #333333;\">Participation en 2003 au d\u00e9veloppement de CaveUT , logiciel permettant de porter le moteur 3D d\u2019Unreal Tournament dans un espace immersif de type CAVE. Ce d\u00e9veloppement a \u00e9t\u00e9 r\u00e9alis\u00e9 dans le cadre d&rsquo;un projet Europ\u00e9en (ALTERNE) visant \u00e0 mettre \u00e0 disposition des artistes une plateforme de R\u00e9alit\u00e9 Virtuelle. Le d\u00e9veloppement a \u00e9t\u00e9 r\u00e9alis\u00e9 avec<span style=\"color: #d21151;\"> <a style=\"color: #d21151;\" href=\"https:\/\/www.researchgate.net\/profile\/Jean-Luc_Lugrin\">Jean-Luc Lugrin<\/a><\/span> (dans l&rsquo;\u00e9quipe de <a href=\"https:\/\/www.researchgate.net\/profile\/Marc_Cavazza\"><span style=\"color: #d21151;\">Marc Cavazza<\/span><\/a> \/ Teesside University \u00e0 l&rsquo;\u00e9poque).<br \/>\n<\/span><\/p>\n\n\t\t<\/div> \n\t<\/div> <div class=\"separator  transparent\" style=\"margin-top: 40px;margin-bottom: 0px;\"><\/div>\n<\/div><\/div><\/div><div class=\"wpb_column vc_column_container vc_col-sm-4\"><div class=\"vc_column-inner\"><div class=\"wpb_wrapper\">\n\t<div class=\"wpb_single_image wpb_content_element vc_align_center\">\n\t\t<div class=\"wpb_wrapper\">\n\t\t\t\n\t\t\t<div class=\"vc_single_image-wrapper   vc_box_border_grey\"><img loading=\"lazy\" decoding=\"async\" width=\"512\" height=\"256\" src=\"https:\/\/foks-lab.fr\/wp-content\/uploads\/2018\/06\/virtualShowcase.png\" class=\"vc_single_image-img attachment-large\" alt=\"\" title=\"virtualShowcase\" srcset=\"https:\/\/foks-lab.fr\/wp-content\/uploads\/2018\/06\/virtualShowcase.png 512w, https:\/\/foks-lab.fr\/wp-content\/uploads\/2018\/06\/virtualShowcase-18x9.png 18w, https:\/\/foks-lab.fr\/wp-content\/uploads\/2018\/06\/virtualShowcase-300x150.png 300w\" sizes=\"(max-width: 512px) 100vw, 512px\" \/><\/div>\n\t\t<\/div>\n\t<\/div>\n\n\t<div class=\"wpb_text_column wpb_content_element  vc_custom_1528450361797\">\n\t\t<div class=\"wpb_wrapper\">\n\t\t\t<h4 style=\"text-align: left;\"><span style=\"color: #d21151;\">Virtual showcase<\/span><\/h4>\n\n\t\t<\/div> \n\t<\/div> \n\t<div class=\"wpb_text_column wpb_content_element\">\n\t\t<div class=\"wpb_wrapper\">\n\t\t\t<p style=\"text-align: left;\"><span style=\"color: #333333;\">Conception et d\u00e9veloppement d\u2019une vitrine virtuelle pour pr\u00e9senter des objets en 3D dans un globe. La projection de l&rsquo;image sur le globe a \u00e9t\u00e9 faite via un vid\u00e9oprojecteur classique, il a donc fallu inventer un proc\u00e9d\u00e9 de distorsion pour projeter sur une surface courbe.<\/span><\/p>\n\n\t\t<\/div> \n\t<\/div> <div class=\"separator  transparent\" style=\"margin-top: 40px;margin-bottom: 0px;\"><\/div>\n<\/div><\/div><\/div><\/div><\/div><div class=\"separator  transparent\" style=\"margin-top: 40px;margin-bottom: 0px;\"><\/div>\n<\/div><\/div><\/div><\/div><\/div><\/div>\n<\/section>","protected":false},"excerpt":{"rendered":"Voici une liste non exhaustive des projets auxquels j'ai pris part avant de cr\u00e9er FOKS lab en 2017. D\u00e9veloppement complet...","protected":false},"author":1,"featured_media":0,"parent":0,"menu_order":0,"comment_status":"closed","ping_status":"closed","template":"full_width.php","meta":{"inline_featured_image":false,"footnotes":""},"class_list":["post-16106","page","type-page","status-publish","hentry"],"yoast_head":"<!-- This site is optimized with the Yoast SEO plugin v24.4 - https:\/\/yoast.com\/wordpress\/plugins\/seo\/ -->\n<title>Projets avant FOKS lab<\/title>\n<meta name=\"description\" content=\"FOKS lab a \u00e9t\u00e9 cr\u00e9\u00e9 apr\u00e8s 15 ans d&#039;exp\u00e9rience dans le domaine de la VR. Cette page pr\u00e9sente une liste de projets r\u00e9alis\u00e9s au cours de ces 15 ans\" \/>\n<meta name=\"robots\" content=\"index, follow, max-snippet:-1, max-image-preview:large, max-video-preview:-1\" \/>\n<link rel=\"canonical\" href=\"https:\/\/foks-lab.fr\/en\/projetsavantfokslab\/\" \/>\n<meta property=\"og:locale\" content=\"en_US\" \/>\n<meta property=\"og:type\" content=\"article\" \/>\n<meta property=\"og:title\" content=\"Projets avant FOKS lab\" \/>\n<meta property=\"og:description\" content=\"FOKS lab a \u00e9t\u00e9 cr\u00e9\u00e9 apr\u00e8s 15 ans d&#039;exp\u00e9rience dans le domaine de la VR. Cette page pr\u00e9sente une liste de projets r\u00e9alis\u00e9s au cours de ces 15 ans\" \/>\n<meta property=\"og:url\" content=\"https:\/\/foks-lab.fr\/en\/projetsavantfokslab\/\" \/>\n<meta property=\"og:site_name\" content=\"FOKS lab\" \/>\n<meta property=\"article:modified_time\" content=\"2023-01-13T10:23:36+00:00\" \/>\n<meta name=\"twitter:card\" content=\"summary_large_image\" \/>\n<meta name=\"twitter:label1\" content=\"Est. reading time\" \/>\n\t<meta name=\"twitter:data1\" content=\"3 minutes\" \/>\n<script type=\"application\/ld+json\" class=\"yoast-schema-graph\">{\"@context\":\"https:\/\/schema.org\",\"@graph\":[{\"@type\":\"WebPage\",\"@id\":\"https:\/\/foks-lab.fr\/projetsavantfokslab\",\"url\":\"https:\/\/foks-lab.fr\/projetsavantfokslab\",\"name\":\"Projets avant FOKS lab\",\"isPartOf\":{\"@id\":\"https:\/\/foks-lab.fr\/en\/#website\"},\"datePublished\":\"2017-10-09T08:26:51+00:00\",\"dateModified\":\"2023-01-13T10:23:36+00:00\",\"description\":\"FOKS lab a \u00e9t\u00e9 cr\u00e9\u00e9 apr\u00e8s 15 ans d'exp\u00e9rience dans le domaine de la VR. Cette page pr\u00e9sente une liste de projets r\u00e9alis\u00e9s au cours de ces 15 ans\",\"breadcrumb\":{\"@id\":\"https:\/\/foks-lab.fr\/projetsavantfokslab#breadcrumb\"},\"inLanguage\":\"en-US\",\"potentialAction\":[{\"@type\":\"ReadAction\",\"target\":[\"https:\/\/foks-lab.fr\/projetsavantfokslab\"]}]},{\"@type\":\"BreadcrumbList\",\"@id\":\"https:\/\/foks-lab.fr\/projetsavantfokslab#breadcrumb\",\"itemListElement\":[{\"@type\":\"ListItem\",\"position\":1,\"name\":\"Accueil\",\"item\":\"https:\/\/foks-lab.fr\/\"},{\"@type\":\"ListItem\",\"position\":2,\"name\":\"Projets avant FOKS lab\"}]},{\"@type\":\"WebSite\",\"@id\":\"https:\/\/foks-lab.fr\/en\/#website\",\"url\":\"https:\/\/foks-lab.fr\/en\/\",\"name\":\"FOKS lab\",\"description\":\"Cr\u00e9ateur d&#039;exp\u00e9riences immersives, R\u00e9alit\u00e9 Virtuelle &amp; Augment\u00e9e\",\"publisher\":{\"@id\":\"https:\/\/foks-lab.fr\/en\/#organization\"},\"potentialAction\":[{\"@type\":\"SearchAction\",\"target\":{\"@type\":\"EntryPoint\",\"urlTemplate\":\"https:\/\/foks-lab.fr\/en\/?s={search_term_string}\"},\"query-input\":{\"@type\":\"PropertyValueSpecification\",\"valueRequired\":true,\"valueName\":\"search_term_string\"}}],\"inLanguage\":\"en-US\"},{\"@type\":\"Organization\",\"@id\":\"https:\/\/foks-lab.fr\/en\/#organization\",\"name\":\"FOKS lab\",\"url\":\"https:\/\/foks-lab.fr\/en\/\",\"logo\":{\"@type\":\"ImageObject\",\"inLanguage\":\"en-US\",\"@id\":\"https:\/\/foks-lab.fr\/en\/#\/schema\/logo\/image\/\",\"url\":\"https:\/\/foks-lab.fr\/wp-content\/uploads\/2017\/02\/LOGO_NOIR_H51.png\",\"contentUrl\":\"https:\/\/foks-lab.fr\/wp-content\/uploads\/2017\/02\/LOGO_NOIR_H51.png\",\"width\":157,\"height\":51,\"caption\":\"FOKS lab\"},\"image\":{\"@id\":\"https:\/\/foks-lab.fr\/en\/#\/schema\/logo\/image\/\"},\"sameAs\":[\"https:\/\/www.linkedin.com\/in\/marc-le-renard-523b22124\"]}]}<\/script>\n<!-- \/ Yoast SEO plugin. -->","yoast_head_json":{"title":"Projets avant FOKS lab","description":"FOKS lab a \u00e9t\u00e9 cr\u00e9\u00e9 apr\u00e8s 15 ans d'exp\u00e9rience dans le domaine de la VR. Cette page pr\u00e9sente une liste de projets r\u00e9alis\u00e9s au cours de ces 15 ans","robots":{"index":"index","follow":"follow","max-snippet":"max-snippet:-1","max-image-preview":"max-image-preview:large","max-video-preview":"max-video-preview:-1"},"canonical":"https:\/\/foks-lab.fr\/en\/projetsavantfokslab\/","og_locale":"en_US","og_type":"article","og_title":"Projets avant FOKS lab","og_description":"FOKS lab a \u00e9t\u00e9 cr\u00e9\u00e9 apr\u00e8s 15 ans d'exp\u00e9rience dans le domaine de la VR. Cette page pr\u00e9sente une liste de projets r\u00e9alis\u00e9s au cours de ces 15 ans","og_url":"https:\/\/foks-lab.fr\/en\/projetsavantfokslab\/","og_site_name":"FOKS lab","article_modified_time":"2023-01-13T10:23:36+00:00","twitter_card":"summary_large_image","twitter_misc":{"Est. reading time":"3 minutes"},"schema":{"@context":"https:\/\/schema.org","@graph":[{"@type":"WebPage","@id":"https:\/\/foks-lab.fr\/projetsavantfokslab","url":"https:\/\/foks-lab.fr\/projetsavantfokslab","name":"Projets avant FOKS lab","isPartOf":{"@id":"https:\/\/foks-lab.fr\/en\/#website"},"datePublished":"2017-10-09T08:26:51+00:00","dateModified":"2023-01-13T10:23:36+00:00","description":"FOKS lab a \u00e9t\u00e9 cr\u00e9\u00e9 apr\u00e8s 15 ans d'exp\u00e9rience dans le domaine de la VR. Cette page pr\u00e9sente une liste de projets r\u00e9alis\u00e9s au cours de ces 15 ans","breadcrumb":{"@id":"https:\/\/foks-lab.fr\/projetsavantfokslab#breadcrumb"},"inLanguage":"en-US","potentialAction":[{"@type":"ReadAction","target":["https:\/\/foks-lab.fr\/projetsavantfokslab"]}]},{"@type":"BreadcrumbList","@id":"https:\/\/foks-lab.fr\/projetsavantfokslab#breadcrumb","itemListElement":[{"@type":"ListItem","position":1,"name":"Accueil","item":"https:\/\/foks-lab.fr\/"},{"@type":"ListItem","position":2,"name":"Projets avant FOKS lab"}]},{"@type":"WebSite","@id":"https:\/\/foks-lab.fr\/en\/#website","url":"https:\/\/foks-lab.fr\/en\/","name":"FOKS lab","description":"Cr\u00e9ateur d&#039;exp\u00e9riences immersives, R\u00e9alit\u00e9 Virtuelle &amp; Augment\u00e9e","publisher":{"@id":"https:\/\/foks-lab.fr\/en\/#organization"},"potentialAction":[{"@type":"SearchAction","target":{"@type":"EntryPoint","urlTemplate":"https:\/\/foks-lab.fr\/en\/?s={search_term_string}"},"query-input":{"@type":"PropertyValueSpecification","valueRequired":true,"valueName":"search_term_string"}}],"inLanguage":"en-US"},{"@type":"Organization","@id":"https:\/\/foks-lab.fr\/en\/#organization","name":"FOKS lab","url":"https:\/\/foks-lab.fr\/en\/","logo":{"@type":"ImageObject","inLanguage":"en-US","@id":"https:\/\/foks-lab.fr\/en\/#\/schema\/logo\/image\/","url":"https:\/\/foks-lab.fr\/wp-content\/uploads\/2017\/02\/LOGO_NOIR_H51.png","contentUrl":"https:\/\/foks-lab.fr\/wp-content\/uploads\/2017\/02\/LOGO_NOIR_H51.png","width":157,"height":51,"caption":"FOKS lab"},"image":{"@id":"https:\/\/foks-lab.fr\/en\/#\/schema\/logo\/image\/"},"sameAs":["https:\/\/www.linkedin.com\/in\/marc-le-renard-523b22124"]}]}},"_links":{"self":[{"href":"https:\/\/foks-lab.fr\/en\/wp-json\/wp\/v2\/pages\/16106","targetHints":{"allow":["GET"]}}],"collection":[{"href":"https:\/\/foks-lab.fr\/en\/wp-json\/wp\/v2\/pages"}],"about":[{"href":"https:\/\/foks-lab.fr\/en\/wp-json\/wp\/v2\/types\/page"}],"author":[{"embeddable":true,"href":"https:\/\/foks-lab.fr\/en\/wp-json\/wp\/v2\/users\/1"}],"replies":[{"embeddable":true,"href":"https:\/\/foks-lab.fr\/en\/wp-json\/wp\/v2\/comments?post=16106"}],"version-history":[{"count":23,"href":"https:\/\/foks-lab.fr\/en\/wp-json\/wp\/v2\/pages\/16106\/revisions"}],"predecessor-version":[{"id":17490,"href":"https:\/\/foks-lab.fr\/en\/wp-json\/wp\/v2\/pages\/16106\/revisions\/17490"}],"wp:attachment":[{"href":"https:\/\/foks-lab.fr\/en\/wp-json\/wp\/v2\/media?parent=16106"}],"curies":[{"name":"wp","href":"https:\/\/api.w.org\/{rel}","templated":true}]}}