{"id":16171,"date":"2018-04-23T13:01:28","date_gmt":"2018-04-23T12:01:28","guid":{"rendered":"http:\/\/foks-lab.fr\/?page_id=16171"},"modified":"2019-06-13T14:30:59","modified_gmt":"2019-06-13T13:30:59","slug":"raven360","status":"publish","type":"page","link":"https:\/\/foks-lab.fr\/en\/raven360","title":{"rendered":"RAVEN 360"},"content":{"rendered":"<section class=\"wpb-content-wrapper\"><div      class=\"vc_row wpb_row section vc_row-fluid  grid_section\" style=' text-align:center;'><div class=\"section_inner clearfix\"><div class='section_inner_margin clearfix'><div class=\"wpb_column vc_column_container vc_col-sm-12\"><div class=\"vc_column-inner\"><div class=\"wpb_wrapper\"><div      class=\"vc_row wpb_row section vc_row-fluid vc_inner\" style=' padding-top:66px; padding-bottom:50px; text-align:left;'><div class=\"full_section_inner clearfix\"><div class=\"wpb_column vc_column_container vc_col-sm-12\"><div class=\"vc_column-inner\"><div class=\"wpb_wrapper\"><blockquote class='with_quote_icon' style='width: 40%%;'><i class='fa fa-quote-right' style='color: #d21151;'><\/i><h5 class='blockquote-text' style='color: #d21151;'>RAVEN 360 is an application package to manage a museum installation for the diffusion of 360 \u00b0 videos in Virtual Reality headsets.<\/h5><\/blockquote>\n\t<div class=\"wpb_text_column wpb_content_element\">\n\t\t<div class=\"wpb_wrapper\">\n\t\t\t<p>FOKS lab a d\u00e9velopp\u00e9 un ensemble applicatif (syst\u00e8me clients\/serveur) qui permet \u00e0 un guide de g\u00e9rer une session de visualisation de vid\u00e9os 360\u00b0 dans des casques (le nombre de casques g\u00e9r\u00e9 est uniquement limit\u00e9 par le nombre de machines connect\u00e9es sur le m\u00eame r\u00e9seau). Les applications ont \u00e9t\u00e9 d\u00e9velopp\u00e9es pour \u00eatre fiables et faciles \u00e0 utiliser. Le guide peut voir l&rsquo;\u00e9tat de l&rsquo;application cliente et donc savoir ce que voit le visiteur. Il a moyen de stopper la vid\u00e9o \u00e0 tout moment et m\u00eame d&rsquo;envoyer un message d&rsquo;alerte aux visiteurs pour faire \u00e9vacuer la salle si un incident s&rsquo;est produit.<\/p>\n<p>L&rsquo;ensemble applicatif peut \u00eatre adapt\u00e9 aux besoins des mus\u00e9es : vid\u00e9o 360\u00b0, vid\u00e9o 360\u00b0 3D mais aussi visualisation de mondes virtuels avec synchronisation du d\u00e9marrage\/de l&rsquo;arr\u00eat\u00a0 de l&rsquo;exp\u00e9rience pour les visiteurs. Il est possible d&rsquo;imaginer d&rsquo;autres exp\u00e9riences avec l&rsquo;utilisation de p\u00e9riph\u00e9riques manettes, eye tracking, p\u00e9riph\u00e9riques sur mesure &#8230;<\/p>\n\n\t\t<\/div> \n\t<\/div> <div class=\"separator  transparent\" style=\"margin-top: 40px;margin-bottom: 0px;\"><\/div>\n<\/div><\/div><\/div><\/div><\/div><\/div><\/div><\/div><\/div><\/div><\/div><section      data-speed=\"1\" class=\"parallax_section_holder\" style = \" height:px; background-image:url('https:\/\/foks-lab.fr\/wp-content\/uploads\/2017\/10\/Parallax2.jpg');\"><div class=\"parallax_content left\"><div class='parallax_section_inner_margin clearfix'><div class=\"wpb_column vc_column_container vc_col-sm-12\"><div class=\"vc_column-inner\"><div class=\"wpb_wrapper\">\n\t<div class=\"wpb_text_column wpb_content_element  vc_custom_1528452153438\">\n\t\t<div class=\"wpb_wrapper\">\n\t\t\t<h3 style=\"text-align: center;\">360 video player<\/h3>\n\n\t\t<\/div> \n\t<\/div> <div class=\"separator  small center\" style=\"margin-top: 18px;margin-bottom: 24px;background-color: #d21151;height: 1px;width: 50px;\"><\/div>\n<blockquote class='with_quote_icon' style='width: 40%%;'><i class='fa fa-quote-right' style='color: #d21151;'><\/i><h5 class='blockquote-text' style='color: #d21151;'>The application allows to visualize a 360 \u00b0 video in a HMD. This client application is managed remotely from a server application that can start or stop the video.<\/h5><\/blockquote>\n\t<div class=\"wpb_single_image wpb_content_element vc_align_center\">\n\t\t<div class=\"wpb_wrapper\">\n\t\t\t\n\t\t\t<div class=\"vc_single_image-wrapper   vc_box_border_grey\"><img fetchpriority=\"high\" decoding=\"async\" width=\"1024\" height=\"655\" src=\"https:\/\/foks-lab.fr\/wp-content\/uploads\/2018\/06\/synoptic-1024x655.png\" class=\"vc_single_image-img attachment-large\" alt=\"\" title=\"synoptic\" srcset=\"https:\/\/foks-lab.fr\/wp-content\/uploads\/2018\/06\/synoptic-1024x655.png 1024w, https:\/\/foks-lab.fr\/wp-content\/uploads\/2018\/06\/synoptic-18x12.png 18w, https:\/\/foks-lab.fr\/wp-content\/uploads\/2018\/06\/synoptic-300x192.png 300w, https:\/\/foks-lab.fr\/wp-content\/uploads\/2018\/06\/synoptic-768x491.png 768w, https:\/\/foks-lab.fr\/wp-content\/uploads\/2018\/06\/synoptic-1536x983.png 1536w, https:\/\/foks-lab.fr\/wp-content\/uploads\/2018\/06\/synoptic-2048x1310.png 2048w, https:\/\/foks-lab.fr\/wp-content\/uploads\/2018\/06\/synoptic-700x448.png 700w\" sizes=\"(max-width: 1024px) 100vw, 1024px\" \/><\/div>\n\t\t<\/div>\n\t<\/div>\n<div      class=\"vc_row wpb_row section vc_row-fluid vc_inner  vc_custom_1507128027294\" style=' text-align:center;'><div class=\"full_section_inner clearfix\"><div class=\"wpb_column vc_column_container vc_col-sm-6\"><div class=\"vc_column-inner\"><div class=\"wpb_wrapper\">\n\t<div class=\"wpb_text_column wpb_content_element  vc_custom_1528452568475\">\n\t\t<div class=\"wpb_wrapper\">\n\t\t\t<h4 style=\"text-align: center;\"><span style=\"color: #d21151;\">Server application<br \/>\n<\/span><\/h4>\n\n\t\t<\/div> \n\t<\/div> \n\t<div class=\"wpb_text_column wpb_content_element\">\n\t\t<div class=\"wpb_wrapper\">\n\t\t\t<p style=\"text-align: left;\"><span style=\"color: #333333;\">Cette application permet de g\u00e9rer un parc de casques afin de synchroniser l&rsquo;exp\u00e9rience des visiteurs dans le cadre d&rsquo;une application de mus\u00e9ographie. L&rsquo;application serveur permet de d\u00e9marrer\/stopper l&rsquo;exp\u00e9rience, calibrer l&rsquo;orientation des casques, relancer une application cliente ou la totalit\u00e9 des applications affichant dans les casques.<\/span><\/p>\n\n\t\t<\/div> \n\t<\/div> <div class=\"separator  transparent\" style=\"margin-top: 40px;margin-bottom: 0px;\"><\/div>\n<\/div><\/div><\/div><div class=\"wpb_column vc_column_container vc_col-sm-6\"><div class=\"vc_column-inner\"><div class=\"wpb_wrapper\">\n\t<div class=\"wpb_text_column wpb_content_element  vc_custom_1528452572889\">\n\t\t<div class=\"wpb_wrapper\">\n\t\t\t<h4 style=\"text-align: center;\"><span style=\"color: #d21151;\">Client application<br \/>\n<\/span><\/h4>\n\n\t\t<\/div> \n\t<\/div> \n\t<div class=\"wpb_text_column wpb_content_element\">\n\t\t<div class=\"wpb_wrapper\">\n\t\t\t<p style=\"text-align: left;\"><span style=\"color: #333333;\">Cette application a \u00e9t\u00e9 d\u00e9velopp\u00e9e pour optimiser la lecture et le rendu d&rsquo;une vid\u00e9o 360\u00b0 dans un casque de R\u00e9alit\u00e9 Virtuelle (elle peut \u00eatre adapt\u00e9e \u00e0 l&rsquo;affichage de mondes virtuels).<\/span><\/p>\n<p style=\"text-align: left;\"><span style=\"color: #333333;\">Cette application cliente est g\u00e9r\u00e9e \u00e0 distance par l&rsquo;application serveur. La lecture et l&rsquo;arr\u00eat de l&rsquo;exp\u00e9rience virtuelle ne peuvent \u00eatre r\u00e9alis\u00e9s que par le guide en charge de la visite. D&rsquo;autres modes d&rsquo;interactions peuvent \u00eatre imagin\u00e9s en fonction des besoins.<\/span><\/p>\n<p style=\"text-align: left;\"><span style=\"color: #333333;\">Le calibrage du casque peut \u00eatre r\u00e9alis\u00e9 \u00e0 tout instant (command\u00e9 par l&rsquo;application serveur). L&rsquo;application cliente d\u00e9tecte si le casque est utilis\u00e9 pour adapter son affichage.<\/span><\/p>\n\n\t\t<\/div> \n\t<\/div> <div class=\"separator  transparent\" style=\"margin-top: 40px;margin-bottom: 0px;\"><\/div>\n<\/div><\/div><\/div><\/div><\/div><blockquote class='with_quote_icon' style='width: 40%%;'><i class='fa fa-quote-right' style='color: #d21151;'><\/i><h5 class='blockquote-text' style='color: #d21151;'>We can customize the application fiting your needs to add interactions, display 360 \u00b0 3D high resolution photos, use points of interest to change the visitor's point of view ... Let's imagine together your application !<\/h5><\/blockquote><\/div><\/div><\/div><\/div><\/div><\/section><div      class=\"vc_row wpb_row section vc_row-fluid  grid_section\" style=' text-align:left;'><div class=\"section_inner clearfix\"><div class='section_inner_margin clearfix'><div class=\"wpb_column vc_column_container vc_col-sm-12\"><div class=\"vc_column-inner\"><div class=\"wpb_wrapper\">\n\t<div class=\"wpb_text_column wpb_content_element  vc_custom_1528452353156\">\n\t\t<div class=\"wpb_wrapper\">\n\t\t\t<h3 style=\"text-align: center;\">Installation &amp; vente<\/h3>\n\n\t\t<\/div> \n\t<\/div> <div class=\"separator  small center\" style=\"margin-top: 18px;margin-bottom: 24px;background-color: #d21151;height: 1px;width: 50px;\"><\/div>\n\n\t<div class=\"wpb_text_column wpb_content_element\">\n\t\t<div class=\"wpb_wrapper\">\n\t\t\t<p>L&rsquo;application est distribu\u00e9e par Immersive Display. Elle a d\u00e9j\u00e0 \u00e9t\u00e9 utilis\u00e9e dans le sous-sol du th\u00e9\u00e2tre antique d&rsquo;Orange pour visualiser sa construction. Immersive Display a imagin\u00e9 cette installation (de la conception \u00e0 la mise en place des syst\u00e8mes) :\u00a0 une salle met \u00e0 disposition des visiteurs 30 postes \u00e9quip\u00e9s chacun d&rsquo;un casque Oculus Rift. Le guide utilise une tablette pour synchroniser la vid\u00e9o 360 pr\u00e9sent\u00e9e aux visiteurs.<\/p>\n\n\t\t<\/div> \n\t<\/div> <div      class=\"vc_row wpb_row section vc_row-fluid vc_inner  vc_custom_1528452367871 grid_section\" style=' text-align:left;'><div class=\"section_inner clearfix\"><div class='section_inner_margin clearfix'><div class=\"wpb_column vc_column_container vc_col-sm-6\"><div class=\"vc_column-inner\"><div class=\"wpb_wrapper\">\n\t<div class=\"wpb_text_column wpb_content_element  vc_custom_1524485998134\">\n\t\t<div class=\"wpb_wrapper\">\n\t\t\t<h4 style=\"text-align: center;\"><span style=\"color: #d21151;\">Immersive Display<\/span><\/h4>\n\n\t\t<\/div> \n\t<\/div> \n\t<div class=\"wpb_single_image wpb_content_element vc_align_center  vc_custom_1524487969198 qode_image_hover_darken\">\n\t\t<div class=\"wpb_wrapper\">\n\t\t\t\n\t\t\t<a href=\"http:\/\/www.immersive-display.com\" target=\"_blank\"><div class=\"vc_single_image-wrapper   vc_box_border_grey\"><img decoding=\"async\" width=\"300\" height=\"300\" src=\"https:\/\/foks-lab.fr\/wp-content\/uploads\/2018\/04\/ID-300x300.png\" class=\"vc_single_image-img attachment-medium\" alt=\"\" title=\"ID\" srcset=\"https:\/\/foks-lab.fr\/wp-content\/uploads\/2018\/04\/ID-300x300.png 300w, https:\/\/foks-lab.fr\/wp-content\/uploads\/2018\/04\/ID-150x150.png 150w, https:\/\/foks-lab.fr\/wp-content\/uploads\/2018\/04\/ID-12x12.png 12w, https:\/\/foks-lab.fr\/wp-content\/uploads\/2018\/04\/ID-500x500.png 500w, https:\/\/foks-lab.fr\/wp-content\/uploads\/2018\/04\/ID.png 512w\" sizes=\"(max-width: 300px) 100vw, 300px\" \/><\/div><\/a>\n\t\t<\/div>\n\t<\/div>\n<\/div><\/div><\/div><div class=\"wpb_column vc_column_container vc_col-sm-6\"><div class=\"vc_column-inner\"><div class=\"wpb_wrapper\">\n\t<div class=\"wpb_text_column wpb_content_element  vc_custom_1524485990338\">\n\t\t<div class=\"wpb_wrapper\">\n\t\t\t<h4 style=\"text-align: center;\"><span style=\"color: #d21151;\">Th\u00e9\u00e2tre Antique d&rsquo;Orange<\/span><\/h4>\n\n\t\t<\/div> \n\t<\/div> \n\t<div class=\"wpb_single_image wpb_content_element vc_align_center  vc_custom_1560432656921 qode_image_hover_darken\">\n\t\t<div class=\"wpb_wrapper\">\n\t\t\t\n\t\t\t<a href=\"https:\/\/www.theatre-antique.com\/\" target=\"_blank\"><div class=\"vc_single_image-wrapper   vc_box_border_grey\"><img decoding=\"async\" width=\"300\" height=\"300\" src=\"https:\/\/foks-lab.fr\/wp-content\/uploads\/2017\/06\/TAO-300x300.png\" class=\"vc_single_image-img attachment-medium\" alt=\"\" title=\"Th\u00e9\u00e2tre antique d&#039;Orange\" srcset=\"https:\/\/foks-lab.fr\/wp-content\/uploads\/2017\/06\/TAO-300x300.png 300w, https:\/\/foks-lab.fr\/wp-content\/uploads\/2017\/06\/TAO-12x12.png 12w, https:\/\/foks-lab.fr\/wp-content\/uploads\/2017\/06\/TAO-150x150.png 150w, https:\/\/foks-lab.fr\/wp-content\/uploads\/2017\/06\/TAO-500x500.png 500w, https:\/\/foks-lab.fr\/wp-content\/uploads\/2017\/06\/TAO.png 512w\" sizes=\"(max-width: 300px) 100vw, 300px\" \/><\/div><\/a>\n\t\t<\/div>\n\t<\/div>\n<\/div><\/div><\/div><\/div><\/div><\/div><\/div><\/div><\/div><\/div><\/div><\/div>\n<\/section>","protected":false},"excerpt":{"rendered":"RAVEN 360 est un ensemble applicatif permettant de g\u00e9rer une installation de mus\u00e9ographie pour le rendu de vid\u00e9os 360\u00b0 dans...","protected":false},"author":1,"featured_media":0,"parent":0,"menu_order":0,"comment_status":"closed","ping_status":"closed","template":"full_width.php","meta":{"inline_featured_image":false,"footnotes":""},"class_list":["post-16171","page","type-page","status-publish","hentry"],"yoast_head":"<!-- This site is optimized with the Yoast SEO plugin v24.4 - https:\/\/yoast.com\/wordpress\/plugins\/seo\/ -->\n<title>RAVEN360 - ensemble applicatif pour lecture de vid\u00e9os 360 dans les mus\u00e9es.<\/title>\n<meta name=\"description\" content=\"FOKS lab a d\u00e9velopp\u00e9 un ensemble applicatif (RAVEN360) permettant de g\u00e9rer une session de visualisation de vid\u00e9o 360 dans un mus\u00e9e. Le guide a le contr\u00f4le de la session et peut g\u00e9rer les postes des visiteurs \u00e0 loisir.\" \/>\n<meta name=\"robots\" content=\"index, follow, max-snippet:-1, max-image-preview:large, max-video-preview:-1\" \/>\n<link rel=\"canonical\" href=\"https:\/\/foks-lab.fr\/en\/raven360\" \/>\n<meta property=\"og:locale\" content=\"en_US\" \/>\n<meta property=\"og:type\" content=\"article\" \/>\n<meta property=\"og:title\" content=\"RAVEN360 - ensemble applicatif pour lecture de vid\u00e9os 360 dans les mus\u00e9es.\" \/>\n<meta property=\"og:description\" content=\"FOKS lab a d\u00e9velopp\u00e9 un ensemble applicatif (RAVEN360) permettant de g\u00e9rer une session de visualisation de vid\u00e9o 360 dans un mus\u00e9e. Le guide a le contr\u00f4le de la session et peut g\u00e9rer les postes des visiteurs \u00e0 loisir.\" \/>\n<meta property=\"og:url\" content=\"https:\/\/foks-lab.fr\/en\/raven360\" \/>\n<meta property=\"og:site_name\" content=\"FOKS lab\" \/>\n<meta property=\"article:modified_time\" content=\"2019-06-13T13:30:59+00:00\" \/>\n<meta name=\"twitter:card\" content=\"summary_large_image\" \/>\n<meta name=\"twitter:label1\" content=\"Est. reading time\" \/>\n\t<meta name=\"twitter:data1\" content=\"5 minutes\" \/>\n<script type=\"application\/ld+json\" class=\"yoast-schema-graph\">{\"@context\":\"https:\/\/schema.org\",\"@graph\":[{\"@type\":\"WebPage\",\"@id\":\"https:\/\/foks-lab.fr\/en\/raven360\",\"url\":\"https:\/\/foks-lab.fr\/en\/raven360\",\"name\":\"RAVEN360 - ensemble applicatif pour lecture de vid\u00e9os 360 dans les mus\u00e9es.\",\"isPartOf\":{\"@id\":\"https:\/\/foks-lab.fr\/en\/#website\"},\"datePublished\":\"2018-04-23T12:01:28+00:00\",\"dateModified\":\"2019-06-13T13:30:59+00:00\",\"description\":\"FOKS lab a d\u00e9velopp\u00e9 un ensemble applicatif (RAVEN360) permettant de g\u00e9rer une session de visualisation de vid\u00e9o 360 dans un mus\u00e9e. Le guide a le contr\u00f4le de la session et peut g\u00e9rer les postes des visiteurs \u00e0 loisir.\",\"breadcrumb\":{\"@id\":\"https:\/\/foks-lab.fr\/en\/raven360#breadcrumb\"},\"inLanguage\":\"en-US\",\"potentialAction\":[{\"@type\":\"ReadAction\",\"target\":[\"https:\/\/foks-lab.fr\/en\/raven360\"]}]},{\"@type\":\"BreadcrumbList\",\"@id\":\"https:\/\/foks-lab.fr\/en\/raven360#breadcrumb\",\"itemListElement\":[{\"@type\":\"ListItem\",\"position\":1,\"name\":\"Accueil\",\"item\":\"https:\/\/foks-lab.fr\/\"},{\"@type\":\"ListItem\",\"position\":2,\"name\":\"RAVEN 360\"}]},{\"@type\":\"WebSite\",\"@id\":\"https:\/\/foks-lab.fr\/en\/#website\",\"url\":\"https:\/\/foks-lab.fr\/en\/\",\"name\":\"FOKS lab\",\"description\":\"Cr\u00e9ateur d&#039;exp\u00e9riences immersives, R\u00e9alit\u00e9 Virtuelle &amp; Augment\u00e9e\",\"publisher\":{\"@id\":\"https:\/\/foks-lab.fr\/en\/#organization\"},\"potentialAction\":[{\"@type\":\"SearchAction\",\"target\":{\"@type\":\"EntryPoint\",\"urlTemplate\":\"https:\/\/foks-lab.fr\/en\/?s={search_term_string}\"},\"query-input\":{\"@type\":\"PropertyValueSpecification\",\"valueRequired\":true,\"valueName\":\"search_term_string\"}}],\"inLanguage\":\"en-US\"},{\"@type\":\"Organization\",\"@id\":\"https:\/\/foks-lab.fr\/en\/#organization\",\"name\":\"FOKS lab\",\"url\":\"https:\/\/foks-lab.fr\/en\/\",\"logo\":{\"@type\":\"ImageObject\",\"inLanguage\":\"en-US\",\"@id\":\"https:\/\/foks-lab.fr\/en\/#\/schema\/logo\/image\/\",\"url\":\"https:\/\/foks-lab.fr\/wp-content\/uploads\/2017\/02\/LOGO_NOIR_H51.png\",\"contentUrl\":\"https:\/\/foks-lab.fr\/wp-content\/uploads\/2017\/02\/LOGO_NOIR_H51.png\",\"width\":157,\"height\":51,\"caption\":\"FOKS lab\"},\"image\":{\"@id\":\"https:\/\/foks-lab.fr\/en\/#\/schema\/logo\/image\/\"},\"sameAs\":[\"https:\/\/www.linkedin.com\/in\/marc-le-renard-523b22124\"]}]}<\/script>\n<!-- \/ Yoast SEO plugin. -->","yoast_head_json":{"title":"RAVEN360 - ensemble applicatif pour lecture de vid\u00e9os 360 dans les mus\u00e9es.","description":"FOKS lab a d\u00e9velopp\u00e9 un ensemble applicatif (RAVEN360) permettant de g\u00e9rer une session de visualisation de vid\u00e9o 360 dans un mus\u00e9e. Le guide a le contr\u00f4le de la session et peut g\u00e9rer les postes des visiteurs \u00e0 loisir.","robots":{"index":"index","follow":"follow","max-snippet":"max-snippet:-1","max-image-preview":"max-image-preview:large","max-video-preview":"max-video-preview:-1"},"canonical":"https:\/\/foks-lab.fr\/en\/raven360","og_locale":"en_US","og_type":"article","og_title":"RAVEN360 - ensemble applicatif pour lecture de vid\u00e9os 360 dans les mus\u00e9es.","og_description":"FOKS lab a d\u00e9velopp\u00e9 un ensemble applicatif (RAVEN360) permettant de g\u00e9rer une session de visualisation de vid\u00e9o 360 dans un mus\u00e9e. Le guide a le contr\u00f4le de la session et peut g\u00e9rer les postes des visiteurs \u00e0 loisir.","og_url":"https:\/\/foks-lab.fr\/en\/raven360","og_site_name":"FOKS lab","article_modified_time":"2019-06-13T13:30:59+00:00","twitter_card":"summary_large_image","twitter_misc":{"Est. reading time":"5 minutes"},"schema":{"@context":"https:\/\/schema.org","@graph":[{"@type":"WebPage","@id":"https:\/\/foks-lab.fr\/en\/raven360","url":"https:\/\/foks-lab.fr\/en\/raven360","name":"RAVEN360 - ensemble applicatif pour lecture de vid\u00e9os 360 dans les mus\u00e9es.","isPartOf":{"@id":"https:\/\/foks-lab.fr\/en\/#website"},"datePublished":"2018-04-23T12:01:28+00:00","dateModified":"2019-06-13T13:30:59+00:00","description":"FOKS lab a d\u00e9velopp\u00e9 un ensemble applicatif (RAVEN360) permettant de g\u00e9rer une session de visualisation de vid\u00e9o 360 dans un mus\u00e9e. Le guide a le contr\u00f4le de la session et peut g\u00e9rer les postes des visiteurs \u00e0 loisir.","breadcrumb":{"@id":"https:\/\/foks-lab.fr\/en\/raven360#breadcrumb"},"inLanguage":"en-US","potentialAction":[{"@type":"ReadAction","target":["https:\/\/foks-lab.fr\/en\/raven360"]}]},{"@type":"BreadcrumbList","@id":"https:\/\/foks-lab.fr\/en\/raven360#breadcrumb","itemListElement":[{"@type":"ListItem","position":1,"name":"Accueil","item":"https:\/\/foks-lab.fr\/"},{"@type":"ListItem","position":2,"name":"RAVEN 360"}]},{"@type":"WebSite","@id":"https:\/\/foks-lab.fr\/en\/#website","url":"https:\/\/foks-lab.fr\/en\/","name":"FOKS lab","description":"Cr\u00e9ateur d&#039;exp\u00e9riences immersives, R\u00e9alit\u00e9 Virtuelle &amp; Augment\u00e9e","publisher":{"@id":"https:\/\/foks-lab.fr\/en\/#organization"},"potentialAction":[{"@type":"SearchAction","target":{"@type":"EntryPoint","urlTemplate":"https:\/\/foks-lab.fr\/en\/?s={search_term_string}"},"query-input":{"@type":"PropertyValueSpecification","valueRequired":true,"valueName":"search_term_string"}}],"inLanguage":"en-US"},{"@type":"Organization","@id":"https:\/\/foks-lab.fr\/en\/#organization","name":"FOKS lab","url":"https:\/\/foks-lab.fr\/en\/","logo":{"@type":"ImageObject","inLanguage":"en-US","@id":"https:\/\/foks-lab.fr\/en\/#\/schema\/logo\/image\/","url":"https:\/\/foks-lab.fr\/wp-content\/uploads\/2017\/02\/LOGO_NOIR_H51.png","contentUrl":"https:\/\/foks-lab.fr\/wp-content\/uploads\/2017\/02\/LOGO_NOIR_H51.png","width":157,"height":51,"caption":"FOKS lab"},"image":{"@id":"https:\/\/foks-lab.fr\/en\/#\/schema\/logo\/image\/"},"sameAs":["https:\/\/www.linkedin.com\/in\/marc-le-renard-523b22124"]}]}},"_links":{"self":[{"href":"https:\/\/foks-lab.fr\/en\/wp-json\/wp\/v2\/pages\/16171","targetHints":{"allow":["GET"]}}],"collection":[{"href":"https:\/\/foks-lab.fr\/en\/wp-json\/wp\/v2\/pages"}],"about":[{"href":"https:\/\/foks-lab.fr\/en\/wp-json\/wp\/v2\/types\/page"}],"author":[{"embeddable":true,"href":"https:\/\/foks-lab.fr\/en\/wp-json\/wp\/v2\/users\/1"}],"replies":[{"embeddable":true,"href":"https:\/\/foks-lab.fr\/en\/wp-json\/wp\/v2\/comments?post=16171"}],"version-history":[{"count":30,"href":"https:\/\/foks-lab.fr\/en\/wp-json\/wp\/v2\/pages\/16171\/revisions"}],"predecessor-version":[{"id":17051,"href":"https:\/\/foks-lab.fr\/en\/wp-json\/wp\/v2\/pages\/16171\/revisions\/17051"}],"wp:attachment":[{"href":"https:\/\/foks-lab.fr\/en\/wp-json\/wp\/v2\/media?parent=16171"}],"curies":[{"name":"wp","href":"https:\/\/api.w.org\/{rel}","templated":true}]}}