{"id":16183,"date":"2018-04-23T14:02:48","date_gmt":"2018-04-23T13:02:48","guid":{"rendered":"http:\/\/foks-lab.fr\/?page_id=16183"},"modified":"2019-05-17T09:59:37","modified_gmt":"2019-05-17T08:59:37","slug":"gruau-2","status":"publish","type":"page","link":"https:\/\/foks-lab.fr\/en\/gruau-2","title":{"rendered":"Communication GRUAU"},"content":{"rendered":"<section class=\"wpb-content-wrapper\"><section      data-speed=\"1\" class=\"parallax_section_holder\" style = \" height:px; background-image:url('https:\/\/foks-lab.fr\/wp-content\/uploads\/2017\/02\/AProposParallax2.jpg');\"><div class=\"parallax_content left\"><div class='parallax_section_inner_margin clearfix'><div class=\"wpb_column vc_column_container vc_col-sm-12\"><div class=\"vc_column-inner\"><div class=\"wpb_wrapper\"><div      class=\"vc_row wpb_row section vc_row-fluid vc_inner\" style=' padding-top:66px; padding-bottom:50px; text-align:left;'><div class=\"full_section_inner clearfix\"><div class=\"wpb_column vc_column_container vc_col-sm-12\"><div class=\"vc_column-inner\"><div class=\"wpb_wrapper\">\n\t<div class=\"wpb_text_column wpb_content_element\">\n\t\t<div class=\"wpb_wrapper\">\n\t\t\t<h3 style=\"text-align: center;\">Cardboard application development (Android &amp; iOS) for GRUAU<\/h3>\n\n\t\t<\/div> \n\t<\/div> <div class=\"separator  transparent\" style=\"margin-top: 40px;margin-bottom: 0px;\"><\/div>\n<blockquote class='with_quote_icon' style='width: 40%%;'><i class='fa fa-quote-right' style='color: #d21151;'><\/i><h5 class='blockquote-text' style='color: #d21151;'>As part of the Solutrans exhibition, FOKS lab was involved to create an immersive experience which presents new electric vehicles designed by GRUAU.<\/h5><\/blockquote><div class=\"separator  transparent\" style=\"margin-top: 40px;margin-bottom: 0px;\"><\/div>\n\n\t<div class=\"wpb_single_image wpb_content_element vc_align_center\">\n\t\t<div class=\"wpb_wrapper\">\n\t\t\t\n\t\t\t<div class=\"vc_single_image-wrapper   vc_box_border_grey\"><img fetchpriority=\"high\" decoding=\"async\" width=\"1024\" height=\"680\" src=\"https:\/\/foks-lab.fr\/wp-content\/uploads\/2018\/04\/gruauCardboard1-1024x680.jpg\" class=\"vc_single_image-img attachment-large\" alt=\"\" title=\"gruauCardboard1\" srcset=\"https:\/\/foks-lab.fr\/wp-content\/uploads\/2018\/04\/gruauCardboard1-1024x680.jpg 1024w, https:\/\/foks-lab.fr\/wp-content\/uploads\/2018\/04\/gruauCardboard1-18x12.jpg 18w, https:\/\/foks-lab.fr\/wp-content\/uploads\/2018\/04\/gruauCardboard1-300x199.jpg 300w, https:\/\/foks-lab.fr\/wp-content\/uploads\/2018\/04\/gruauCardboard1-768x510.jpg 768w, https:\/\/foks-lab.fr\/wp-content\/uploads\/2018\/04\/gruauCardboard1-700x465.jpg 700w, https:\/\/foks-lab.fr\/wp-content\/uploads\/2018\/04\/gruauCardboard1.jpg 1472w\" sizes=\"(max-width: 1024px) 100vw, 1024px\" \/><\/div>\n\t\t<\/div>\n\t<\/div>\n\n\t<div class=\"wpb_text_column wpb_content_element\">\n\t\t<div class=\"wpb_wrapper\">\n\t\t\t<p><span style=\"color: #333333;\">FOKS lab developped an application for GRUAU with Jean-Charles Druais (photographer &amp; videographer) to promote the new electrical converted vehicles designed by GRUAU. This application was done to be presented during the Solutrans exhibition. It enables to play 360\u00b0 videos with points of interest (PoI) to go from one video to an other just looking to the PoI. These PoI can be set up to create a simple and efficient scenario giving more interactivity to the user, giving him the chance to create its own experience.<\/span><\/p>\n\n\t\t<\/div> \n\t<\/div> <div class=\"separator  transparent\" style=\"margin-top: 40px;margin-bottom: 0px;\"><\/div>\n<\/div><\/div><\/div><\/div><\/div><\/div><\/div><\/div><\/div><\/div><\/section><div      class=\"vc_row wpb_row section vc_row-fluid  vc_custom_1558010350320 grid_section\" style=' text-align:left;'><div class=\"section_inner clearfix\"><div class='section_inner_margin clearfix'><div class=\"wpb_column vc_column_container vc_col-sm-12\"><div class=\"vc_column-inner\"><div class=\"wpb_wrapper\">\n\t<div class=\"wpb_text_column wpb_content_element\">\n\t\t<div class=\"wpb_wrapper\">\n\t\t\t<h3><\/h3>\n<h3 style=\"text-align: center;\">Partenaire &amp; client<\/h3>\n\n\t\t<\/div> \n\t<\/div> <blockquote class='with_quote_icon' style='width: 40%%;'><i class='fa fa-quote-right' style='color: #d21151;'><\/i><h5 class='blockquote-text' style='color: #d21151;'>The application was imagined by Jean-Charles Druais for GRUAU and developed by FOKS lab.<\/h5><\/blockquote><div      class=\"vc_row wpb_row section vc_row-fluid vc_inner  grid_section\" style=' text-align:left;'><div class=\"section_inner clearfix\"><div class='section_inner_margin clearfix'><div class=\"wpb_column vc_column_container vc_col-sm-6\"><div class=\"vc_column-inner\"><div class=\"wpb_wrapper\">\n\t<div class=\"wpb_text_column wpb_content_element  vc_custom_1524488776358\">\n\t\t<div class=\"wpb_wrapper\">\n\t\t\t<h4 style=\"text-align: center;\"><span style=\"color: #d21151;\">Jean-Charles DRUAIS<\/span><\/h4>\n\n\t\t<\/div> \n\t<\/div> \n\t<div class=\"wpb_single_image wpb_content_element vc_align_center  vc_custom_1524488796944 qode_image_hover_darken\">\n\t\t<div class=\"wpb_wrapper\">\n\t\t\t\n\t\t\t<a href=\"http:\/\/www.jean-charles-druais.fr\" target=\"_blank\"><div class=\"vc_single_image-wrapper   vc_box_border_grey\"><img decoding=\"async\" width=\"300\" height=\"300\" src=\"https:\/\/foks-lab.fr\/wp-content\/uploads\/2018\/04\/JCD-300x300.png\" class=\"vc_single_image-img attachment-medium\" alt=\"\" title=\"JCD\" srcset=\"https:\/\/foks-lab.fr\/wp-content\/uploads\/2018\/04\/JCD-300x300.png 300w, https:\/\/foks-lab.fr\/wp-content\/uploads\/2018\/04\/JCD-12x12.png 12w, https:\/\/foks-lab.fr\/wp-content\/uploads\/2018\/04\/JCD-150x150.png 150w, https:\/\/foks-lab.fr\/wp-content\/uploads\/2018\/04\/JCD-500x500.png 500w, https:\/\/foks-lab.fr\/wp-content\/uploads\/2018\/04\/JCD.png 512w\" sizes=\"(max-width: 300px) 100vw, 300px\" \/><\/div><\/a>\n\t\t<\/div>\n\t<\/div>\n<\/div><\/div><\/div><div class=\"wpb_column vc_column_container vc_col-sm-6\"><div class=\"vc_column-inner\"><div class=\"wpb_wrapper\">\n\t<div class=\"wpb_text_column wpb_content_element  vc_custom_1524491095454\">\n\t\t<div class=\"wpb_wrapper\">\n\t\t\t<h4 style=\"text-align: center;\"><span style=\"color: #d21151;\">GRUAU<\/span><\/h4>\n\n\t\t<\/div> \n\t<\/div> \n\t<div class=\"wpb_single_image wpb_content_element vc_align_center  vc_custom_1524488832246 qode_image_hover_darken\">\n\t\t<div class=\"wpb_wrapper\">\n\t\t\t\n\t\t\t<a href=\"http:\/\/www.gruau.com\" target=\"_blank\"><div class=\"vc_single_image-wrapper   vc_box_border_grey\"><img decoding=\"async\" width=\"300\" height=\"300\" src=\"https:\/\/foks-lab.fr\/wp-content\/uploads\/2018\/04\/gruau-300x300.png\" class=\"vc_single_image-img attachment-medium\" alt=\"\" title=\"gruau\" srcset=\"https:\/\/foks-lab.fr\/wp-content\/uploads\/2018\/04\/gruau-300x300.png 300w, https:\/\/foks-lab.fr\/wp-content\/uploads\/2018\/04\/gruau-12x12.png 12w, https:\/\/foks-lab.fr\/wp-content\/uploads\/2018\/04\/gruau-150x150.png 150w, https:\/\/foks-lab.fr\/wp-content\/uploads\/2018\/04\/gruau-500x500.png 500w, https:\/\/foks-lab.fr\/wp-content\/uploads\/2018\/04\/gruau.png 512w\" sizes=\"(max-width: 300px) 100vw, 300px\" \/><\/div><\/a>\n\t\t<\/div>\n\t<\/div>\n<\/div><\/div><\/div><\/div><\/div><\/div><\/div><\/div><\/div><\/div><\/div><\/div>\n<\/section>","protected":false},"excerpt":{"rendered":"D\u00e9veloppement d'une application cardboard (Android &amp; iOS) pour le compte de GRUAU Dans le cadre du salon Solutrans, FOKS lab...","protected":false},"author":1,"featured_media":0,"parent":0,"menu_order":0,"comment_status":"closed","ping_status":"closed","template":"full_width.php","meta":{"inline_featured_image":false,"footnotes":""},"class_list":["post-16183","page","type-page","status-publish","hentry"],"yoast_head":"<!-- This site is optimized with the Yoast SEO plugin v24.4 - https:\/\/yoast.com\/wordpress\/plugins\/seo\/ -->\n<title>GRUAU - application cardboard pour le salon Solutrans<\/title>\n<meta name=\"description\" content=\"FOKS lab a d\u00e9velopp\u00e9 une application cardboard avec Jean-Charles DRUAIS pour le compte de GRUAU dans le cadre du salon Solutrans afin de pr\u00e9senter de nouveaux v\u00e9hicules \u00e9lectriques con\u00e7us et am\u00e9nag\u00e9s par GRUAU\" \/>\n<meta name=\"robots\" content=\"index, follow, max-snippet:-1, max-image-preview:large, max-video-preview:-1\" \/>\n<link rel=\"canonical\" href=\"https:\/\/foks-lab.fr\/en\/gruau-2\/\" \/>\n<meta property=\"og:locale\" content=\"en_US\" \/>\n<meta property=\"og:type\" content=\"article\" \/>\n<meta property=\"og:title\" content=\"GRUAU - application cardboard pour le salon Solutrans\" \/>\n<meta property=\"og:description\" content=\"FOKS lab a d\u00e9velopp\u00e9 une application cardboard avec Jean-Charles DRUAIS pour le compte de GRUAU dans le cadre du salon Solutrans afin de pr\u00e9senter de nouveaux v\u00e9hicules \u00e9lectriques con\u00e7us et am\u00e9nag\u00e9s par GRUAU\" \/>\n<meta property=\"og:url\" content=\"https:\/\/foks-lab.fr\/en\/gruau-2\/\" \/>\n<meta property=\"og:site_name\" content=\"FOKS lab\" \/>\n<meta property=\"article:modified_time\" content=\"2019-05-17T08:59:37+00:00\" \/>\n<meta name=\"twitter:card\" content=\"summary_large_image\" \/>\n<meta name=\"twitter:label1\" content=\"Est. reading time\" \/>\n\t<meta name=\"twitter:data1\" content=\"2 minutes\" \/>\n<script type=\"application\/ld+json\" class=\"yoast-schema-graph\">{\"@context\":\"https:\/\/schema.org\",\"@graph\":[{\"@type\":\"WebPage\",\"@id\":\"https:\/\/foks-lab.fr\/gruau-2\",\"url\":\"https:\/\/foks-lab.fr\/gruau-2\",\"name\":\"GRUAU - application cardboard pour le salon Solutrans\",\"isPartOf\":{\"@id\":\"https:\/\/foks-lab.fr\/en\/#website\"},\"datePublished\":\"2018-04-23T13:02:48+00:00\",\"dateModified\":\"2019-05-17T08:59:37+00:00\",\"description\":\"FOKS lab a d\u00e9velopp\u00e9 une application cardboard avec Jean-Charles DRUAIS pour le compte de GRUAU dans le cadre du salon Solutrans afin de pr\u00e9senter de nouveaux v\u00e9hicules \u00e9lectriques con\u00e7us et am\u00e9nag\u00e9s par GRUAU\",\"breadcrumb\":{\"@id\":\"https:\/\/foks-lab.fr\/gruau-2#breadcrumb\"},\"inLanguage\":\"en-US\",\"potentialAction\":[{\"@type\":\"ReadAction\",\"target\":[\"https:\/\/foks-lab.fr\/gruau-2\"]}]},{\"@type\":\"BreadcrumbList\",\"@id\":\"https:\/\/foks-lab.fr\/gruau-2#breadcrumb\",\"itemListElement\":[{\"@type\":\"ListItem\",\"position\":1,\"name\":\"Accueil\",\"item\":\"https:\/\/foks-lab.fr\/\"},{\"@type\":\"ListItem\",\"position\":2,\"name\":\"Communication GRUAU\"}]},{\"@type\":\"WebSite\",\"@id\":\"https:\/\/foks-lab.fr\/en\/#website\",\"url\":\"https:\/\/foks-lab.fr\/en\/\",\"name\":\"FOKS lab\",\"description\":\"Cr\u00e9ateur d&#039;exp\u00e9riences immersives, R\u00e9alit\u00e9 Virtuelle &amp; Augment\u00e9e\",\"publisher\":{\"@id\":\"https:\/\/foks-lab.fr\/en\/#organization\"},\"potentialAction\":[{\"@type\":\"SearchAction\",\"target\":{\"@type\":\"EntryPoint\",\"urlTemplate\":\"https:\/\/foks-lab.fr\/en\/?s={search_term_string}\"},\"query-input\":{\"@type\":\"PropertyValueSpecification\",\"valueRequired\":true,\"valueName\":\"search_term_string\"}}],\"inLanguage\":\"en-US\"},{\"@type\":\"Organization\",\"@id\":\"https:\/\/foks-lab.fr\/en\/#organization\",\"name\":\"FOKS lab\",\"url\":\"https:\/\/foks-lab.fr\/en\/\",\"logo\":{\"@type\":\"ImageObject\",\"inLanguage\":\"en-US\",\"@id\":\"https:\/\/foks-lab.fr\/en\/#\/schema\/logo\/image\/\",\"url\":\"https:\/\/foks-lab.fr\/wp-content\/uploads\/2017\/02\/LOGO_NOIR_H51.png\",\"contentUrl\":\"https:\/\/foks-lab.fr\/wp-content\/uploads\/2017\/02\/LOGO_NOIR_H51.png\",\"width\":157,\"height\":51,\"caption\":\"FOKS lab\"},\"image\":{\"@id\":\"https:\/\/foks-lab.fr\/en\/#\/schema\/logo\/image\/\"},\"sameAs\":[\"https:\/\/www.linkedin.com\/in\/marc-le-renard-523b22124\"]}]}<\/script>\n<!-- \/ Yoast SEO plugin. -->","yoast_head_json":{"title":"GRUAU - application cardboard pour le salon Solutrans","description":"FOKS lab a d\u00e9velopp\u00e9 une application cardboard avec Jean-Charles DRUAIS pour le compte de GRUAU dans le cadre du salon Solutrans afin de pr\u00e9senter de nouveaux v\u00e9hicules \u00e9lectriques con\u00e7us et am\u00e9nag\u00e9s par GRUAU","robots":{"index":"index","follow":"follow","max-snippet":"max-snippet:-1","max-image-preview":"max-image-preview:large","max-video-preview":"max-video-preview:-1"},"canonical":"https:\/\/foks-lab.fr\/en\/gruau-2\/","og_locale":"en_US","og_type":"article","og_title":"GRUAU - application cardboard pour le salon Solutrans","og_description":"FOKS lab a d\u00e9velopp\u00e9 une application cardboard avec Jean-Charles DRUAIS pour le compte de GRUAU dans le cadre du salon Solutrans afin de pr\u00e9senter de nouveaux v\u00e9hicules \u00e9lectriques con\u00e7us et am\u00e9nag\u00e9s par GRUAU","og_url":"https:\/\/foks-lab.fr\/en\/gruau-2\/","og_site_name":"FOKS lab","article_modified_time":"2019-05-17T08:59:37+00:00","twitter_card":"summary_large_image","twitter_misc":{"Est. reading time":"2 minutes"},"schema":{"@context":"https:\/\/schema.org","@graph":[{"@type":"WebPage","@id":"https:\/\/foks-lab.fr\/gruau-2","url":"https:\/\/foks-lab.fr\/gruau-2","name":"GRUAU - application cardboard pour le salon Solutrans","isPartOf":{"@id":"https:\/\/foks-lab.fr\/en\/#website"},"datePublished":"2018-04-23T13:02:48+00:00","dateModified":"2019-05-17T08:59:37+00:00","description":"FOKS lab a d\u00e9velopp\u00e9 une application cardboard avec Jean-Charles DRUAIS pour le compte de GRUAU dans le cadre du salon Solutrans afin de pr\u00e9senter de nouveaux v\u00e9hicules \u00e9lectriques con\u00e7us et am\u00e9nag\u00e9s par GRUAU","breadcrumb":{"@id":"https:\/\/foks-lab.fr\/gruau-2#breadcrumb"},"inLanguage":"en-US","potentialAction":[{"@type":"ReadAction","target":["https:\/\/foks-lab.fr\/gruau-2"]}]},{"@type":"BreadcrumbList","@id":"https:\/\/foks-lab.fr\/gruau-2#breadcrumb","itemListElement":[{"@type":"ListItem","position":1,"name":"Accueil","item":"https:\/\/foks-lab.fr\/"},{"@type":"ListItem","position":2,"name":"Communication GRUAU"}]},{"@type":"WebSite","@id":"https:\/\/foks-lab.fr\/en\/#website","url":"https:\/\/foks-lab.fr\/en\/","name":"FOKS lab","description":"Cr\u00e9ateur d&#039;exp\u00e9riences immersives, R\u00e9alit\u00e9 Virtuelle &amp; Augment\u00e9e","publisher":{"@id":"https:\/\/foks-lab.fr\/en\/#organization"},"potentialAction":[{"@type":"SearchAction","target":{"@type":"EntryPoint","urlTemplate":"https:\/\/foks-lab.fr\/en\/?s={search_term_string}"},"query-input":{"@type":"PropertyValueSpecification","valueRequired":true,"valueName":"search_term_string"}}],"inLanguage":"en-US"},{"@type":"Organization","@id":"https:\/\/foks-lab.fr\/en\/#organization","name":"FOKS lab","url":"https:\/\/foks-lab.fr\/en\/","logo":{"@type":"ImageObject","inLanguage":"en-US","@id":"https:\/\/foks-lab.fr\/en\/#\/schema\/logo\/image\/","url":"https:\/\/foks-lab.fr\/wp-content\/uploads\/2017\/02\/LOGO_NOIR_H51.png","contentUrl":"https:\/\/foks-lab.fr\/wp-content\/uploads\/2017\/02\/LOGO_NOIR_H51.png","width":157,"height":51,"caption":"FOKS lab"},"image":{"@id":"https:\/\/foks-lab.fr\/en\/#\/schema\/logo\/image\/"},"sameAs":["https:\/\/www.linkedin.com\/in\/marc-le-renard-523b22124"]}]}},"_links":{"self":[{"href":"https:\/\/foks-lab.fr\/en\/wp-json\/wp\/v2\/pages\/16183","targetHints":{"allow":["GET"]}}],"collection":[{"href":"https:\/\/foks-lab.fr\/en\/wp-json\/wp\/v2\/pages"}],"about":[{"href":"https:\/\/foks-lab.fr\/en\/wp-json\/wp\/v2\/types\/page"}],"author":[{"embeddable":true,"href":"https:\/\/foks-lab.fr\/en\/wp-json\/wp\/v2\/users\/1"}],"replies":[{"embeddable":true,"href":"https:\/\/foks-lab.fr\/en\/wp-json\/wp\/v2\/comments?post=16183"}],"version-history":[{"count":22,"href":"https:\/\/foks-lab.fr\/en\/wp-json\/wp\/v2\/pages\/16183\/revisions"}],"predecessor-version":[{"id":16801,"href":"https:\/\/foks-lab.fr\/en\/wp-json\/wp\/v2\/pages\/16183\/revisions\/16801"}],"wp:attachment":[{"href":"https:\/\/foks-lab.fr\/en\/wp-json\/wp\/v2\/media?parent=16183"}],"curies":[{"name":"wp","href":"https:\/\/api.w.org\/{rel}","templated":true}]}}