{"id":16214,"date":"2018-04-23T15:04:30","date_gmt":"2018-04-23T14:04:30","guid":{"rendered":"http:\/\/foks-lab.fr\/?page_id=16214"},"modified":"2020-04-18T10:19:41","modified_gmt":"2020-04-18T09:19:41","slug":"references","status":"publish","type":"page","link":"https:\/\/foks-lab.fr\/en\/references","title":{"rendered":"References"},"content":{"rendered":"<section class=\"wpb-content-wrapper\"><div      class=\"vc_row wpb_row section vc_row-fluid  grid_section\" style=' text-align:left;'><div class=\"section_inner clearfix\"><div class='section_inner_margin clearfix'><div class=\"wpb_column vc_column_container vc_col-sm-12\"><div class=\"vc_column-inner\"><div class=\"wpb_wrapper\"><blockquote class='with_quote_icon' style=''><i class='fa fa-quote-right' style='color: #d21151;'><\/i><h5 class='blockquote-text' style='color: #d21151;'>FOKS lab has participated in projects some of which are detailed below<\/h5><\/blockquote>\n\t<div class=\"wpb_text_column wpb_content_element\">\n\t\t<div class=\"wpb_wrapper\">\n\t\t\t<p>Projects can be industrial, entertainment, marketing, museographic ... FOKS lab provides its skills to its clients to fit their needs and to create innovative immersive experiences easy to use and exploit. Feel free to contact us to explain us your project(s).<\/p>\n\n\t\t<\/div> \n\t<\/div> <\/div><\/div><\/div><\/div><\/div><\/div><div      class=\"vc_row wpb_row section vc_row-fluid  grid_section\" style=' text-align:left;'><div class=\"section_inner clearfix\"><div class='section_inner_margin clearfix'><div class=\"wpb_column vc_column_container vc_col-sm-12\"><div class=\"vc_column-inner\"><div class=\"wpb_wrapper\"><div class=\"masonry_gallery_holder\" data-parallax_item_speed=\"0.3\" data-parallax_item_offset=\"0\"><div class=\"grid-sizer\"><\/div><article class=\"masonry_gallery_item square_small standard\"><a itemprop=\"url\" href=\"https:\/\/foks-lab.fr\/en\/saulges-musee-de-prehistoire\/\" target=\"_blank\"><div class = \"masonry_gallery_image_holder\"><img fetchpriority=\"high\" decoding=\"async\" width=\"570\" height=\"570\" src=\"https:\/\/foks-lab.fr\/wp-content\/uploads\/2025\/02\/IMG_6174_1-570x570.jpg\" class=\"attachment-portfolio-square size-portfolio-square wp-post-image\" alt=\"\" srcset=\"https:\/\/foks-lab.fr\/wp-content\/uploads\/2025\/02\/IMG_6174_1-570x570.jpg 570w, https:\/\/foks-lab.fr\/wp-content\/uploads\/2025\/02\/IMG_6174_1-150x150.jpg 150w, https:\/\/foks-lab.fr\/wp-content\/uploads\/2025\/02\/IMG_6174_1-500x500.jpg 500w, https:\/\/foks-lab.fr\/wp-content\/uploads\/2025\/02\/IMG_6174_1-1000x1000.jpg 1000w, https:\/\/foks-lab.fr\/wp-content\/uploads\/2025\/02\/IMG_6174_1-650x650.jpg 650w, https:\/\/foks-lab.fr\/wp-content\/uploads\/2025\/02\/IMG_6174_1-1300x1300.jpg 1300w\" sizes=\"(max-width: 570px) 100vw, 570px\" \/><\/div><div class=\"masonry_gallery_item_outer\"><div class=\"masonry_gallery_item_inner\"><div class=\"masonry_gallery_item_content\"><h3 itemprop=\"name\">Exposition sur le climat<\/h3><\/div><\/div><\/div><\/a><\/article><article class=\"masonry_gallery_item square_small standard\"><a itemprop=\"url\" href=\"https:\/\/foks-lab.fr\/en\/simuverres-essilor\/\" target=\"_self\"><div class = \"masonry_gallery_image_holder\"><img decoding=\"async\" width=\"512\" height=\"512\" src=\"https:\/\/foks-lab.fr\/wp-content\/uploads\/2018\/09\/essilor.png\" class=\"attachment-portfolio-square size-portfolio-square wp-post-image\" alt=\"\" srcset=\"https:\/\/foks-lab.fr\/wp-content\/uploads\/2018\/09\/essilor.png 512w, https:\/\/foks-lab.fr\/wp-content\/uploads\/2018\/09\/essilor-12x12.png 12w, https:\/\/foks-lab.fr\/wp-content\/uploads\/2018\/09\/essilor-150x150.png 150w, https:\/\/foks-lab.fr\/wp-content\/uploads\/2018\/09\/essilor-300x300.png 300w, https:\/\/foks-lab.fr\/wp-content\/uploads\/2018\/09\/essilor-500x500.png 500w\" sizes=\"(max-width: 512px) 100vw, 512px\" \/><\/div><div class=\"masonry_gallery_item_outer\"><div class=\"masonry_gallery_item_inner\"><div class=\"masonry_gallery_item_content\"><h3 itemprop=\"name\">ESSILOR Simulator<\/h3><\/div><\/div><\/div><\/a><\/article><article class=\"masonry_gallery_item square_small standard\"><a itemprop=\"url\" href=\"http:\/\/foks-lab.fr\/en\/omenbyhp\/\" target=\"_self\"><div class = \"masonry_gallery_image_holder\"><img decoding=\"async\" width=\"512\" height=\"512\" src=\"https:\/\/foks-lab.fr\/wp-content\/uploads\/2018\/04\/Omen.png\" class=\"attachment-portfolio-square size-portfolio-square wp-post-image\" alt=\"\" srcset=\"https:\/\/foks-lab.fr\/wp-content\/uploads\/2018\/04\/Omen.png 512w, https:\/\/foks-lab.fr\/wp-content\/uploads\/2018\/04\/Omen-12x12.png 12w, https:\/\/foks-lab.fr\/wp-content\/uploads\/2018\/04\/Omen-150x150.png 150w, https:\/\/foks-lab.fr\/wp-content\/uploads\/2018\/04\/Omen-300x300.png 300w, https:\/\/foks-lab.fr\/wp-content\/uploads\/2018\/04\/Omen-500x500.png 500w\" sizes=\"(max-width: 512px) 100vw, 512px\" \/><\/div><div class=\"masonry_gallery_item_outer\"><div class=\"masonry_gallery_item_inner\"><div class=\"masonry_gallery_item_content\"><h3 itemprop=\"name\">OMEN by HP<\/h3><\/div><\/div><\/div><\/a><\/article><article class=\"masonry_gallery_item square_small standard\"><a itemprop=\"url\" href=\"http:\/\/foks-lab.fr\/en\/gruau-2\/\" target=\"_self\"><div class = \"masonry_gallery_image_holder\"><img loading=\"lazy\" decoding=\"async\" width=\"512\" height=\"512\" src=\"https:\/\/foks-lab.fr\/wp-content\/uploads\/2018\/04\/gruau-1.png\" class=\"attachment-portfolio-square size-portfolio-square wp-post-image\" alt=\"\" srcset=\"https:\/\/foks-lab.fr\/wp-content\/uploads\/2018\/04\/gruau-1.png 512w, https:\/\/foks-lab.fr\/wp-content\/uploads\/2018\/04\/gruau-1-12x12.png 12w, https:\/\/foks-lab.fr\/wp-content\/uploads\/2018\/04\/gruau-1-150x150.png 150w, https:\/\/foks-lab.fr\/wp-content\/uploads\/2018\/04\/gruau-1-300x300.png 300w, https:\/\/foks-lab.fr\/wp-content\/uploads\/2018\/04\/gruau-1-500x500.png 500w\" sizes=\"(max-width: 512px) 100vw, 512px\" \/><\/div><div class=\"masonry_gallery_item_outer\"><div class=\"masonry_gallery_item_inner\"><div class=\"masonry_gallery_item_content\"><h3 itemprop=\"name\">GRUAU &#8211; Solutrans<\/h3><\/div><\/div><\/div><\/a><\/article><article class=\"masonry_gallery_item square_small standard\"><a itemprop=\"url\" href=\"http:\/\/foks-lab.fr\/en\/demo-1-1\/\" target=\"_self\"><div class = \"masonry_gallery_image_holder\"><img loading=\"lazy\" decoding=\"async\" width=\"570\" height=\"570\" src=\"https:\/\/foks-lab.fr\/wp-content\/uploads\/2019\/10\/Demo-VREscapeGameTraining-570x570.jpg\" class=\"attachment-portfolio-square size-portfolio-square wp-post-image\" alt=\"\" srcset=\"https:\/\/foks-lab.fr\/wp-content\/uploads\/2019\/10\/Demo-VREscapeGameTraining-570x570.jpg 570w, https:\/\/foks-lab.fr\/wp-content\/uploads\/2019\/10\/Demo-VREscapeGameTraining-650x650.jpg 650w, https:\/\/foks-lab.fr\/wp-content\/uploads\/2019\/10\/Demo-VREscapeGameTraining-1300x1300.jpg 1300w, https:\/\/foks-lab.fr\/wp-content\/uploads\/2019\/10\/Demo-VREscapeGameTraining-150x150.jpg 150w, https:\/\/foks-lab.fr\/wp-content\/uploads\/2019\/10\/Demo-VREscapeGameTraining-500x500.jpg 500w, https:\/\/foks-lab.fr\/wp-content\/uploads\/2019\/10\/Demo-VREscapeGameTraining-1000x1000.jpg 1000w\" sizes=\"(max-width: 570px) 100vw, 570px\" \/><\/div><div class=\"masonry_gallery_item_outer\"><div class=\"masonry_gallery_item_inner\"><div class=\"masonry_gallery_item_content\"><h3 itemprop=\"name\">Oculus Quest Demo<\/h3><\/div><\/div><\/div><\/a><\/article><article class=\"masonry_gallery_item square_small standard\"><a itemprop=\"url\" href=\"http:\/\/www.pixelevolution.fr\" target=\"_blank\"><div class = \"masonry_gallery_image_holder\"><img loading=\"lazy\" decoding=\"async\" width=\"512\" height=\"512\" src=\"https:\/\/foks-lab.fr\/wp-content\/uploads\/2020\/04\/PixelAR.png\" class=\"attachment-portfolio-square size-portfolio-square wp-post-image\" alt=\"\" srcset=\"https:\/\/foks-lab.fr\/wp-content\/uploads\/2020\/04\/PixelAR.png 512w, https:\/\/foks-lab.fr\/wp-content\/uploads\/2020\/04\/PixelAR-12x12.png 12w, https:\/\/foks-lab.fr\/wp-content\/uploads\/2020\/04\/PixelAR-150x150.png 150w, https:\/\/foks-lab.fr\/wp-content\/uploads\/2020\/04\/PixelAR-300x300.png 300w, https:\/\/foks-lab.fr\/wp-content\/uploads\/2020\/04\/PixelAR-500x500.png 500w\" sizes=\"(max-width: 512px) 100vw, 512px\" \/><\/div><div class=\"masonry_gallery_item_outer\"><div class=\"masonry_gallery_item_inner\"><div class=\"masonry_gallery_item_content\"><h3 itemprop=\"name\">Pixel Evolution AR<\/h3><\/div><\/div><\/div><\/a><\/article><article class=\"masonry_gallery_item square_small standard\"><a itemprop=\"url\" href=\"http:\/\/foks-lab.fr\/en\/expertise\/\" target=\"_self\"><div class = \"masonry_gallery_image_holder\"><img loading=\"lazy\" decoding=\"async\" width=\"512\" height=\"512\" src=\"https:\/\/foks-lab.fr\/wp-content\/uploads\/2018\/04\/expertiseCLARTE.png\" class=\"attachment-portfolio-square size-portfolio-square wp-post-image\" alt=\"\" srcset=\"https:\/\/foks-lab.fr\/wp-content\/uploads\/2018\/04\/expertiseCLARTE.png 512w, https:\/\/foks-lab.fr\/wp-content\/uploads\/2018\/04\/expertiseCLARTE-12x12.png 12w, https:\/\/foks-lab.fr\/wp-content\/uploads\/2018\/04\/expertiseCLARTE-150x150.png 150w, https:\/\/foks-lab.fr\/wp-content\/uploads\/2018\/04\/expertiseCLARTE-300x300.png 300w, https:\/\/foks-lab.fr\/wp-content\/uploads\/2018\/04\/expertiseCLARTE-500x500.png 500w\" sizes=\"(max-width: 512px) 100vw, 512px\" \/><\/div><div class=\"masonry_gallery_item_outer\"><div class=\"masonry_gallery_item_inner\"><div class=\"masonry_gallery_item_content\"><h3 itemprop=\"name\">Consultancy for CLARTE<\/h3><\/div><\/div><\/div><\/a><\/article><article class=\"masonry_gallery_item square_small standard\"><a itemprop=\"url\" href=\"http:\/\/foks-lab.fr\/en\/formations\/\" target=\"_self\"><div class = \"masonry_gallery_image_holder\"><img loading=\"lazy\" decoding=\"async\" width=\"512\" height=\"512\" src=\"https:\/\/foks-lab.fr\/wp-content\/uploads\/2018\/04\/formationESIEA.png\" class=\"attachment-portfolio-square size-portfolio-square wp-post-image\" alt=\"\" srcset=\"https:\/\/foks-lab.fr\/wp-content\/uploads\/2018\/04\/formationESIEA.png 512w, https:\/\/foks-lab.fr\/wp-content\/uploads\/2018\/04\/formationESIEA-12x12.png 12w, https:\/\/foks-lab.fr\/wp-content\/uploads\/2018\/04\/formationESIEA-150x150.png 150w, https:\/\/foks-lab.fr\/wp-content\/uploads\/2018\/04\/formationESIEA-300x300.png 300w, https:\/\/foks-lab.fr\/wp-content\/uploads\/2018\/04\/formationESIEA-500x500.png 500w\" sizes=\"(max-width: 512px) 100vw, 512px\" \/><\/div><div class=\"masonry_gallery_item_outer\"><div class=\"masonry_gallery_item_inner\"><div class=\"masonry_gallery_item_content\"><h3 itemprop=\"name\">Teaching at ESIEA<\/h3><\/div><\/div><\/div><\/a><\/article><article class=\"masonry_gallery_item square_small standard\"><a itemprop=\"url\" href=\"http:\/\/foks-lab.fr\/en\/formationuog\/\" target=\"_self\"><div class = \"masonry_gallery_image_holder\"><img loading=\"lazy\" decoding=\"async\" width=\"512\" height=\"512\" src=\"https:\/\/foks-lab.fr\/wp-content\/uploads\/2019\/05\/UniversityOfGreenwich2.png\" class=\"attachment-portfolio-square size-portfolio-square wp-post-image\" alt=\"\" srcset=\"https:\/\/foks-lab.fr\/wp-content\/uploads\/2019\/05\/UniversityOfGreenwich2.png 512w, https:\/\/foks-lab.fr\/wp-content\/uploads\/2019\/05\/UniversityOfGreenwich2-12x12.png 12w, https:\/\/foks-lab.fr\/wp-content\/uploads\/2019\/05\/UniversityOfGreenwich2-150x150.png 150w, https:\/\/foks-lab.fr\/wp-content\/uploads\/2019\/05\/UniversityOfGreenwich2-300x300.png 300w, https:\/\/foks-lab.fr\/wp-content\/uploads\/2019\/05\/UniversityOfGreenwich2-500x500.png 500w\" sizes=\"(max-width: 512px) 100vw, 512px\" \/><\/div><div class=\"masonry_gallery_item_outer\"><div class=\"masonry_gallery_item_inner\"><div class=\"masonry_gallery_item_content\"><h3 itemprop=\"name\">University of Greenwich<\/h3><\/div><\/div><\/div><\/a><\/article><article class=\"masonry_gallery_item square_small standard\"><a itemprop=\"url\" href=\"https:\/\/www.clarte-lab.fr\/offres\/formations\" target=\"_blank\"><div class = \"masonry_gallery_image_holder\"><img loading=\"lazy\" decoding=\"async\" width=\"512\" height=\"512\" src=\"https:\/\/foks-lab.fr\/wp-content\/uploads\/2019\/05\/formationsPRO_VR.png\" class=\"attachment-portfolio-square size-portfolio-square wp-post-image\" alt=\"\" srcset=\"https:\/\/foks-lab.fr\/wp-content\/uploads\/2019\/05\/formationsPRO_VR.png 512w, https:\/\/foks-lab.fr\/wp-content\/uploads\/2019\/05\/formationsPRO_VR-12x12.png 12w, https:\/\/foks-lab.fr\/wp-content\/uploads\/2019\/05\/formationsPRO_VR-150x150.png 150w, https:\/\/foks-lab.fr\/wp-content\/uploads\/2019\/05\/formationsPRO_VR-300x300.png 300w, https:\/\/foks-lab.fr\/wp-content\/uploads\/2019\/05\/formationsPRO_VR-500x500.png 500w\" sizes=\"(max-width: 512px) 100vw, 512px\" \/><\/div><div class=\"masonry_gallery_item_outer\"><div class=\"masonry_gallery_item_inner\"><div class=\"masonry_gallery_item_content\"><h3 itemprop=\"name\">Vocational training VR<\/h3><\/div><\/div><\/div><\/a><\/article><article class=\"masonry_gallery_item square_small standard\"><a itemprop=\"url\" href=\"https:\/\/www.clarte-lab.fr\/offres\/formations\" target=\"_blank\"><div class = \"masonry_gallery_image_holder\"><img loading=\"lazy\" decoding=\"async\" width=\"512\" height=\"512\" src=\"https:\/\/foks-lab.fr\/wp-content\/uploads\/2019\/05\/formationsPRO_AR.png\" class=\"attachment-portfolio-square size-portfolio-square wp-post-image\" alt=\"\" srcset=\"https:\/\/foks-lab.fr\/wp-content\/uploads\/2019\/05\/formationsPRO_AR.png 512w, https:\/\/foks-lab.fr\/wp-content\/uploads\/2019\/05\/formationsPRO_AR-12x12.png 12w, https:\/\/foks-lab.fr\/wp-content\/uploads\/2019\/05\/formationsPRO_AR-150x150.png 150w, https:\/\/foks-lab.fr\/wp-content\/uploads\/2019\/05\/formationsPRO_AR-300x300.png 300w, https:\/\/foks-lab.fr\/wp-content\/uploads\/2019\/05\/formationsPRO_AR-500x500.png 500w\" sizes=\"(max-width: 512px) 100vw, 512px\" \/><\/div><div class=\"masonry_gallery_item_outer\"><div class=\"masonry_gallery_item_inner\"><div class=\"masonry_gallery_item_content\"><h3 itemprop=\"name\">Vocational training AR<\/h3><\/div><\/div><\/div><\/a><\/article><article class=\"masonry_gallery_item square_small standard\"><a itemprop=\"url\" href=\"http:\/\/foks-lab.fr\/en\/raven360\/\" target=\"_self\"><div class = \"masonry_gallery_image_holder\"><img loading=\"lazy\" decoding=\"async\" width=\"570\" height=\"570\" src=\"https:\/\/foks-lab.fr\/wp-content\/uploads\/2018\/04\/dortmund-2197673-570x570.jpg\" class=\"attachment-portfolio-square size-portfolio-square wp-post-image\" alt=\"\" srcset=\"https:\/\/foks-lab.fr\/wp-content\/uploads\/2018\/04\/dortmund-2197673-570x570.jpg 570w, https:\/\/foks-lab.fr\/wp-content\/uploads\/2018\/04\/dortmund-2197673-650x650.jpg 650w, https:\/\/foks-lab.fr\/wp-content\/uploads\/2018\/04\/dortmund-2197673-1300x1300.jpg 1300w, https:\/\/foks-lab.fr\/wp-content\/uploads\/2018\/04\/dortmund-2197673-150x150.jpg 150w, https:\/\/foks-lab.fr\/wp-content\/uploads\/2018\/04\/dortmund-2197673-500x500.jpg 500w, https:\/\/foks-lab.fr\/wp-content\/uploads\/2018\/04\/dortmund-2197673-1000x1000.jpg 1000w\" sizes=\"(max-width: 570px) 100vw, 570px\" \/><\/div><div class=\"masonry_gallery_item_outer\"><div class=\"masonry_gallery_item_inner\"><div class=\"masonry_gallery_item_content\"><h3 itemprop=\"name\">RAVEN 360<\/h3><\/div><\/div><\/div><\/a><\/article><article class=\"masonry_gallery_item square_small standard\"><a itemprop=\"url\" href=\"https:\/\/foks-lab.fr\/en\/hashedtime\/\" target=\"_blank\"><div class = \"masonry_gallery_image_holder\"><img loading=\"lazy\" decoding=\"async\" width=\"512\" height=\"512\" src=\"https:\/\/foks-lab.fr\/wp-content\/uploads\/2019\/05\/hashedTime.png\" class=\"attachment-portfolio-square size-portfolio-square wp-post-image\" alt=\"\" srcset=\"https:\/\/foks-lab.fr\/wp-content\/uploads\/2019\/05\/hashedTime.png 512w, https:\/\/foks-lab.fr\/wp-content\/uploads\/2019\/05\/hashedTime-12x12.png 12w, https:\/\/foks-lab.fr\/wp-content\/uploads\/2019\/05\/hashedTime-150x150.png 150w, https:\/\/foks-lab.fr\/wp-content\/uploads\/2019\/05\/hashedTime-300x300.png 300w, https:\/\/foks-lab.fr\/wp-content\/uploads\/2019\/05\/hashedTime-500x500.png 500w\" sizes=\"(max-width: 512px) 100vw, 512px\" \/><\/div><div class=\"masonry_gallery_item_outer\"><div class=\"masonry_gallery_item_inner\"><div class=\"masonry_gallery_item_content\"><h3 itemprop=\"name\">#HashedTime<\/h3><\/div><\/div><\/div><\/a><\/article><\/div>\n\t<div class=\"wpb_text_column wpb_content_element  vc_custom_1528461627249\">\n\t\t<div class=\"wpb_wrapper\">\n\t\t\t<p style=\"text-align: center;\">You can read more about projects done before FOKS lab creation <a href=\"http:\/\/foks-lab.fr\/en\/projetsavantfokslab\/\"><span style=\"color: #d21151;\">[click here]<\/span><\/a><\/p>\n\n\t\t<\/div> \n\t<\/div> <\/div><\/div><\/div><\/div><\/div><\/div>\n<\/section>","protected":false},"excerpt":{"rendered":"","protected":false},"author":1,"featured_media":0,"parent":0,"menu_order":0,"comment_status":"closed","ping_status":"closed","template":"full_width.php","meta":{"inline_featured_image":false,"footnotes":""},"class_list":["post-16214","page","type-page","status-publish","hentry"],"yoast_head":"<!-- This site is optimized with the Yoast SEO plugin v24.4 - https:\/\/yoast.com\/wordpress\/plugins\/seo\/ -->\n<title>R\u00e9f\u00e9rences - FOKS lab<\/title>\n<meta name=\"robots\" content=\"index, follow, max-snippet:-1, max-image-preview:large, max-video-preview:-1\" \/>\n<link rel=\"canonical\" href=\"https:\/\/foks-lab.fr\/en\/references\/\" \/>\n<meta property=\"og:locale\" content=\"en_US\" \/>\n<meta property=\"og:type\" content=\"article\" \/>\n<meta property=\"og:title\" content=\"R\u00e9f\u00e9rences - FOKS lab\" \/>\n<meta property=\"og:url\" content=\"https:\/\/foks-lab.fr\/en\/references\/\" \/>\n<meta property=\"og:site_name\" content=\"FOKS lab\" \/>\n<meta property=\"article:modified_time\" content=\"2020-04-18T09:19:41+00:00\" \/>\n<meta name=\"twitter:card\" content=\"summary_large_image\" \/>\n<meta name=\"twitter:label1\" content=\"Est. reading time\" \/>\n\t<meta name=\"twitter:data1\" content=\"1 minute\" \/>\n<script type=\"application\/ld+json\" class=\"yoast-schema-graph\">{\"@context\":\"https:\/\/schema.org\",\"@graph\":[{\"@type\":\"WebPage\",\"@id\":\"https:\/\/foks-lab.fr\/references\",\"url\":\"https:\/\/foks-lab.fr\/references\",\"name\":\"R\u00e9f\u00e9rences - FOKS lab\",\"isPartOf\":{\"@id\":\"https:\/\/foks-lab.fr\/en\/#website\"},\"datePublished\":\"2018-04-23T14:04:30+00:00\",\"dateModified\":\"2020-04-18T09:19:41+00:00\",\"breadcrumb\":{\"@id\":\"https:\/\/foks-lab.fr\/references#breadcrumb\"},\"inLanguage\":\"en-US\",\"potentialAction\":[{\"@type\":\"ReadAction\",\"target\":[\"https:\/\/foks-lab.fr\/references\"]}]},{\"@type\":\"BreadcrumbList\",\"@id\":\"https:\/\/foks-lab.fr\/references#breadcrumb\",\"itemListElement\":[{\"@type\":\"ListItem\",\"position\":1,\"name\":\"Accueil\",\"item\":\"https:\/\/foks-lab.fr\/\"},{\"@type\":\"ListItem\",\"position\":2,\"name\":\"R\u00e9f\u00e9rences\"}]},{\"@type\":\"WebSite\",\"@id\":\"https:\/\/foks-lab.fr\/en\/#website\",\"url\":\"https:\/\/foks-lab.fr\/en\/\",\"name\":\"FOKS lab\",\"description\":\"Cr\u00e9ateur d&#039;exp\u00e9riences immersives, R\u00e9alit\u00e9 Virtuelle &amp; Augment\u00e9e\",\"publisher\":{\"@id\":\"https:\/\/foks-lab.fr\/en\/#organization\"},\"potentialAction\":[{\"@type\":\"SearchAction\",\"target\":{\"@type\":\"EntryPoint\",\"urlTemplate\":\"https:\/\/foks-lab.fr\/en\/?s={search_term_string}\"},\"query-input\":{\"@type\":\"PropertyValueSpecification\",\"valueRequired\":true,\"valueName\":\"search_term_string\"}}],\"inLanguage\":\"en-US\"},{\"@type\":\"Organization\",\"@id\":\"https:\/\/foks-lab.fr\/en\/#organization\",\"name\":\"FOKS lab\",\"url\":\"https:\/\/foks-lab.fr\/en\/\",\"logo\":{\"@type\":\"ImageObject\",\"inLanguage\":\"en-US\",\"@id\":\"https:\/\/foks-lab.fr\/en\/#\/schema\/logo\/image\/\",\"url\":\"https:\/\/foks-lab.fr\/wp-content\/uploads\/2017\/02\/LOGO_NOIR_H51.png\",\"contentUrl\":\"https:\/\/foks-lab.fr\/wp-content\/uploads\/2017\/02\/LOGO_NOIR_H51.png\",\"width\":157,\"height\":51,\"caption\":\"FOKS lab\"},\"image\":{\"@id\":\"https:\/\/foks-lab.fr\/en\/#\/schema\/logo\/image\/\"},\"sameAs\":[\"https:\/\/www.linkedin.com\/in\/marc-le-renard-523b22124\"]}]}<\/script>\n<!-- \/ Yoast SEO plugin. -->","yoast_head_json":{"title":"R\u00e9f\u00e9rences - FOKS lab","robots":{"index":"index","follow":"follow","max-snippet":"max-snippet:-1","max-image-preview":"max-image-preview:large","max-video-preview":"max-video-preview:-1"},"canonical":"https:\/\/foks-lab.fr\/en\/references\/","og_locale":"en_US","og_type":"article","og_title":"R\u00e9f\u00e9rences - FOKS lab","og_url":"https:\/\/foks-lab.fr\/en\/references\/","og_site_name":"FOKS lab","article_modified_time":"2020-04-18T09:19:41+00:00","twitter_card":"summary_large_image","twitter_misc":{"Est. reading time":"1 minute"},"schema":{"@context":"https:\/\/schema.org","@graph":[{"@type":"WebPage","@id":"https:\/\/foks-lab.fr\/references","url":"https:\/\/foks-lab.fr\/references","name":"R\u00e9f\u00e9rences - FOKS lab","isPartOf":{"@id":"https:\/\/foks-lab.fr\/en\/#website"},"datePublished":"2018-04-23T14:04:30+00:00","dateModified":"2020-04-18T09:19:41+00:00","breadcrumb":{"@id":"https:\/\/foks-lab.fr\/references#breadcrumb"},"inLanguage":"en-US","potentialAction":[{"@type":"ReadAction","target":["https:\/\/foks-lab.fr\/references"]}]},{"@type":"BreadcrumbList","@id":"https:\/\/foks-lab.fr\/references#breadcrumb","itemListElement":[{"@type":"ListItem","position":1,"name":"Accueil","item":"https:\/\/foks-lab.fr\/"},{"@type":"ListItem","position":2,"name":"R\u00e9f\u00e9rences"}]},{"@type":"WebSite","@id":"https:\/\/foks-lab.fr\/en\/#website","url":"https:\/\/foks-lab.fr\/en\/","name":"FOKS lab","description":"Cr\u00e9ateur d&#039;exp\u00e9riences immersives, R\u00e9alit\u00e9 Virtuelle &amp; Augment\u00e9e","publisher":{"@id":"https:\/\/foks-lab.fr\/en\/#organization"},"potentialAction":[{"@type":"SearchAction","target":{"@type":"EntryPoint","urlTemplate":"https:\/\/foks-lab.fr\/en\/?s={search_term_string}"},"query-input":{"@type":"PropertyValueSpecification","valueRequired":true,"valueName":"search_term_string"}}],"inLanguage":"en-US"},{"@type":"Organization","@id":"https:\/\/foks-lab.fr\/en\/#organization","name":"FOKS lab","url":"https:\/\/foks-lab.fr\/en\/","logo":{"@type":"ImageObject","inLanguage":"en-US","@id":"https:\/\/foks-lab.fr\/en\/#\/schema\/logo\/image\/","url":"https:\/\/foks-lab.fr\/wp-content\/uploads\/2017\/02\/LOGO_NOIR_H51.png","contentUrl":"https:\/\/foks-lab.fr\/wp-content\/uploads\/2017\/02\/LOGO_NOIR_H51.png","width":157,"height":51,"caption":"FOKS lab"},"image":{"@id":"https:\/\/foks-lab.fr\/en\/#\/schema\/logo\/image\/"},"sameAs":["https:\/\/www.linkedin.com\/in\/marc-le-renard-523b22124"]}]}},"_links":{"self":[{"href":"https:\/\/foks-lab.fr\/en\/wp-json\/wp\/v2\/pages\/16214","targetHints":{"allow":["GET"]}}],"collection":[{"href":"https:\/\/foks-lab.fr\/en\/wp-json\/wp\/v2\/pages"}],"about":[{"href":"https:\/\/foks-lab.fr\/en\/wp-json\/wp\/v2\/types\/page"}],"author":[{"embeddable":true,"href":"https:\/\/foks-lab.fr\/en\/wp-json\/wp\/v2\/users\/1"}],"replies":[{"embeddable":true,"href":"https:\/\/foks-lab.fr\/en\/wp-json\/wp\/v2\/comments?post=16214"}],"version-history":[{"count":19,"href":"https:\/\/foks-lab.fr\/en\/wp-json\/wp\/v2\/pages\/16214\/revisions"}],"predecessor-version":[{"id":17215,"href":"https:\/\/foks-lab.fr\/en\/wp-json\/wp\/v2\/pages\/16214\/revisions\/17215"}],"wp:attachment":[{"href":"https:\/\/foks-lab.fr\/en\/wp-json\/wp\/v2\/media?parent=16214"}],"curies":[{"name":"wp","href":"https:\/\/api.w.org\/{rel}","templated":true}]}}