{"id":16387,"date":"2018-09-19T08:59:16","date_gmt":"2018-09-19T07:59:16","guid":{"rendered":"http:\/\/foks-lab.fr\/?page_id=16387"},"modified":"2023-01-13T11:24:36","modified_gmt":"2023-01-13T10:24:36","slug":"simuverres-essilor","status":"publish","type":"page","link":"https:\/\/foks-lab.fr\/en\/simuverres-essilor","title":{"rendered":"Lens simulator"},"content":{"rendered":"<section class=\"wpb-content-wrapper\"><div      class=\"vc_row wpb_row section vc_row-fluid  vc_custom_1673605472293 grid_section\" style=' text-align:left;'><div class=\"section_inner clearfix\"><div class='section_inner_margin clearfix'><div class=\"wpb_column vc_column_container vc_col-sm-12\"><div class=\"vc_column-inner\"><div class=\"wpb_wrapper\">\n\t<div class=\"wpb_text_column wpb_content_element  vc_custom_1537370448789\">\n\t\t<div class=\"wpb_wrapper\">\n\t\t\t<h3 style=\"text-align: center;\">Involvment of FOKS lab in the ESSILOR simulator development<\/h3>\n\n\t\t<\/div> \n\t<\/div> <div class=\"separator  small center\" style=\"margin-top: 18px;margin-bottom: 24px;background-color: #d21151;height: 1px;width: 50px;\"><\/div>\n<blockquote class='with_quote_icon' style='width: 40%%;'><i class='fa fa-quote-right' style='color: #d21151;'><\/i><h5 class='blockquote-text' style='color: #d21151;'>Thanks to its expertise in simulators, FOKS lab has been involved in the development of the ESSILOR lens simulator.<\/h5><\/blockquote><\/div><\/div><\/div><\/div><\/div><\/div><section      data-speed=\"1\" class=\"parallax_section_holder\" style = \" height:px; background-image:url('https:\/\/foks-lab.fr\/wp-content\/uploads\/2015\/02\/home-parallax.jpg');\"><div class=\"parallax_content left\"><div class='parallax_section_inner_margin clearfix'><div class=\"wpb_column vc_column_container vc_col-sm-12\"><div class=\"vc_column-inner\"><div class=\"wpb_wrapper\"><div      class=\"vc_row wpb_row section vc_row-fluid vc_inner  vc_custom_1537384456319 grid_section\" style=' text-align:left;'><div class=\"section_inner clearfix\"><div class='section_inner_margin clearfix'><div class=\"wpb_column vc_column_container vc_col-sm-6\"><div class=\"vc_column-inner\"><div class=\"wpb_wrapper\">\n\t<div class=\"wpb_text_column wpb_content_element  vc_custom_1537379523267\">\n\t\t<div class=\"wpb_wrapper\">\n\t\t\t<h4 style=\"text-align: center;\"><span style=\"color: #d21151;\">New functionnalities<br \/>\n<\/span><\/h4>\n\n\t\t<\/div> \n\t<\/div> \n\t<div class=\"wpb_text_column wpb_content_element\">\n\t\t<div class=\"wpb_wrapper\">\n\t\t\t<p style=\"text-align: justify;\"><span style=\"color: #333333;\">Collaborating with ESSILOR vision service team, FOKS lab provided customized developments to update the ESSILOR simulator and bring new functionnalities to their VR glasses simulator. <\/span><\/p>\n<p style=\"text-align: justify;\"><span style=\"color: #333333;\">FOKS lab has implemented these features while maintaining the initial operating mode of the simulator. The new options are now available for ESSILOR Vision team.<\/span><\/p>\n\n\t\t<\/div> \n\t<\/div> <\/div><\/div><\/div><div class=\"wpb_column vc_column_container vc_col-sm-6\"><div class=\"vc_column-inner\"><div class=\"wpb_wrapper\">\n\t<div class=\"wpb_single_image wpb_content_element vc_align_left\">\n\t\t<div class=\"wpb_wrapper\">\n\t\t\t\n\t\t\t<div class=\"vc_single_image-wrapper   vc_box_border_grey\"><img fetchpriority=\"high\" decoding=\"async\" width=\"1024\" height=\"691\" src=\"https:\/\/foks-lab.fr\/wp-content\/uploads\/2018\/09\/wear-3154810-e1559806447944-1024x691.jpg\" class=\"vc_single_image-img attachment-large\" alt=\"\" title=\"wear-3154810\" srcset=\"https:\/\/foks-lab.fr\/wp-content\/uploads\/2018\/09\/wear-3154810-e1559806447944-1024x691.jpg 1024w, https:\/\/foks-lab.fr\/wp-content\/uploads\/2018\/09\/wear-3154810-e1559806447944-18x12.jpg 18w, https:\/\/foks-lab.fr\/wp-content\/uploads\/2018\/09\/wear-3154810-e1559806447944-300x202.jpg 300w, https:\/\/foks-lab.fr\/wp-content\/uploads\/2018\/09\/wear-3154810-e1559806447944-768x518.jpg 768w, https:\/\/foks-lab.fr\/wp-content\/uploads\/2018\/09\/wear-3154810-e1559806447944-1536x1037.jpg 1536w, https:\/\/foks-lab.fr\/wp-content\/uploads\/2018\/09\/wear-3154810-e1559806447944-700x472.jpg 700w, https:\/\/foks-lab.fr\/wp-content\/uploads\/2018\/09\/wear-3154810-e1559806447944.jpg 2048w\" sizes=\"(max-width: 1024px) 100vw, 1024px\" \/><\/div>\n\t\t<\/div>\n\t<\/div>\n<\/div><\/div><\/div><\/div><\/div><\/div><\/div><\/div><\/div><\/div><\/div><\/section><div      class=\"vc_row wpb_row section vc_row-fluid\" style=' text-align:left;'><div class=\"full_section_inner clearfix\"><div class=\"wpb_column vc_column_container vc_col-sm-12\"><div class=\"vc_column-inner\"><div class=\"wpb_wrapper\"><div      class=\"vc_row wpb_row section vc_row-fluid vc_inner  vc_custom_1537384462132 grid_section\" style=' text-align:left;'><div class=\"section_inner clearfix\"><div class='section_inner_margin clearfix'><div class=\"wpb_column vc_column_container vc_col-sm-6\"><div class=\"vc_column-inner\"><div class=\"wpb_wrapper\">\n\t<div class=\"wpb_single_image wpb_content_element vc_align_left\">\n\t\t<div class=\"wpb_wrapper\">\n\t\t\t\n\t\t\t<div class=\"vc_single_image-wrapper   vc_box_border_grey\"><img decoding=\"async\" width=\"1024\" height=\"683\" src=\"https:\/\/foks-lab.fr\/wp-content\/uploads\/2018\/09\/light-2565575-e1559806483993-1024x683.jpg\" class=\"vc_single_image-img attachment-large\" alt=\"\" title=\"light-2565575\" srcset=\"https:\/\/foks-lab.fr\/wp-content\/uploads\/2018\/09\/light-2565575-e1559806483993-1024x683.jpg 1024w, https:\/\/foks-lab.fr\/wp-content\/uploads\/2018\/09\/light-2565575-e1559806483993-1536x1024.jpg 1536w, https:\/\/foks-lab.fr\/wp-content\/uploads\/2018\/09\/light-2565575-e1559806483993-18x12.jpg 18w, https:\/\/foks-lab.fr\/wp-content\/uploads\/2018\/09\/light-2565575-e1559806483993-300x200.jpg 300w, https:\/\/foks-lab.fr\/wp-content\/uploads\/2018\/09\/light-2565575-e1559806483993-768x512.jpg 768w, https:\/\/foks-lab.fr\/wp-content\/uploads\/2018\/09\/light-2565575-e1559806483993-700x467.jpg 700w, https:\/\/foks-lab.fr\/wp-content\/uploads\/2018\/09\/light-2565575-e1559806483993.jpg 2048w\" sizes=\"(max-width: 1024px) 100vw, 1024px\" \/><\/div>\n\t\t<\/div>\n\t<\/div>\n<\/div><\/div><\/div><div class=\"wpb_column vc_column_container vc_col-sm-6\"><div class=\"vc_column-inner\"><div class=\"wpb_wrapper\">\n\t<div class=\"wpb_text_column wpb_content_element  vc_custom_1537379530131\">\n\t\t<div class=\"wpb_wrapper\">\n\t\t\t<h4 style=\"text-align: center;\"><span style=\"color: #d21151;\">Consultancy<br \/>\n<\/span><\/h4>\n\n\t\t<\/div> \n\t<\/div> \n\t<div class=\"wpb_text_column wpb_content_element\">\n\t\t<div class=\"wpb_wrapper\">\n\t\t\t<p><span style=\"color: #969696;\">FOKS lab shares its expertise by advising ESSILOR on new systems, peripherals or possible developments to improve performance or add features to the current simulator. This consultancy allows ESSILOR Vision team to better know the evolutions in the field of Virtual or Augmented \/ Mixed Reality and to think upstream about the various experiments that they will be able to carry out.<\/span><\/p>\n<p><span style=\"color: #a3a3a3;\">\u00a0<\/span><\/p>\n\n\t\t<\/div> \n\t<\/div> <\/div><\/div><\/div><\/div><\/div><\/div><\/div><\/div><\/div><\/div><\/div><section      data-speed=\"1\" class=\"parallax_section_holder\" style = \" height:px; background-image:url('https:\/\/foks-lab.fr\/wp-content\/uploads\/2015\/02\/home-parallax.jpg');\"><div class=\"parallax_content left\"><div class='parallax_section_inner_margin clearfix'><div class=\"wpb_column vc_column_container vc_col-sm-12\"><div class=\"vc_column-inner\"><div class=\"wpb_wrapper\"><div      class=\"vc_row wpb_row section vc_row-fluid vc_inner  vc_custom_1537384468288 grid_section\" style=' text-align:left;'><div class=\"section_inner clearfix\"><div class='section_inner_margin clearfix'><div class=\"wpb_column vc_column_container vc_col-sm-6\"><div class=\"vc_column-inner\"><div class=\"wpb_wrapper\">\n\t<div class=\"wpb_text_column wpb_content_element  vc_custom_1537379536534\">\n\t\t<div class=\"wpb_wrapper\">\n\t\t\t<h4 style=\"text-align: center;\"><span style=\"color: #d21151;\">D\u00e9ploiement &amp; support<br \/>\n<\/span><\/h4>\n\n\t\t<\/div> \n\t<\/div> \n\t<div class=\"wpb_text_column wpb_content_element\">\n\t\t<div class=\"wpb_wrapper\">\n\t\t\t<p><span style=\"color: #000000;\">FOKS lab did the deployment and support of new features at ESSILOR. Listening ESSILOR feedbacks, patches or updates have been created to satisfy all usage scenarios in the simulator.<\/span><\/p>\n<p><span style=\"color: #000000;\">\u00a0<\/span><\/p>\n\n\t\t<\/div> \n\t<\/div> <\/div><\/div><\/div><div class=\"wpb_column vc_column_container vc_col-sm-6\"><div class=\"vc_column-inner\"><div class=\"wpb_wrapper\">\n\t<div class=\"wpb_single_image wpb_content_element vc_align_left\">\n\t\t<div class=\"wpb_wrapper\">\n\t\t\t\n\t\t\t<div class=\"vc_single_image-wrapper   vc_box_border_grey\"><img decoding=\"async\" width=\"1024\" height=\"683\" src=\"https:\/\/foks-lab.fr\/wp-content\/uploads\/2018\/09\/girl-1281616-e1559806474569-1024x683.jpg\" class=\"vc_single_image-img attachment-large\" alt=\"\" title=\"girl-1281616\" srcset=\"https:\/\/foks-lab.fr\/wp-content\/uploads\/2018\/09\/girl-1281616-e1559806474569-1024x683.jpg 1024w, https:\/\/foks-lab.fr\/wp-content\/uploads\/2018\/09\/girl-1281616-e1559806474569-1536x1024.jpg 1536w, https:\/\/foks-lab.fr\/wp-content\/uploads\/2018\/09\/girl-1281616-e1559806474569-18x12.jpg 18w, https:\/\/foks-lab.fr\/wp-content\/uploads\/2018\/09\/girl-1281616-e1559806474569-300x200.jpg 300w, https:\/\/foks-lab.fr\/wp-content\/uploads\/2018\/09\/girl-1281616-e1559806474569-768x512.jpg 768w, https:\/\/foks-lab.fr\/wp-content\/uploads\/2018\/09\/girl-1281616-e1559806474569-700x467.jpg 700w, https:\/\/foks-lab.fr\/wp-content\/uploads\/2018\/09\/girl-1281616-e1559806474569.jpg 2048w\" sizes=\"(max-width: 1024px) 100vw, 1024px\" \/><\/div>\n\t\t<\/div>\n\t<\/div>\n<\/div><\/div><\/div><\/div><\/div><\/div><\/div><\/div><\/div><\/div><\/div><\/section><div      class=\"vc_row wpb_row section vc_row-fluid  vc_custom_1537437284547 grid_section\" style=' text-align:left;'><div class=\"section_inner clearfix\"><div class='section_inner_margin clearfix'><div class=\"wpb_column vc_column_container vc_col-sm-12\"><div class=\"vc_column-inner\"><div class=\"wpb_wrapper\"><blockquote class='with_quote_icon' style='width: 40%%;'><i class='fa fa-quote-right' style='color: #d21151;'><\/i><h5 class='blockquote-text' style='color: #d21151;'>The simulation department at ESSILOR trusted FOKS lab to provide these services.<\/h5><\/blockquote><div      class=\"vc_row wpb_row section vc_row-fluid vc_inner\" style=' text-align:left;'><div class=\"full_section_inner clearfix\"><div class=\"wpb_column vc_column_container vc_col-sm-4\"><div class=\"vc_column-inner\"><div class=\"wpb_wrapper\"><\/div><\/div><\/div><div class=\"wpb_column vc_column_container vc_col-sm-4\"><div class=\"vc_column-inner\"><div class=\"wpb_wrapper\">\n\t<div class=\"wpb_text_column wpb_content_element  vc_custom_1537383537127\">\n\t\t<div class=\"wpb_wrapper\">\n\t\t\t<h4 style=\"text-align: center;\"><span style=\"color: #d21151;\">ESSILOR<\/span><\/h4>\n\n\t\t<\/div> \n\t<\/div> \n\t<div class=\"wpb_single_image wpb_content_element vc_align_center  vc_custom_1537436711775 qode_image_hover_darken\">\n\t\t<div class=\"wpb_wrapper\">\n\t\t\t\n\t\t\t<a href=\"http:\/\/www.essilor.com\" target=\"_blank\"><div class=\"vc_single_image-wrapper   vc_box_border_grey\"><img loading=\"lazy\" decoding=\"async\" width=\"300\" height=\"300\" src=\"https:\/\/foks-lab.fr\/wp-content\/uploads\/2000\/01\/ESSILOR_over-300x300.png\" class=\"vc_single_image-img attachment-medium\" alt=\"\" title=\"ESSILOR_over\" srcset=\"https:\/\/foks-lab.fr\/wp-content\/uploads\/2000\/01\/ESSILOR_over-300x300.png 300w, https:\/\/foks-lab.fr\/wp-content\/uploads\/2000\/01\/ESSILOR_over-12x12.png 12w, https:\/\/foks-lab.fr\/wp-content\/uploads\/2000\/01\/ESSILOR_over-150x150.png 150w, https:\/\/foks-lab.fr\/wp-content\/uploads\/2000\/01\/ESSILOR_over-500x500.png 500w, https:\/\/foks-lab.fr\/wp-content\/uploads\/2000\/01\/ESSILOR_over.png 512w\" sizes=\"(max-width: 300px) 100vw, 300px\" \/><\/div><\/a>\n\t\t<\/div>\n\t<\/div>\n\n\t<div class=\"wpb_text_column wpb_content_element\">\n\t\t<div class=\"wpb_wrapper\">\n\t\t\t<p><strong>Essilor International<\/strong> (Euronext : EI) is a french society which designs and produces ophtalmic lenses and optical\/ophtalmic equipments. It is the <strong>largest manufacturer of ophthalmic lenses in the world<\/strong>.<\/p>\n\n\t\t<\/div> \n\t<\/div> <\/div><\/div><\/div><div class=\"wpb_column vc_column_container vc_col-sm-4\"><div class=\"vc_column-inner\"><div class=\"wpb_wrapper\"><\/div><\/div><\/div><\/div><\/div><\/div><\/div><\/div><\/div><\/div><\/div>\n<\/section>","protected":false},"excerpt":{"rendered":"Intervention de FOKS lab sur le simulateur de verres d'ESSILOR Fort de son expertise sur les simulateurs, FOKS lab est...","protected":false},"author":1,"featured_media":0,"parent":0,"menu_order":0,"comment_status":"closed","ping_status":"closed","template":"full_width.php","meta":{"inline_featured_image":false,"footnotes":""},"class_list":["post-16387","page","type-page","status-publish","hentry"],"yoast_head":"<!-- This site is optimized with the Yoast SEO plugin v24.4 - https:\/\/yoast.com\/wordpress\/plugins\/seo\/ -->\n<title>Simulateur de verres ESSILOR<\/title>\n<meta name=\"description\" content=\"Fort de son expertise sur les simulateurs, FOKS lab est intervenu sur le d\u00e9veloppement du simulateur de verres d&#039;ESSILOR.\" \/>\n<meta name=\"robots\" content=\"index, follow, max-snippet:-1, max-image-preview:large, max-video-preview:-1\" \/>\n<link rel=\"canonical\" href=\"https:\/\/foks-lab.fr\/en\/simuverres-essilor\/\" \/>\n<meta property=\"og:locale\" content=\"en_US\" \/>\n<meta property=\"og:type\" content=\"article\" \/>\n<meta property=\"og:title\" content=\"Simulateur de verres ESSILOR\" \/>\n<meta property=\"og:description\" content=\"Fort de son expertise sur les simulateurs, FOKS lab est intervenu sur le d\u00e9veloppement du simulateur de verres d&#039;ESSILOR.\" \/>\n<meta property=\"og:url\" content=\"https:\/\/foks-lab.fr\/en\/simuverres-essilor\/\" \/>\n<meta property=\"og:site_name\" content=\"FOKS lab\" \/>\n<meta property=\"article:modified_time\" content=\"2023-01-13T10:24:36+00:00\" \/>\n<meta name=\"twitter:card\" content=\"summary_large_image\" \/>\n<meta name=\"twitter:label1\" content=\"Est. reading time\" \/>\n\t<meta name=\"twitter:data1\" content=\"3 minutes\" \/>\n<script type=\"application\/ld+json\" class=\"yoast-schema-graph\">{\"@context\":\"https:\/\/schema.org\",\"@graph\":[{\"@type\":\"WebPage\",\"@id\":\"https:\/\/foks-lab.fr\/simuverres-essilor\",\"url\":\"https:\/\/foks-lab.fr\/simuverres-essilor\",\"name\":\"Simulateur de verres ESSILOR\",\"isPartOf\":{\"@id\":\"https:\/\/foks-lab.fr\/en\/#website\"},\"datePublished\":\"2018-09-19T07:59:16+00:00\",\"dateModified\":\"2023-01-13T10:24:36+00:00\",\"description\":\"Fort de son expertise sur les simulateurs, FOKS lab est intervenu sur le d\u00e9veloppement du simulateur de verres d'ESSILOR.\",\"breadcrumb\":{\"@id\":\"https:\/\/foks-lab.fr\/simuverres-essilor#breadcrumb\"},\"inLanguage\":\"en-US\",\"potentialAction\":[{\"@type\":\"ReadAction\",\"target\":[\"https:\/\/foks-lab.fr\/simuverres-essilor\"]}]},{\"@type\":\"BreadcrumbList\",\"@id\":\"https:\/\/foks-lab.fr\/simuverres-essilor#breadcrumb\",\"itemListElement\":[{\"@type\":\"ListItem\",\"position\":1,\"name\":\"Accueil\",\"item\":\"https:\/\/foks-lab.fr\/\"},{\"@type\":\"ListItem\",\"position\":2,\"name\":\"Simulateur de verres\"}]},{\"@type\":\"WebSite\",\"@id\":\"https:\/\/foks-lab.fr\/en\/#website\",\"url\":\"https:\/\/foks-lab.fr\/en\/\",\"name\":\"FOKS lab\",\"description\":\"Cr\u00e9ateur d&#039;exp\u00e9riences immersives, R\u00e9alit\u00e9 Virtuelle &amp; Augment\u00e9e\",\"publisher\":{\"@id\":\"https:\/\/foks-lab.fr\/en\/#organization\"},\"potentialAction\":[{\"@type\":\"SearchAction\",\"target\":{\"@type\":\"EntryPoint\",\"urlTemplate\":\"https:\/\/foks-lab.fr\/en\/?s={search_term_string}\"},\"query-input\":{\"@type\":\"PropertyValueSpecification\",\"valueRequired\":true,\"valueName\":\"search_term_string\"}}],\"inLanguage\":\"en-US\"},{\"@type\":\"Organization\",\"@id\":\"https:\/\/foks-lab.fr\/en\/#organization\",\"name\":\"FOKS lab\",\"url\":\"https:\/\/foks-lab.fr\/en\/\",\"logo\":{\"@type\":\"ImageObject\",\"inLanguage\":\"en-US\",\"@id\":\"https:\/\/foks-lab.fr\/en\/#\/schema\/logo\/image\/\",\"url\":\"https:\/\/foks-lab.fr\/wp-content\/uploads\/2017\/02\/LOGO_NOIR_H51.png\",\"contentUrl\":\"https:\/\/foks-lab.fr\/wp-content\/uploads\/2017\/02\/LOGO_NOIR_H51.png\",\"width\":157,\"height\":51,\"caption\":\"FOKS lab\"},\"image\":{\"@id\":\"https:\/\/foks-lab.fr\/en\/#\/schema\/logo\/image\/\"},\"sameAs\":[\"https:\/\/www.linkedin.com\/in\/marc-le-renard-523b22124\"]}]}<\/script>\n<!-- \/ Yoast SEO plugin. -->","yoast_head_json":{"title":"Simulateur de verres ESSILOR","description":"Fort de son expertise sur les simulateurs, FOKS lab est intervenu sur le d\u00e9veloppement du simulateur de verres d'ESSILOR.","robots":{"index":"index","follow":"follow","max-snippet":"max-snippet:-1","max-image-preview":"max-image-preview:large","max-video-preview":"max-video-preview:-1"},"canonical":"https:\/\/foks-lab.fr\/en\/simuverres-essilor\/","og_locale":"en_US","og_type":"article","og_title":"Simulateur de verres ESSILOR","og_description":"Fort de son expertise sur les simulateurs, FOKS lab est intervenu sur le d\u00e9veloppement du simulateur de verres d'ESSILOR.","og_url":"https:\/\/foks-lab.fr\/en\/simuverres-essilor\/","og_site_name":"FOKS lab","article_modified_time":"2023-01-13T10:24:36+00:00","twitter_card":"summary_large_image","twitter_misc":{"Est. reading time":"3 minutes"},"schema":{"@context":"https:\/\/schema.org","@graph":[{"@type":"WebPage","@id":"https:\/\/foks-lab.fr\/simuverres-essilor","url":"https:\/\/foks-lab.fr\/simuverres-essilor","name":"Simulateur de verres ESSILOR","isPartOf":{"@id":"https:\/\/foks-lab.fr\/en\/#website"},"datePublished":"2018-09-19T07:59:16+00:00","dateModified":"2023-01-13T10:24:36+00:00","description":"Fort de son expertise sur les simulateurs, FOKS lab est intervenu sur le d\u00e9veloppement du simulateur de verres d'ESSILOR.","breadcrumb":{"@id":"https:\/\/foks-lab.fr\/simuverres-essilor#breadcrumb"},"inLanguage":"en-US","potentialAction":[{"@type":"ReadAction","target":["https:\/\/foks-lab.fr\/simuverres-essilor"]}]},{"@type":"BreadcrumbList","@id":"https:\/\/foks-lab.fr\/simuverres-essilor#breadcrumb","itemListElement":[{"@type":"ListItem","position":1,"name":"Accueil","item":"https:\/\/foks-lab.fr\/"},{"@type":"ListItem","position":2,"name":"Simulateur de verres"}]},{"@type":"WebSite","@id":"https:\/\/foks-lab.fr\/en\/#website","url":"https:\/\/foks-lab.fr\/en\/","name":"FOKS lab","description":"Cr\u00e9ateur d&#039;exp\u00e9riences immersives, R\u00e9alit\u00e9 Virtuelle &amp; Augment\u00e9e","publisher":{"@id":"https:\/\/foks-lab.fr\/en\/#organization"},"potentialAction":[{"@type":"SearchAction","target":{"@type":"EntryPoint","urlTemplate":"https:\/\/foks-lab.fr\/en\/?s={search_term_string}"},"query-input":{"@type":"PropertyValueSpecification","valueRequired":true,"valueName":"search_term_string"}}],"inLanguage":"en-US"},{"@type":"Organization","@id":"https:\/\/foks-lab.fr\/en\/#organization","name":"FOKS lab","url":"https:\/\/foks-lab.fr\/en\/","logo":{"@type":"ImageObject","inLanguage":"en-US","@id":"https:\/\/foks-lab.fr\/en\/#\/schema\/logo\/image\/","url":"https:\/\/foks-lab.fr\/wp-content\/uploads\/2017\/02\/LOGO_NOIR_H51.png","contentUrl":"https:\/\/foks-lab.fr\/wp-content\/uploads\/2017\/02\/LOGO_NOIR_H51.png","width":157,"height":51,"caption":"FOKS lab"},"image":{"@id":"https:\/\/foks-lab.fr\/en\/#\/schema\/logo\/image\/"},"sameAs":["https:\/\/www.linkedin.com\/in\/marc-le-renard-523b22124"]}]}},"_links":{"self":[{"href":"https:\/\/foks-lab.fr\/en\/wp-json\/wp\/v2\/pages\/16387","targetHints":{"allow":["GET"]}}],"collection":[{"href":"https:\/\/foks-lab.fr\/en\/wp-json\/wp\/v2\/pages"}],"about":[{"href":"https:\/\/foks-lab.fr\/en\/wp-json\/wp\/v2\/types\/page"}],"author":[{"embeddable":true,"href":"https:\/\/foks-lab.fr\/en\/wp-json\/wp\/v2\/users\/1"}],"replies":[{"embeddable":true,"href":"https:\/\/foks-lab.fr\/en\/wp-json\/wp\/v2\/comments?post=16387"}],"version-history":[{"count":55,"href":"https:\/\/foks-lab.fr\/en\/wp-json\/wp\/v2\/pages\/16387\/revisions"}],"predecessor-version":[{"id":17491,"href":"https:\/\/foks-lab.fr\/en\/wp-json\/wp\/v2\/pages\/16387\/revisions\/17491"}],"wp:attachment":[{"href":"https:\/\/foks-lab.fr\/en\/wp-json\/wp\/v2\/media?parent=16387"}],"curies":[{"name":"wp","href":"https:\/\/api.w.org\/{rel}","templated":true}]}}