{"id":16590,"date":"2019-05-03T16:07:54","date_gmt":"2019-05-03T15:07:54","guid":{"rendered":"http:\/\/foks-lab.fr\/?page_id=16590"},"modified":"2019-05-17T10:08:41","modified_gmt":"2019-05-17T09:08:41","slug":"formationuog","status":"publish","type":"page","link":"https:\/\/foks-lab.fr\/en\/formationuog","title":{"rendered":"Formation \u00e0 l&rsquo;Universit\u00e9 de Greenwich"},"content":{"rendered":"<section class=\"wpb-content-wrapper\"><div      class=\"vc_row wpb_row section vc_row-fluid  grid_section\" style=' text-align:left;'><div class=\"section_inner clearfix\"><div class='section_inner_margin clearfix'><div class=\"wpb_column vc_column_container vc_col-sm-12\"><div class=\"vc_column-inner\"><div class=\"wpb_wrapper\">\n\t<div class=\"wpb_text_column wpb_content_element  vc_custom_1507196720361\">\n\t\t<div class=\"wpb_wrapper\">\n\t\t\t<h3 style=\"text-align: center;\">OpenGL<\/h3>\n\n\t\t<\/div> \n\t<\/div> \n\t<div class=\"wpb_text_column wpb_content_element  vc_custom_1539874382028\">\n\t\t<div class=\"wpb_wrapper\">\n\t\t\t<p>Working with OpenGL API for few years, I was called by University of Greenwich to teach in the game development cursus. I did a OpenGL course to introduce the OpenGL basics and to enable students to understand better how a video card is rendering 3D realtime objects on screen (storing vector objects in video memeory, developping shaders, ...)<\/p>\n\n\t\t<\/div> \n\t<\/div> <\/div><\/div><\/div><\/div><\/div><\/div><div      class=\"vc_row wpb_row section vc_row-fluid  vc_custom_1528451226234 grid_section\" style=' text-align:left;'><div class=\"section_inner clearfix\"><div class='section_inner_margin clearfix'><div class=\"wpb_column vc_column_container vc_col-sm-12\"><div class=\"vc_column-inner\"><div class=\"wpb_wrapper\"><div      class=\"vc_row wpb_row section vc_row-fluid vc_inner\" style=' text-align:left;'><div class=\"full_section_inner clearfix\"><div class=\"wpb_column vc_column_container vc_col-sm-12\"><div class=\"vc_column-inner\"><div class=\"wpb_wrapper\">\n\t<div class=\"wpb_text_column wpb_content_element  vc_custom_1507195961730\">\n\t\t<div class=\"wpb_wrapper\">\n\t\t\t<h4 style=\"text-align: center;\"><span style=\"color: #d21151;\">University of Greenwich<br \/>\n<\/span><\/h4>\n\n\t\t<\/div> \n\t<\/div> \n\t<div class=\"wpb_single_image wpb_content_element vc_align_center  vc_custom_1507196063666 qode_image_hover_darken\">\n\t\t<div class=\"wpb_wrapper\">\n\t\t\t\n\t\t\t<a href=\"https:\/\/www.gre.ac.uk\" target=\"_blank\"><div class=\"vc_single_image-wrapper   vc_box_border_grey\"><img fetchpriority=\"high\" decoding=\"async\" width=\"300\" height=\"300\" src=\"https:\/\/foks-lab.fr\/wp-content\/uploads\/2019\/05\/UniversityOfGreenwich-300x300.png\" class=\"vc_single_image-img attachment-medium\" alt=\"\" title=\"UniversityOfGreenwich\" srcset=\"https:\/\/foks-lab.fr\/wp-content\/uploads\/2019\/05\/UniversityOfGreenwich-300x300.png 300w, https:\/\/foks-lab.fr\/wp-content\/uploads\/2019\/05\/UniversityOfGreenwich-12x12.png 12w, https:\/\/foks-lab.fr\/wp-content\/uploads\/2019\/05\/UniversityOfGreenwich-150x150.png 150w, https:\/\/foks-lab.fr\/wp-content\/uploads\/2019\/05\/UniversityOfGreenwich-500x500.png 500w, https:\/\/foks-lab.fr\/wp-content\/uploads\/2019\/05\/UniversityOfGreenwich.png 512w\" sizes=\"(max-width: 300px) 100vw, 300px\" \/><\/div><\/a>\n\t\t<\/div>\n\t<\/div>\n\n\t<div class=\"wpb_text_column wpb_content_element\">\n\t\t<div class=\"wpb_wrapper\">\n\t\t\t<p style=\"text-align: left;\" class=\"translation-block\">The <b>University of Greenwich<\/b> is a university located in Greenwich, in the Royal Borough of Greenwich, in the Great London. It offers its students a development cursus to aquire skills in the video game field.<\/p>\n<p style=\"text-align: left;\">Course is done in english on the Greenwich campus.<\/p>\n\n\t\t<\/div> \n\t<\/div> <\/div><\/div><\/div><\/div><\/div><blockquote class='with_quote_icon' style='width: 40%%;'><i class='fa fa-quote-right' style='color: #d21151;'><\/i><h5 class='blockquote-text' style='color: #d21151;'>I was called to teach this course in english so students can better understand what is behind a 3D engine.<\/h5><\/blockquote><\/div><\/div><\/div><\/div><\/div><\/div><div      class=\"vc_row wpb_row section vc_row-fluid\" style=' text-align:left;'><div class=\"full_section_inner clearfix\"><div class=\"wpb_column vc_column_container vc_col-sm-12\"><div class=\"vc_column-inner\"><div class=\"wpb_wrapper\">\n\t<div class=\"wpb_text_column wpb_content_element\">\n\t\t<div class=\"wpb_wrapper\">\n\t\t\t\n\t\t<\/div> \n\t<\/div> <\/div><\/div><\/div><\/div><\/div>\n<\/section>","protected":false},"excerpt":{"rendered":"OpenGL Travaillant avec l'API OpenGL depuis de nombreuses ann\u00e9es j'ai \u00e9t\u00e9 contact\u00e9 par l'Universit\u00e9 de Greenwich pour intervenir dans leur...","protected":false},"author":1,"featured_media":0,"parent":0,"menu_order":0,"comment_status":"closed","ping_status":"closed","template":"full_width.php","meta":{"inline_featured_image":false,"footnotes":""},"class_list":["post-16590","page","type-page","status-publish","hentry"],"yoast_head":"<!-- This site is optimized with the Yoast SEO plugin v24.4 - https:\/\/yoast.com\/wordpress\/plugins\/seo\/ -->\n<title>Formation Universit\u00e9 de Greenwich \/ OpenGL<\/title>\n<meta name=\"description\" content=\"FOKS lab r\u00e9alise des formations dans les domaines de la R\u00e9alit\u00e9 Virtuelle\/Augment\u00e9e\/Mixte, en C\/C++, en utilisant Unity 3D ou d&#039;autres environnements\/API.\" \/>\n<meta name=\"robots\" content=\"index, follow, max-snippet:-1, max-image-preview:large, max-video-preview:-1\" \/>\n<link rel=\"canonical\" href=\"https:\/\/foks-lab.fr\/en\/formationuog\" \/>\n<meta property=\"og:locale\" content=\"en_US\" \/>\n<meta property=\"og:type\" content=\"article\" \/>\n<meta property=\"og:title\" content=\"Formation Universit\u00e9 de Greenwich \/ OpenGL\" \/>\n<meta property=\"og:description\" content=\"FOKS lab r\u00e9alise des formations dans les domaines de la R\u00e9alit\u00e9 Virtuelle\/Augment\u00e9e\/Mixte, en C\/C++, en utilisant Unity 3D ou d&#039;autres environnements\/API.\" \/>\n<meta property=\"og:url\" content=\"https:\/\/foks-lab.fr\/en\/formationuog\" \/>\n<meta property=\"og:site_name\" content=\"FOKS lab\" \/>\n<meta property=\"article:modified_time\" content=\"2019-05-17T09:08:41+00:00\" \/>\n<meta name=\"twitter:card\" content=\"summary_large_image\" \/>\n<meta name=\"twitter:label1\" content=\"Est. reading time\" \/>\n\t<meta name=\"twitter:data1\" content=\"2 minutes\" \/>\n<script type=\"application\/ld+json\" class=\"yoast-schema-graph\">{\"@context\":\"https:\/\/schema.org\",\"@graph\":[{\"@type\":\"WebPage\",\"@id\":\"https:\/\/foks-lab.fr\/en\/formationuog\",\"url\":\"https:\/\/foks-lab.fr\/en\/formationuog\",\"name\":\"Formation Universit\u00e9 de Greenwich \/ OpenGL\",\"isPartOf\":{\"@id\":\"https:\/\/foks-lab.fr\/en\/#website\"},\"datePublished\":\"2019-05-03T15:07:54+00:00\",\"dateModified\":\"2019-05-17T09:08:41+00:00\",\"description\":\"FOKS lab r\u00e9alise des formations dans les domaines de la R\u00e9alit\u00e9 Virtuelle\/Augment\u00e9e\/Mixte, en C\/C++, en utilisant Unity 3D ou d'autres environnements\/API.\",\"breadcrumb\":{\"@id\":\"https:\/\/foks-lab.fr\/en\/formationuog#breadcrumb\"},\"inLanguage\":\"en-US\",\"potentialAction\":[{\"@type\":\"ReadAction\",\"target\":[\"https:\/\/foks-lab.fr\/en\/formationuog\"]}]},{\"@type\":\"BreadcrumbList\",\"@id\":\"https:\/\/foks-lab.fr\/en\/formationuog#breadcrumb\",\"itemListElement\":[{\"@type\":\"ListItem\",\"position\":1,\"name\":\"Accueil\",\"item\":\"https:\/\/foks-lab.fr\/\"},{\"@type\":\"ListItem\",\"position\":2,\"name\":\"Formation \u00e0 l&rsquo;Universit\u00e9 de Greenwich\"}]},{\"@type\":\"WebSite\",\"@id\":\"https:\/\/foks-lab.fr\/en\/#website\",\"url\":\"https:\/\/foks-lab.fr\/en\/\",\"name\":\"FOKS lab\",\"description\":\"Cr\u00e9ateur d&#039;exp\u00e9riences immersives, R\u00e9alit\u00e9 Virtuelle &amp; Augment\u00e9e\",\"publisher\":{\"@id\":\"https:\/\/foks-lab.fr\/en\/#organization\"},\"potentialAction\":[{\"@type\":\"SearchAction\",\"target\":{\"@type\":\"EntryPoint\",\"urlTemplate\":\"https:\/\/foks-lab.fr\/en\/?s={search_term_string}\"},\"query-input\":{\"@type\":\"PropertyValueSpecification\",\"valueRequired\":true,\"valueName\":\"search_term_string\"}}],\"inLanguage\":\"en-US\"},{\"@type\":\"Organization\",\"@id\":\"https:\/\/foks-lab.fr\/en\/#organization\",\"name\":\"FOKS lab\",\"url\":\"https:\/\/foks-lab.fr\/en\/\",\"logo\":{\"@type\":\"ImageObject\",\"inLanguage\":\"en-US\",\"@id\":\"https:\/\/foks-lab.fr\/en\/#\/schema\/logo\/image\/\",\"url\":\"https:\/\/foks-lab.fr\/wp-content\/uploads\/2017\/02\/LOGO_NOIR_H51.png\",\"contentUrl\":\"https:\/\/foks-lab.fr\/wp-content\/uploads\/2017\/02\/LOGO_NOIR_H51.png\",\"width\":157,\"height\":51,\"caption\":\"FOKS lab\"},\"image\":{\"@id\":\"https:\/\/foks-lab.fr\/en\/#\/schema\/logo\/image\/\"},\"sameAs\":[\"https:\/\/www.linkedin.com\/in\/marc-le-renard-523b22124\"]}]}<\/script>\n<!-- \/ Yoast SEO plugin. -->","yoast_head_json":{"title":"Formation Universit\u00e9 de Greenwich \/ OpenGL","description":"FOKS lab r\u00e9alise des formations dans les domaines de la R\u00e9alit\u00e9 Virtuelle\/Augment\u00e9e\/Mixte, en C\/C++, en utilisant Unity 3D ou d'autres environnements\/API.","robots":{"index":"index","follow":"follow","max-snippet":"max-snippet:-1","max-image-preview":"max-image-preview:large","max-video-preview":"max-video-preview:-1"},"canonical":"https:\/\/foks-lab.fr\/en\/formationuog","og_locale":"en_US","og_type":"article","og_title":"Formation Universit\u00e9 de Greenwich \/ OpenGL","og_description":"FOKS lab r\u00e9alise des formations dans les domaines de la R\u00e9alit\u00e9 Virtuelle\/Augment\u00e9e\/Mixte, en C\/C++, en utilisant Unity 3D ou d'autres environnements\/API.","og_url":"https:\/\/foks-lab.fr\/en\/formationuog","og_site_name":"FOKS lab","article_modified_time":"2019-05-17T09:08:41+00:00","twitter_card":"summary_large_image","twitter_misc":{"Est. reading time":"2 minutes"},"schema":{"@context":"https:\/\/schema.org","@graph":[{"@type":"WebPage","@id":"https:\/\/foks-lab.fr\/en\/formationuog","url":"https:\/\/foks-lab.fr\/en\/formationuog","name":"Formation Universit\u00e9 de Greenwich \/ OpenGL","isPartOf":{"@id":"https:\/\/foks-lab.fr\/en\/#website"},"datePublished":"2019-05-03T15:07:54+00:00","dateModified":"2019-05-17T09:08:41+00:00","description":"FOKS lab r\u00e9alise des formations dans les domaines de la R\u00e9alit\u00e9 Virtuelle\/Augment\u00e9e\/Mixte, en C\/C++, en utilisant Unity 3D ou d'autres environnements\/API.","breadcrumb":{"@id":"https:\/\/foks-lab.fr\/en\/formationuog#breadcrumb"},"inLanguage":"en-US","potentialAction":[{"@type":"ReadAction","target":["https:\/\/foks-lab.fr\/en\/formationuog"]}]},{"@type":"BreadcrumbList","@id":"https:\/\/foks-lab.fr\/en\/formationuog#breadcrumb","itemListElement":[{"@type":"ListItem","position":1,"name":"Accueil","item":"https:\/\/foks-lab.fr\/"},{"@type":"ListItem","position":2,"name":"Formation \u00e0 l&rsquo;Universit\u00e9 de Greenwich"}]},{"@type":"WebSite","@id":"https:\/\/foks-lab.fr\/en\/#website","url":"https:\/\/foks-lab.fr\/en\/","name":"FOKS lab","description":"Cr\u00e9ateur d&#039;exp\u00e9riences immersives, R\u00e9alit\u00e9 Virtuelle &amp; Augment\u00e9e","publisher":{"@id":"https:\/\/foks-lab.fr\/en\/#organization"},"potentialAction":[{"@type":"SearchAction","target":{"@type":"EntryPoint","urlTemplate":"https:\/\/foks-lab.fr\/en\/?s={search_term_string}"},"query-input":{"@type":"PropertyValueSpecification","valueRequired":true,"valueName":"search_term_string"}}],"inLanguage":"en-US"},{"@type":"Organization","@id":"https:\/\/foks-lab.fr\/en\/#organization","name":"FOKS lab","url":"https:\/\/foks-lab.fr\/en\/","logo":{"@type":"ImageObject","inLanguage":"en-US","@id":"https:\/\/foks-lab.fr\/en\/#\/schema\/logo\/image\/","url":"https:\/\/foks-lab.fr\/wp-content\/uploads\/2017\/02\/LOGO_NOIR_H51.png","contentUrl":"https:\/\/foks-lab.fr\/wp-content\/uploads\/2017\/02\/LOGO_NOIR_H51.png","width":157,"height":51,"caption":"FOKS lab"},"image":{"@id":"https:\/\/foks-lab.fr\/en\/#\/schema\/logo\/image\/"},"sameAs":["https:\/\/www.linkedin.com\/in\/marc-le-renard-523b22124"]}]}},"_links":{"self":[{"href":"https:\/\/foks-lab.fr\/en\/wp-json\/wp\/v2\/pages\/16590","targetHints":{"allow":["GET"]}}],"collection":[{"href":"https:\/\/foks-lab.fr\/en\/wp-json\/wp\/v2\/pages"}],"about":[{"href":"https:\/\/foks-lab.fr\/en\/wp-json\/wp\/v2\/types\/page"}],"author":[{"embeddable":true,"href":"https:\/\/foks-lab.fr\/en\/wp-json\/wp\/v2\/users\/1"}],"replies":[{"embeddable":true,"href":"https:\/\/foks-lab.fr\/en\/wp-json\/wp\/v2\/comments?post=16590"}],"version-history":[{"count":16,"href":"https:\/\/foks-lab.fr\/en\/wp-json\/wp\/v2\/pages\/16590\/revisions"}],"predecessor-version":[{"id":16811,"href":"https:\/\/foks-lab.fr\/en\/wp-json\/wp\/v2\/pages\/16590\/revisions\/16811"}],"wp:attachment":[{"href":"https:\/\/foks-lab.fr\/en\/wp-json\/wp\/v2\/media?parent=16590"}],"curies":[{"name":"wp","href":"https:\/\/api.w.org\/{rel}","templated":true}]}}