{"id":16656,"date":"2019-05-07T08:06:54","date_gmt":"2019-05-07T07:06:54","guid":{"rendered":"http:\/\/foks-lab.fr\/?page_id=16656"},"modified":"2019-05-17T10:08:58","modified_gmt":"2019-05-17T09:08:58","slug":"hashedtime","status":"publish","type":"page","link":"https:\/\/foks-lab.fr\/en\/hashedtime","title":{"rendered":"HashedTime"},"content":{"rendered":"<section class=\"wpb-content-wrapper\"><div      class=\"vc_row wpb_row section vc_row-fluid  grid_section\" style=' text-align:left;'><div class=\"section_inner clearfix\"><div class='section_inner_margin clearfix'><div class=\"wpb_column vc_column_container vc_col-sm-12\"><div class=\"vc_column-inner\"><div class=\"wpb_wrapper\"><blockquote class='with_quote_icon' style=''><i class='fa fa-quote-right' style='color: #c90086;'><\/i><h5 class='blockquote-text' style='color: #d21151;'>FOKS lab developped the artistic piece #HashedTime presented in Turin in the Wild Mazzini gallery. This is the artist who speaks the best of the piece ! David Bihanic explains you #HashedTime below<\/h5><\/blockquote>\n\t<div class=\"wpb_video_widget wpb_content_element vc_clearfix   vc_video-aspect-ratio-169 vc_video-el-width-100 vc_video-align-center\" >\n\t\t<div class=\"wpb_wrapper\">\n\t\t\t\n\t\t\t<div class=\"wpb_video_wrapper\"><iframe width=\"1060\" height=\"596\" src=\"https:\/\/www.youtube.com\/embed\/UGK4UatlVZo?feature=oembed\" frameborder=\"0\" allow=\"accelerometer; autoplay; encrypted-media; gyroscope; picture-in-picture\" allowfullscreen><\/iframe><\/div>\n\t\t<\/div>\n\t<\/div>\n\n\t<div class=\"wpb_text_column wpb_content_element  vc_custom_1557394693204\">\n\t\t<div class=\"wpb_wrapper\">\n\t\t\t<p><span style=\"color: #000000;\"><em><strong>\u201cEven a stopped clock is right twice a day.\u201d \u2014 Marie von Ebner-Eschenbach<\/strong><\/em><\/span><\/p>\n<p class=\"colt\"><span style=\"color: #000000;\">\u201c#HashedTime\u201d is an original data artwork offering to follow in realtime the selection of key hashtags and image contents on the social networks Twitter and Instagram. More than a \u2018snapshot\u2019 of ongoing discussions and productions, this work allows the spectators\/viewers to compare, and thus establish links between favourite words and images across time (from 2006 to nowadays), depending on today\u2019s date: for instance, on Octobrer 7, 2006, 2007, 2008\u2026 2019. This way (featuring a read-off vertical of time), it becomes possible to track subjects people care about, as well as to guess their passion \u2014 in other words, the crowd\u2019s enthusiasm mounting, the fervor which erupt on the web \u2014, more broadly to follow the public debates and polemics. From this data board which constantly evolve, it emerges the picture of a deeply unstable world, a world of increasing uncertainty which recurrently oscillates between union and disunity, agreement and contradiction, a world on all sides crossed by doubt, contingency, steeped in controversy and animated by an endless variety of emotions.<\/span><\/p>\n\n\t\t<\/div> \n\t<\/div> <div class=\"separator  transparent\" style=\"\"><\/div>\n<\/div><\/div><\/div><\/div><\/div><\/div><div      class=\"vc_row wpb_row section vc_row-fluid  grid_section\" style=' text-align:left;'><div class=\"section_inner clearfix\"><div class='section_inner_margin clearfix'><div class=\"wpb_column vc_column_container vc_col-sm-3\"><div class=\"vc_column-inner\"><div class=\"wpb_wrapper\"><\/div><\/div><\/div><div class=\"wpb_column vc_column_container vc_col-sm-3\"><div class=\"vc_column-inner\"><div class=\"wpb_wrapper\"><\/div><\/div><\/div><div class=\"wpb_column vc_column_container vc_col-sm-3\"><div class=\"vc_column-inner\"><div class=\"wpb_wrapper\"><\/div><\/div><\/div><div class=\"wpb_column vc_column_container vc_col-sm-3\"><div class=\"vc_column-inner\"><div class=\"wpb_wrapper\"><\/div><\/div><\/div><\/div><\/div><\/div><div      class=\"vc_row wpb_row section vc_row-fluid  vc_custom_1558011911209\" style=' text-align:left;'><div class=\"full_section_inner clearfix\"><div class=\"wpb_column vc_column_container vc_col-sm-12\"><div class=\"vc_column-inner\"><div class=\"wpb_wrapper\"><div      class=\"vc_row wpb_row section vc_row-fluid vc_inner  grid_section\" style=' text-align:left;'><div class=\"section_inner clearfix\"><div class='section_inner_margin clearfix'><div class=\"wpb_column vc_column_container vc_col-sm-12\"><div class=\"vc_column-inner\"><div class=\"wpb_wrapper\">\n\t<div class=\"wpb_text_column wpb_content_element\">\n\t\t<div class=\"wpb_wrapper\">\n\t\t\t<h3 style=\"text-align: center;\">Partenaire &amp; Galerie<\/h3>\n\n\t\t<\/div> \n\t<\/div> <div class=\"separator  small center\" style=\"background-color: #d21151;\"><\/div>\n<blockquote class='with_quote_icon' style=''><i class='fa fa-quote-right' style='color: #d21151;'><\/i><h5 class='blockquote-text' style='color: #d21151;'>I worked with David Bihanic to achieve this artistic piece. We know each other for a long time and wanted to collaborate on an original project. The work is exposed in Wild Mazzini gallery in Turin \/ Italy.<\/h5><\/blockquote><\/div><\/div><\/div><\/div><\/div><\/div><div      class=\"vc_row wpb_row section vc_row-fluid vc_inner  grid_section\" style=' text-align:left;'><div class=\"section_inner clearfix\"><div class='section_inner_margin clearfix'><div class=\"wpb_column vc_column_container vc_col-sm-6\"><div class=\"vc_column-inner\"><div class=\"wpb_wrapper\">\n\t<div class=\"wpb_text_column wpb_content_element\">\n\t\t<div class=\"wpb_wrapper\">\n\t\t\t<h3 style=\"text-align: center;\"><span style=\"color: #d21151;\">David Bihanic<\/span><\/h3>\n\n\t\t<\/div> \n\t<\/div> \n\t<div class=\"wpb_single_image wpb_content_element vc_align_center  qode_image_hover_darken\">\n\t\t<div class=\"wpb_wrapper\">\n\t\t\t\n\t\t\t<a href=\"http:\/\/www.davidbihanic.com\/hashedtime_project\/\" target=\"_blank\"><div class=\"vc_single_image-wrapper   vc_box_border_grey\"><img fetchpriority=\"high\" decoding=\"async\" width=\"300\" height=\"300\" src=\"https:\/\/foks-lab.fr\/wp-content\/uploads\/2019\/05\/David_Bihanic-300x300.png\" class=\"vc_single_image-img attachment-medium\" alt=\"\" title=\"David_Bihanic\" srcset=\"https:\/\/foks-lab.fr\/wp-content\/uploads\/2019\/05\/David_Bihanic-300x300.png 300w, https:\/\/foks-lab.fr\/wp-content\/uploads\/2019\/05\/David_Bihanic-12x12.png 12w, https:\/\/foks-lab.fr\/wp-content\/uploads\/2019\/05\/David_Bihanic-150x150.png 150w, https:\/\/foks-lab.fr\/wp-content\/uploads\/2019\/05\/David_Bihanic-500x500.png 500w, https:\/\/foks-lab.fr\/wp-content\/uploads\/2019\/05\/David_Bihanic.png 512w\" sizes=\"(max-width: 300px) 100vw, 300px\" \/><\/div><\/a>\n\t\t<\/div>\n\t<\/div>\n<\/div><\/div><\/div><div class=\"wpb_column vc_column_container vc_col-sm-6\"><div class=\"vc_column-inner\"><div class=\"wpb_wrapper\">\n\t<div class=\"wpb_text_column wpb_content_element\">\n\t\t<div class=\"wpb_wrapper\">\n\t\t\t<h3 style=\"text-align: center;\"><span style=\"color: #ff2693;\"><span style=\"color: #d21151;\">Wild Mazzini<\/span><br \/>\n<\/span><\/h3>\n\n\t\t<\/div> \n\t<\/div> \n\t<div class=\"wpb_single_image wpb_content_element vc_align_center  qode_image_hover_darken\">\n\t\t<div class=\"wpb_wrapper\">\n\t\t\t\n\t\t\t<a href=\"http:\/\/www.wildmazzini.com\/en\/portfolio\/hashedtime-bihanic\/\" target=\"_blank\"><div class=\"vc_single_image-wrapper   vc_box_border_grey\"><img decoding=\"async\" width=\"300\" height=\"300\" src=\"https:\/\/foks-lab.fr\/wp-content\/uploads\/2019\/05\/WildMazzini-300x300.png\" class=\"vc_single_image-img attachment-medium\" alt=\"\" title=\"Wild Mazzini\" srcset=\"https:\/\/foks-lab.fr\/wp-content\/uploads\/2019\/05\/WildMazzini-300x300.png 300w, https:\/\/foks-lab.fr\/wp-content\/uploads\/2019\/05\/WildMazzini-12x12.png 12w, https:\/\/foks-lab.fr\/wp-content\/uploads\/2019\/05\/WildMazzini-150x150.png 150w, https:\/\/foks-lab.fr\/wp-content\/uploads\/2019\/05\/WildMazzini-500x500.png 500w, https:\/\/foks-lab.fr\/wp-content\/uploads\/2019\/05\/WildMazzini.png 512w\" sizes=\"(max-width: 300px) 100vw, 300px\" \/><\/div><\/a>\n\t\t<\/div>\n\t<\/div>\n<\/div><\/div><\/div><\/div><\/div><\/div><\/div><\/div><\/div><\/div><\/div><div      class=\"vc_row wpb_row section vc_row-fluid\" style=' text-align:left;'><div class=\"full_section_inner clearfix\"><div class=\"wpb_column vc_column_container vc_col-sm-12\"><div class=\"vc_column-inner\"><div class=\"wpb_wrapper\">\n\t<div class=\"wpb_text_column wpb_content_element\">\n\t\t<div class=\"wpb_wrapper\">\n\t\t\t\n\t\t<\/div> \n\t<\/div> <div class=\"separator  transparent\" style=\"\"><\/div>\n<\/div><\/div><\/div><\/div><\/div><div      class=\"vc_row wpb_row section vc_row-fluid\" style=' text-align:left;'><div class=\"full_section_inner clearfix\"><div class=\"wpb_column vc_column_container vc_col-sm-12\"><div class=\"vc_column-inner\"><div class=\"wpb_wrapper\">\n\t<div class=\"wpb_text_column wpb_content_element\">\n\t\t<div class=\"wpb_wrapper\">\n\t\t\t<p><\/p>\n\n\t\t<\/div> \n\t<\/div> <\/div><\/div><\/div><\/div><\/div>\n<\/section>","protected":false},"excerpt":{"rendered":"FOKS lab a r\u00e9alis\u00e9 le d\u00e9veloppement d'une oeuvre artistique expos\u00e9e \u00e0 Turin dans la galerie Wild Mazzini. C'est encore l'artiste...","protected":false},"author":1,"featured_media":0,"parent":0,"menu_order":0,"comment_status":"closed","ping_status":"closed","template":"full_width.php","meta":{"inline_featured_image":false,"footnotes":""},"class_list":["post-16656","page","type-page","status-publish","hentry"],"yoast_head":"<!-- This site is optimized with the Yoast SEO plugin v24.4 - https:\/\/yoast.com\/wordpress\/plugins\/seo\/ -->\n<title>HashedTime - FOKS lab<\/title>\n<meta name=\"robots\" content=\"index, follow, max-snippet:-1, max-image-preview:large, max-video-preview:-1\" \/>\n<link rel=\"canonical\" href=\"https:\/\/foks-lab.fr\/en\/hashedtime\/\" \/>\n<meta property=\"og:locale\" content=\"en_US\" \/>\n<meta property=\"og:type\" content=\"article\" \/>\n<meta property=\"og:title\" content=\"HashedTime - FOKS lab\" \/>\n<meta property=\"og:url\" content=\"https:\/\/foks-lab.fr\/en\/hashedtime\/\" \/>\n<meta property=\"og:site_name\" content=\"FOKS lab\" \/>\n<meta property=\"article:modified_time\" content=\"2019-05-17T09:08:58+00:00\" \/>\n<meta name=\"twitter:card\" content=\"summary_large_image\" \/>\n<meta name=\"twitter:label1\" content=\"Est. reading time\" \/>\n\t<meta name=\"twitter:data1\" content=\"4 minutes\" \/>\n<script type=\"application\/ld+json\" class=\"yoast-schema-graph\">{\"@context\":\"https:\/\/schema.org\",\"@graph\":[{\"@type\":\"WebPage\",\"@id\":\"https:\/\/foks-lab.fr\/hashedtime\",\"url\":\"https:\/\/foks-lab.fr\/hashedtime\",\"name\":\"HashedTime - FOKS lab\",\"isPartOf\":{\"@id\":\"https:\/\/foks-lab.fr\/en\/#website\"},\"datePublished\":\"2019-05-07T07:06:54+00:00\",\"dateModified\":\"2019-05-17T09:08:58+00:00\",\"breadcrumb\":{\"@id\":\"https:\/\/foks-lab.fr\/hashedtime#breadcrumb\"},\"inLanguage\":\"en-US\",\"potentialAction\":[{\"@type\":\"ReadAction\",\"target\":[\"https:\/\/foks-lab.fr\/hashedtime\"]}]},{\"@type\":\"BreadcrumbList\",\"@id\":\"https:\/\/foks-lab.fr\/hashedtime#breadcrumb\",\"itemListElement\":[{\"@type\":\"ListItem\",\"position\":1,\"name\":\"Accueil\",\"item\":\"https:\/\/foks-lab.fr\/\"},{\"@type\":\"ListItem\",\"position\":2,\"name\":\"HashedTime\"}]},{\"@type\":\"WebSite\",\"@id\":\"https:\/\/foks-lab.fr\/en\/#website\",\"url\":\"https:\/\/foks-lab.fr\/en\/\",\"name\":\"FOKS lab\",\"description\":\"Cr\u00e9ateur d&#039;exp\u00e9riences immersives, R\u00e9alit\u00e9 Virtuelle &amp; Augment\u00e9e\",\"publisher\":{\"@id\":\"https:\/\/foks-lab.fr\/en\/#organization\"},\"potentialAction\":[{\"@type\":\"SearchAction\",\"target\":{\"@type\":\"EntryPoint\",\"urlTemplate\":\"https:\/\/foks-lab.fr\/en\/?s={search_term_string}\"},\"query-input\":{\"@type\":\"PropertyValueSpecification\",\"valueRequired\":true,\"valueName\":\"search_term_string\"}}],\"inLanguage\":\"en-US\"},{\"@type\":\"Organization\",\"@id\":\"https:\/\/foks-lab.fr\/en\/#organization\",\"name\":\"FOKS lab\",\"url\":\"https:\/\/foks-lab.fr\/en\/\",\"logo\":{\"@type\":\"ImageObject\",\"inLanguage\":\"en-US\",\"@id\":\"https:\/\/foks-lab.fr\/en\/#\/schema\/logo\/image\/\",\"url\":\"https:\/\/foks-lab.fr\/wp-content\/uploads\/2017\/02\/LOGO_NOIR_H51.png\",\"contentUrl\":\"https:\/\/foks-lab.fr\/wp-content\/uploads\/2017\/02\/LOGO_NOIR_H51.png\",\"width\":157,\"height\":51,\"caption\":\"FOKS lab\"},\"image\":{\"@id\":\"https:\/\/foks-lab.fr\/en\/#\/schema\/logo\/image\/\"},\"sameAs\":[\"https:\/\/www.linkedin.com\/in\/marc-le-renard-523b22124\"]}]}<\/script>\n<!-- \/ Yoast SEO plugin. -->","yoast_head_json":{"title":"HashedTime - FOKS lab","robots":{"index":"index","follow":"follow","max-snippet":"max-snippet:-1","max-image-preview":"max-image-preview:large","max-video-preview":"max-video-preview:-1"},"canonical":"https:\/\/foks-lab.fr\/en\/hashedtime\/","og_locale":"en_US","og_type":"article","og_title":"HashedTime - FOKS lab","og_url":"https:\/\/foks-lab.fr\/en\/hashedtime\/","og_site_name":"FOKS lab","article_modified_time":"2019-05-17T09:08:58+00:00","twitter_card":"summary_large_image","twitter_misc":{"Est. reading time":"4 minutes"},"schema":{"@context":"https:\/\/schema.org","@graph":[{"@type":"WebPage","@id":"https:\/\/foks-lab.fr\/hashedtime","url":"https:\/\/foks-lab.fr\/hashedtime","name":"HashedTime - FOKS lab","isPartOf":{"@id":"https:\/\/foks-lab.fr\/en\/#website"},"datePublished":"2019-05-07T07:06:54+00:00","dateModified":"2019-05-17T09:08:58+00:00","breadcrumb":{"@id":"https:\/\/foks-lab.fr\/hashedtime#breadcrumb"},"inLanguage":"en-US","potentialAction":[{"@type":"ReadAction","target":["https:\/\/foks-lab.fr\/hashedtime"]}]},{"@type":"BreadcrumbList","@id":"https:\/\/foks-lab.fr\/hashedtime#breadcrumb","itemListElement":[{"@type":"ListItem","position":1,"name":"Accueil","item":"https:\/\/foks-lab.fr\/"},{"@type":"ListItem","position":2,"name":"HashedTime"}]},{"@type":"WebSite","@id":"https:\/\/foks-lab.fr\/en\/#website","url":"https:\/\/foks-lab.fr\/en\/","name":"FOKS lab","description":"Cr\u00e9ateur d&#039;exp\u00e9riences immersives, R\u00e9alit\u00e9 Virtuelle &amp; Augment\u00e9e","publisher":{"@id":"https:\/\/foks-lab.fr\/en\/#organization"},"potentialAction":[{"@type":"SearchAction","target":{"@type":"EntryPoint","urlTemplate":"https:\/\/foks-lab.fr\/en\/?s={search_term_string}"},"query-input":{"@type":"PropertyValueSpecification","valueRequired":true,"valueName":"search_term_string"}}],"inLanguage":"en-US"},{"@type":"Organization","@id":"https:\/\/foks-lab.fr\/en\/#organization","name":"FOKS lab","url":"https:\/\/foks-lab.fr\/en\/","logo":{"@type":"ImageObject","inLanguage":"en-US","@id":"https:\/\/foks-lab.fr\/en\/#\/schema\/logo\/image\/","url":"https:\/\/foks-lab.fr\/wp-content\/uploads\/2017\/02\/LOGO_NOIR_H51.png","contentUrl":"https:\/\/foks-lab.fr\/wp-content\/uploads\/2017\/02\/LOGO_NOIR_H51.png","width":157,"height":51,"caption":"FOKS lab"},"image":{"@id":"https:\/\/foks-lab.fr\/en\/#\/schema\/logo\/image\/"},"sameAs":["https:\/\/www.linkedin.com\/in\/marc-le-renard-523b22124"]}]}},"_links":{"self":[{"href":"https:\/\/foks-lab.fr\/en\/wp-json\/wp\/v2\/pages\/16656","targetHints":{"allow":["GET"]}}],"collection":[{"href":"https:\/\/foks-lab.fr\/en\/wp-json\/wp\/v2\/pages"}],"about":[{"href":"https:\/\/foks-lab.fr\/en\/wp-json\/wp\/v2\/types\/page"}],"author":[{"embeddable":true,"href":"https:\/\/foks-lab.fr\/en\/wp-json\/wp\/v2\/users\/1"}],"replies":[{"embeddable":true,"href":"https:\/\/foks-lab.fr\/en\/wp-json\/wp\/v2\/comments?post=16656"}],"version-history":[{"count":22,"href":"https:\/\/foks-lab.fr\/en\/wp-json\/wp\/v2\/pages\/16656\/revisions"}],"predecessor-version":[{"id":16813,"href":"https:\/\/foks-lab.fr\/en\/wp-json\/wp\/v2\/pages\/16656\/revisions\/16813"}],"wp:attachment":[{"href":"https:\/\/foks-lab.fr\/en\/wp-json\/wp\/v2\/media?parent=16656"}],"curies":[{"name":"wp","href":"https:\/\/api.w.org\/{rel}","templated":true}]}}